{"id":9000,"date":"2021-12-29T09:33:32","date_gmt":"2021-12-29T09:33:32","guid":{"rendered":"https:\/\/www.spaininvestorsday.com\/?page_id=9000"},"modified":"2022-01-05T16:19:23","modified_gmt":"2022-01-05T16:19:23","slug":"jose-maria-marin-quemada","status":"publish","type":"page","link":"https:\/\/www.spaininvestorsday.com\/en\/editions\/speakers\/jose-maria-marin-quemada\/","title":{"rendered":"Jos\u00e9 Mar\u00eda Mar\u00edn Quemada"},"content":{"rendered":"\t\t<div data-elementor-type=\"wp-page\" data-elementor-id=\"9000\" class=\"elementor elementor-9000 elementor-7689\" data-elementor-post-type=\"page\">\n\t\t\t\t\t\t<section class=\"elementor-section elementor-top-section elementor-element elementor-element-51dff2a6 elementor-section-boxed elementor-section-height-default elementor-section-height-default\" data-id=\"51dff2a6\" data-element_type=\"section\" data-settings=\"{&quot;background_background&quot;:&quot;classic&quot;}\">\n\t\t\t\t\t\t<div class=\"elementor-container elementor-column-gap-default\">\n\t\t\t\t\t<div class=\"elementor-column elementor-col-33 elementor-top-column elementor-element elementor-element-21135a66\" data-id=\"21135a66\" data-element_type=\"column\">\n\t\t\t<div class=\"elementor-widget-wrap\">\n\t\t\t\t\t\t\t<\/div>\n\t\t<\/div>\n\t\t\t\t<div class=\"elementor-column elementor-col-66 elementor-top-column elementor-element elementor-element-786fdadf\" data-id=\"786fdadf\" data-element_type=\"column\">\n\t\t\t<div class=\"elementor-widget-wrap elementor-element-populated\">\n\t\t\t\t\t\t<div class=\"elementor-element elementor-element-26700286 elementor-widget elementor-widget-text-editor\" data-id=\"26700286\" data-element_type=\"widget\" data-widget_type=\"text-editor.default\">\n\t\t\t\t<div class=\"elementor-widget-container\">\n\t\t\t\t\t\t\t\t\t<p>Jos\u00e9 Mar\u00eda Mar\u00edn Quemada<\/p>\t\t\t\t\t\t\t\t<\/div>\n\t\t\t\t<\/div>\n\t\t\t\t\t<\/div>\n\t\t<\/div>\n\t\t\t\t\t<\/div>\n\t\t<\/section>\n\t\t\t\t<section class=\"elementor-section elementor-top-section elementor-element elementor-element-5bc30e36 elementor-section-boxed elementor-section-height-default elementor-section-height-default\" data-id=\"5bc30e36\" data-element_type=\"section\">\n\t\t\t\t\t\t<div class=\"elementor-container elementor-column-gap-default\">\n\t\t\t\t\t<div class=\"elementor-column elementor-col-33 elementor-top-column elementor-element elementor-element-22d5145f\" data-id=\"22d5145f\" data-element_type=\"column\">\n\t\t\t<div class=\"elementor-widget-wrap elementor-element-populated\">\n\t\t\t\t\t\t<div class=\"elementor-element elementor-element-3b59a3f9 elementor-absolute elementor-hidden-mobile elementor-widget elementor-widget-image\" data-id=\"3b59a3f9\" data-element_type=\"widget\" data-settings=\"{&quot;_position&quot;:&quot;absolute&quot;}\" data-widget_type=\"image.default\">\n\t\t\t\t<div class=\"elementor-widget-container\">\n\t\t\t\t\t\t\t\t\t\t\t\t\t\t\t<img decoding=\"async\" src=\"https:\/\/www.spaininvestorsday.com\/wp-content\/uploads\/elementor\/thumbs\/Jose-Maria-Marin-Quemada-phfb36u40f9kcmyizqdqww1pe58ngbrx7vxpvm60gg.jpg\" title=\"Jose-Maria-Marin-Quemada\" alt=\"Jose-Maria-Marin-Quemada\" loading=\"lazy\" \/>\t\t\t\t\t\t\t\t\t\t\t\t\t\t\t<\/div>\n\t\t\t\t<\/div>\n\t\t\t\t<div class=\"elementor-element elementor-element-4a1dd34b elementor-hidden-desktop elementor-hidden-tablet elementor-widget elementor-widget-image\" data-id=\"4a1dd34b\" data-element_type=\"widget\" data-widget_type=\"image.default\">\n\t\t\t\t<div class=\"elementor-widget-container\">\n\t\t\t\t\t\t\t\t\t\t\t\t\t\t\t<img decoding=\"async\" src=\"https:\/\/www.spaininvestorsday.com\/wp-content\/uploads\/elementor\/thumbs\/Jose-Maria-Marin-Quemada-phfb36u40f9kcmyizqdqww1pe58ngbrx7vxpvm60gg.jpg\" title=\"Jose-Maria-Marin-Quemada\" alt=\"Jose-Maria-Marin-Quemada\" loading=\"lazy\" \/>\t\t\t\t\t\t\t\t\t\t\t\t\t\t\t<\/div>\n\t\t\t\t<\/div>\n\t\t\t\t\t<\/div>\n\t\t<\/div>\n\t\t\t\t<div class=\"elementor-column elementor-col-66 elementor-top-column elementor-element elementor-element-7d25d456\" data-id=\"7d25d456\" data-element_type=\"column\">\n\t\t\t<div class=\"elementor-widget-wrap elementor-element-populated\">\n\t\t\t\t\t\t<div class=\"elementor-element elementor-element-2f5ae8a9 elementor-widget elementor-widget-text-editor\" data-id=\"2f5ae8a9\" data-element_type=\"widget\" data-widget_type=\"text-editor.default\">\n\t\t\t\t<div class=\"elementor-widget-container\">\n\t\t\t\t\t\t\t\t\t<p><strong><span class=\"TextRun SCXW132890729 BCX9\" lang=\"EN-US\" xml:lang=\"EN-US\" data-contrast=\"auto\"><span class=\"NormalTextRun SCXW132890729 BCX9\">Former president of the National Commission of Markets and Competition (CNMC)<\/span><\/span><\/strong><span class=\"EOP SCXW132890729 BCX9\" data-ccp-props=\"{\">\u00a0<\/span><\/p><p><span data-contrast=\"auto\">Jos\u00e9 Mar\u00eda Mar\u00edn Quemada (born October 17, 1948, in Madrid, Spain) is a Spanish economist who served as the first president of the National Commission of Markets and Competition (CNMC) between 2013 and 2020.<\/span><span data-ccp-props=\"{\">\u00a0<\/span><\/p><p><span data-contrast=\"auto\">He was a director of the Bank of Spain and a member of its Governing Council from 2005 to 2013.\u00a0<\/span><span data-contrast=\"auto\">Until\u00a02004 he\u00a0held\u00a0different\u00a0positions in\u00a0private\u00a0companies.<\/span><span data-ccp-props=\"{\">\u00a0<\/span><\/p>\t\t\t\t\t\t\t\t<\/div>\n\t\t\t\t<\/div>\n\t\t\t\t\t<\/div>\n\t\t<\/div>\n\t\t\t\t\t<\/div>\n\t\t<\/section>\n\t\t\t\t<\/div>\n\t\t","protected":false},"excerpt":{"rendered":"<p>Jos\u00e9 Mar\u00eda Mar\u00edn Quemada Former president of the National Commission of Markets and Competition (CNMC)\u00a0 Jos\u00e9 Mar\u00eda Mar\u00edn Quemada (born October 17, 1948, in Madrid, Spain) is a Spanish economist who served as the first president of the National Commission of Markets and Competition (CNMC) between 2013 and 2020.\u00a0 He was a director of the&hellip; <a class=\"more-link\" href=\"https:\/\/www.spaininvestorsday.com\/en\/editions\/speakers\/jose-maria-marin-quemada\/\">Continue reading <span class=\"screen-reader-text\">Jos\u00e9 Mar\u00eda Mar\u00edn Quemada<\/span><\/a><\/p>\n","protected":false},"author":9,"featured_media":0,"parent":8627,"menu_order":0,"comment_status":"closed","ping_status":"closed","template":"elementor_header_footer","meta":{"inline_featured_image":false,"footnotes":""},"class_list":["post-9000","page","type-page","status-publish","hentry","entry"],"yoast_head":"<!-- This site is optimized with the Yoast SEO plugin v26.6 - https:\/\/yoast.com\/wordpress\/plugins\/seo\/ -->\n<title>Jos\u00e9 Mar\u00eda Mar\u00edn Quemada - Spain Investors Day<\/title>\n<meta name=\"robots\" content=\"index, follow, max-snippet:-1, max-image-preview:large, max-video-preview:-1\" \/>\n<link rel=\"canonical\" href=\"https:\/\/www.spaininvestorsday.com\/en\/editions\/speakers\/jose-maria-marin-quemada\/\" \/>\n<meta property=\"og:locale\" content=\"en_US\" \/>\n<meta property=\"og:type\" content=\"article\" \/>\n<meta property=\"og:title\" content=\"Jos\u00e9 Mar\u00eda Mar\u00edn Quemada - Spain Investors Day\" \/>\n<meta property=\"og:description\" content=\"Jos\u00e9 Mar\u00eda Mar\u00edn Quemada Former president of the National Commission of Markets and Competition (CNMC)\u00a0 Jos\u00e9 Mar\u00eda Mar\u00edn Quemada (born October 17, 1948, in Madrid, Spain) is a Spanish economist who served as the first president of the National Commission of Markets and Competition (CNMC) between 2013 and 2020.\u00a0 He was a director of the&hellip; Continue reading Jos\u00e9 Mar\u00eda Mar\u00edn Quemada\" \/>\n<meta property=\"og:url\" content=\"https:\/\/www.spaininvestorsday.com\/en\/editions\/speakers\/jose-maria-marin-quemada\/\" \/>\n<meta property=\"og:site_name\" content=\"Spain Investors Day\" \/>\n<meta property=\"article:modified_time\" content=\"2022-01-05T16:19:23+00:00\" \/>\n<meta property=\"og:image\" content=\"https:\/\/www.spaininvestorsday.com\/wp-content\/uploads\/elementor\/thumbs\/Jose-Maria-Marin-Quemada-phfb36u40f9kcmyizqdqww1pe58ngbrx7vxpvm60gg.jpg\" \/>\n<meta name=\"twitter:card\" content=\"summary_large_image\" \/>\n<script type=\"application\/ld+json\" class=\"yoast-schema-graph\">{\"@context\":\"https:\/\/schema.org\",\"@graph\":[{\"@type\":\"WebPage\",\"@id\":\"https:\/\/www.spaininvestorsday.com\/en\/editions\/speakers\/jose-maria-marin-quemada\/\",\"url\":\"https:\/\/www.spaininvestorsday.com\/en\/editions\/speakers\/jose-maria-marin-quemada\/\",\"name\":\"Jos\u00e9 Mar\u00eda Mar\u00edn Quemada - Spain Investors Day\",\"isPartOf\":{\"@id\":\"https:\/\/www.spaininvestorsday.com\/#website\"},\"primaryImageOfPage\":{\"@id\":\"https:\/\/www.spaininvestorsday.com\/en\/editions\/speakers\/jose-maria-marin-quemada\/#primaryimage\"},\"image\":{\"@id\":\"https:\/\/www.spaininvestorsday.com\/en\/editions\/speakers\/jose-maria-marin-quemada\/#primaryimage\"},\"thumbnailUrl\":\"https:\/\/www.spaininvestorsday.com\/wp-content\/uploads\/elementor\/thumbs\/Jose-Maria-Marin-Quemada-phfb36u40f9kcmyizqdqww1pe58ngbrx7vxpvm60gg.jpg\",\"datePublished\":\"2021-12-29T09:33:32+00:00\",\"dateModified\":\"2022-01-05T16:19:23+00:00\",\"breadcrumb\":{\"@id\":\"https:\/\/www.spaininvestorsday.com\/en\/editions\/speakers\/jose-maria-marin-quemada\/#breadcrumb\"},\"inLanguage\":\"en-US\",\"potentialAction\":[{\"@type\":\"ReadAction\",\"target\":[\"https:\/\/www.spaininvestorsday.com\/en\/editions\/speakers\/jose-maria-marin-quemada\/\"]}]},{\"@type\":\"ImageObject\",\"inLanguage\":\"en-US\",\"@id\":\"https:\/\/www.spaininvestorsday.com\/en\/editions\/speakers\/jose-maria-marin-quemada\/#primaryimage\",\"url\":\"https:\/\/www.spaininvestorsday.com\/wp-content\/uploads\/elementor\/thumbs\/Jose-Maria-Marin-Quemada-phfb36u40f9kcmyizqdqww1pe58ngbrx7vxpvm60gg.jpg\",\"contentUrl\":\"https:\/\/www.spaininvestorsday.com\/wp-content\/uploads\/elementor\/thumbs\/Jose-Maria-Marin-Quemada-phfb36u40f9kcmyizqdqww1pe58ngbrx7vxpvm60gg.jpg\"},{\"@type\":\"BreadcrumbList\",\"@id\":\"https:\/\/www.spaininvestorsday.com\/en\/editions\/speakers\/jose-maria-marin-quemada\/#breadcrumb\",\"itemListElement\":[{\"@type\":\"ListItem\",\"position\":1,\"name\":\"Portada\",\"item\":\"https:\/\/www.spaininvestorsday.com\/\"},{\"@type\":\"ListItem\",\"position\":2,\"name\":\"Editions\",\"item\":\"https:\/\/www.spaininvestorsday.com\/en\/editions\/\"},{\"@type\":\"ListItem\",\"position\":3,\"name\":\"Speakers\",\"item\":\"https:\/\/www.spaininvestorsday.com\/en\/editions\/speakers\/\"},{\"@type\":\"ListItem\",\"position\":4,\"name\":\"Jos\u00e9 Mar\u00eda Mar\u00edn Quemada\"}]},{\"@type\":\"WebSite\",\"@id\":\"https:\/\/www.spaininvestorsday.com\/#website\",\"url\":\"https:\/\/www.spaininvestorsday.com\/\",\"name\":\"Spain Investors Day\",\"description\":\"El foro profesional \u00fanico en Espa\u00f1a\",\"publisher\":{\"@id\":\"https:\/\/www.spaininvestorsday.com\/#organization\"},\"potentialAction\":[{\"@type\":\"SearchAction\",\"target\":{\"@type\":\"EntryPoint\",\"urlTemplate\":\"https:\/\/www.spaininvestorsday.com\/?s={search_term_string}\"},\"query-input\":{\"@type\":\"PropertyValueSpecification\",\"valueRequired\":true,\"valueName\":\"search_term_string\"}}],\"inLanguage\":\"en-US\"},{\"@type\":\"Organization\",\"@id\":\"https:\/\/www.spaininvestorsday.com\/#organization\",\"name\":\"Spain Investors Day\",\"url\":\"https:\/\/www.spaininvestorsday.com\/\",\"logo\":{\"@type\":\"ImageObject\",\"inLanguage\":\"en-US\",\"@id\":\"https:\/\/www.spaininvestorsday.com\/#\/schema\/logo\/image\/\",\"url\":\"https:\/\/www.spaininvestorsday.com\/wp-content\/uploads\/2021\/10\/SID-2021.svg\",\"contentUrl\":\"https:\/\/www.spaininvestorsday.com\/wp-content\/uploads\/2021\/10\/SID-2021.svg\",\"width\":199,\"height\":79,\"caption\":\"Spain Investors Day\"},\"image\":{\"@id\":\"https:\/\/www.spaininvestorsday.com\/#\/schema\/logo\/image\/\"}}]}<\/script>\n<!-- \/ Yoast SEO plugin. -->","yoast_head_json":{"title":"Jos\u00e9 Mar\u00eda Mar\u00edn Quemada - Spain Investors Day","robots":{"index":"index","follow":"follow","max-snippet":"max-snippet:-1","max-image-preview":"max-image-preview:large","max-video-preview":"max-video-preview:-1"},"canonical":"https:\/\/www.spaininvestorsday.com\/en\/editions\/speakers\/jose-maria-marin-quemada\/","og_locale":"en_US","og_type":"article","og_title":"Jos\u00e9 Mar\u00eda Mar\u00edn Quemada - Spain Investors Day","og_description":"Jos\u00e9 Mar\u00eda Mar\u00edn Quemada Former president of the National Commission of Markets and Competition (CNMC)\u00a0 Jos\u00e9 Mar\u00eda Mar\u00edn Quemada (born October 17, 1948, in Madrid, Spain) is a Spanish economist who served as the first president of the National Commission of Markets and Competition (CNMC) between 2013 and 2020.\u00a0 He was a director of the&hellip; Continue reading Jos\u00e9 Mar\u00eda Mar\u00edn Quemada","og_url":"https:\/\/www.spaininvestorsday.com\/en\/editions\/speakers\/jose-maria-marin-quemada\/","og_site_name":"Spain Investors Day","article_modified_time":"2022-01-05T16:19:23+00:00","og_image":[{"url":"https:\/\/www.spaininvestorsday.com\/wp-content\/uploads\/elementor\/thumbs\/Jose-Maria-Marin-Quemada-phfb36u40f9kcmyizqdqww1pe58ngbrx7vxpvm60gg.jpg","type":"","width":"","height":""}],"twitter_card":"summary_large_image","schema":{"@context":"https:\/\/schema.org","@graph":[{"@type":"WebPage","@id":"https:\/\/www.spaininvestorsday.com\/en\/editions\/speakers\/jose-maria-marin-quemada\/","url":"https:\/\/www.spaininvestorsday.com\/en\/editions\/speakers\/jose-maria-marin-quemada\/","name":"Jos\u00e9 Mar\u00eda Mar\u00edn Quemada - Spain Investors Day","isPartOf":{"@id":"https:\/\/www.spaininvestorsday.com\/#website"},"primaryImageOfPage":{"@id":"https:\/\/www.spaininvestorsday.com\/en\/editions\/speakers\/jose-maria-marin-quemada\/#primaryimage"},"image":{"@id":"https:\/\/www.spaininvestorsday.com\/en\/editions\/speakers\/jose-maria-marin-quemada\/#primaryimage"},"thumbnailUrl":"https:\/\/www.spaininvestorsday.com\/wp-content\/uploads\/elementor\/thumbs\/Jose-Maria-Marin-Quemada-phfb36u40f9kcmyizqdqww1pe58ngbrx7vxpvm60gg.jpg","datePublished":"2021-12-29T09:33:32+00:00","dateModified":"2022-01-05T16:19:23+00:00","breadcrumb":{"@id":"https:\/\/www.spaininvestorsday.com\/en\/editions\/speakers\/jose-maria-marin-quemada\/#breadcrumb"},"inLanguage":"en-US","potentialAction":[{"@type":"ReadAction","target":["https:\/\/www.spaininvestorsday.com\/en\/editions\/speakers\/jose-maria-marin-quemada\/"]}]},{"@type":"ImageObject","inLanguage":"en-US","@id":"https:\/\/www.spaininvestorsday.com\/en\/editions\/speakers\/jose-maria-marin-quemada\/#primaryimage","url":"https:\/\/www.spaininvestorsday.com\/wp-content\/uploads\/elementor\/thumbs\/Jose-Maria-Marin-Quemada-phfb36u40f9kcmyizqdqww1pe58ngbrx7vxpvm60gg.jpg","contentUrl":"https:\/\/www.spaininvestorsday.com\/wp-content\/uploads\/elementor\/thumbs\/Jose-Maria-Marin-Quemada-phfb36u40f9kcmyizqdqww1pe58ngbrx7vxpvm60gg.jpg"},{"@type":"BreadcrumbList","@id":"https:\/\/www.spaininvestorsday.com\/en\/editions\/speakers\/jose-maria-marin-quemada\/#breadcrumb","itemListElement":[{"@type":"ListItem","position":1,"name":"Portada","item":"https:\/\/www.spaininvestorsday.com\/"},{"@type":"ListItem","position":2,"name":"Editions","item":"https:\/\/www.spaininvestorsday.com\/en\/editions\/"},{"@type":"ListItem","position":3,"name":"Speakers","item":"https:\/\/www.spaininvestorsday.com\/en\/editions\/speakers\/"},{"@type":"ListItem","position":4,"name":"Jos\u00e9 Mar\u00eda Mar\u00edn Quemada"}]},{"@type":"WebSite","@id":"https:\/\/www.spaininvestorsday.com\/#website","url":"https:\/\/www.spaininvestorsday.com\/","name":"Spain Investors Day","description":"El foro profesional \u00fanico en Espa\u00f1a","publisher":{"@id":"https:\/\/www.spaininvestorsday.com\/#organization"},"potentialAction":[{"@type":"SearchAction","target":{"@type":"EntryPoint","urlTemplate":"https:\/\/www.spaininvestorsday.com\/?s={search_term_string}"},"query-input":{"@type":"PropertyValueSpecification","valueRequired":true,"valueName":"search_term_string"}}],"inLanguage":"en-US"},{"@type":"Organization","@id":"https:\/\/www.spaininvestorsday.com\/#organization","name":"Spain Investors Day","url":"https:\/\/www.spaininvestorsday.com\/","logo":{"@type":"ImageObject","inLanguage":"en-US","@id":"https:\/\/www.spaininvestorsday.com\/#\/schema\/logo\/image\/","url":"https:\/\/www.spaininvestorsday.com\/wp-content\/uploads\/2021\/10\/SID-2021.svg","contentUrl":"https:\/\/www.spaininvestorsday.com\/wp-content\/uploads\/2021\/10\/SID-2021.svg","width":199,"height":79,"caption":"Spain Investors Day"},"image":{"@id":"https:\/\/www.spaininvestorsday.com\/#\/schema\/logo\/image\/"}}]}},"_links":{"self":[{"href":"https:\/\/www.spaininvestorsday.com\/en\/wp-json\/wp\/v2\/pages\/9000","targetHints":{"allow":["GET"]}}],"collection":[{"href":"https:\/\/www.spaininvestorsday.com\/en\/wp-json\/wp\/v2\/pages"}],"about":[{"href":"https:\/\/www.spaininvestorsday.com\/en\/wp-json\/wp\/v2\/types\/page"}],"author":[{"embeddable":true,"href":"https:\/\/www.spaininvestorsday.com\/en\/wp-json\/wp\/v2\/users\/9"}],"replies":[{"embeddable":true,"href":"https:\/\/www.spaininvestorsday.com\/en\/wp-json\/wp\/v2\/comments?post=9000"}],"version-history":[{"count":6,"href":"https:\/\/www.spaininvestorsday.com\/en\/wp-json\/wp\/v2\/pages\/9000\/revisions"}],"predecessor-version":[{"id":10581,"href":"https:\/\/www.spaininvestorsday.com\/en\/wp-json\/wp\/v2\/pages\/9000\/revisions\/10581"}],"up":[{"embeddable":true,"href":"https:\/\/www.spaininvestorsday.com\/en\/wp-json\/wp\/v2\/pages\/8627"}],"wp:attachment":[{"href":"https:\/\/www.spaininvestorsday.com\/en\/wp-json\/wp\/v2\/media?parent=9000"}],"curies":[{"name":"wp","href":"https:\/\/api.w.org\/{rel}","templated":true}]}}