{"id":8865,"date":"2021-12-22T10:54:27","date_gmt":"2021-12-22T10:54:27","guid":{"rendered":"https:\/\/www.spaininvestorsday.com\/?page_id=8865"},"modified":"2022-01-03T12:00:50","modified_gmt":"2022-01-03T12:00:50","slug":"jose-luis-martinez-almeida","status":"publish","type":"page","link":"https:\/\/www.spaininvestorsday.com\/en\/editions\/speakers\/jose-luis-martinez-almeida\/","title":{"rendered":"Jos\u00e9 Luis Mart\u00ednez-Almeida"},"content":{"rendered":"\t\t<div data-elementor-type=\"wp-page\" data-elementor-id=\"8865\" class=\"elementor elementor-8865 elementor-7499\" data-elementor-post-type=\"page\">\n\t\t\t\t\t\t<section class=\"elementor-section elementor-top-section elementor-element elementor-element-51dff2a6 elementor-section-boxed elementor-section-height-default elementor-section-height-default\" data-id=\"51dff2a6\" data-element_type=\"section\" data-settings=\"{&quot;background_background&quot;:&quot;classic&quot;}\">\n\t\t\t\t\t\t<div class=\"elementor-container elementor-column-gap-default\">\n\t\t\t\t\t<div class=\"elementor-column elementor-col-33 elementor-top-column elementor-element elementor-element-21135a66\" data-id=\"21135a66\" data-element_type=\"column\">\n\t\t\t<div class=\"elementor-widget-wrap\">\n\t\t\t\t\t\t\t<\/div>\n\t\t<\/div>\n\t\t\t\t<div class=\"elementor-column elementor-col-66 elementor-top-column elementor-element elementor-element-786fdadf\" data-id=\"786fdadf\" data-element_type=\"column\">\n\t\t\t<div class=\"elementor-widget-wrap elementor-element-populated\">\n\t\t\t\t\t\t<div class=\"elementor-element elementor-element-26700286 elementor-widget elementor-widget-text-editor\" data-id=\"26700286\" data-element_type=\"widget\" data-widget_type=\"text-editor.default\">\n\t\t\t\t<div class=\"elementor-widget-container\">\n\t\t\t\t\t\t\t\t\t<p>Jos\u00e9 Luis Mart\u00ednez-Almeida<\/p>\t\t\t\t\t\t\t\t<\/div>\n\t\t\t\t<\/div>\n\t\t\t\t\t<\/div>\n\t\t<\/div>\n\t\t\t\t\t<\/div>\n\t\t<\/section>\n\t\t\t\t<section class=\"elementor-section elementor-top-section elementor-element elementor-element-5bc30e36 elementor-section-boxed elementor-section-height-default elementor-section-height-default\" data-id=\"5bc30e36\" data-element_type=\"section\">\n\t\t\t\t\t\t<div class=\"elementor-container elementor-column-gap-default\">\n\t\t\t\t\t<div class=\"elementor-column elementor-col-33 elementor-top-column elementor-element elementor-element-22d5145f\" data-id=\"22d5145f\" data-element_type=\"column\">\n\t\t\t<div class=\"elementor-widget-wrap elementor-element-populated\">\n\t\t\t\t\t\t<div class=\"elementor-element elementor-element-3b59a3f9 elementor-absolute elementor-hidden-mobile elementor-widget elementor-widget-image\" data-id=\"3b59a3f9\" data-element_type=\"widget\" data-settings=\"{&quot;_position&quot;:&quot;absolute&quot;}\" data-widget_type=\"image.default\">\n\t\t\t\t<div class=\"elementor-widget-container\">\n\t\t\t\t\t\t\t\t\t\t\t\t\t\t\t<img decoding=\"async\" src=\"https:\/\/www.spaininvestorsday.com\/wp-content\/uploads\/elementor\/thumbs\/CustomerUploadedContents_bd5a847e-72b8-4e58-b359-52af49b63061-pgzcu4hz2hec85qm66q2i5zaw6595e52lprv8sbr2o.jpg\" title=\"CustomerUploadedContents_bd5a847e-72b8-4e58-b359-52af49b63061\" alt=\"CustomerUploadedContents_bd5a847e-72b8-4e58-b359-52af49b63061\" loading=\"lazy\" \/>\t\t\t\t\t\t\t\t\t\t\t\t\t\t\t<\/div>\n\t\t\t\t<\/div>\n\t\t\t\t<div class=\"elementor-element elementor-element-4a1dd34b elementor-hidden-desktop elementor-hidden-tablet elementor-widget elementor-widget-image\" data-id=\"4a1dd34b\" data-element_type=\"widget\" data-widget_type=\"image.default\">\n\t\t\t\t<div class=\"elementor-widget-container\">\n\t\t\t\t\t\t\t\t\t\t\t\t\t\t\t<img decoding=\"async\" src=\"https:\/\/www.spaininvestorsday.com\/wp-content\/uploads\/elementor\/thumbs\/CustomerUploadedContents_bd5a847e-72b8-4e58-b359-52af49b63061-pgzcu4hz2hec85qm66q2i5zaw6595e52lprv8sbr2o.jpg\" title=\"CustomerUploadedContents_bd5a847e-72b8-4e58-b359-52af49b63061\" alt=\"CustomerUploadedContents_bd5a847e-72b8-4e58-b359-52af49b63061\" loading=\"lazy\" \/>\t\t\t\t\t\t\t\t\t\t\t\t\t\t\t<\/div>\n\t\t\t\t<\/div>\n\t\t\t\t\t<\/div>\n\t\t<\/div>\n\t\t\t\t<div class=\"elementor-column elementor-col-66 elementor-top-column elementor-element elementor-element-7d25d456\" data-id=\"7d25d456\" data-element_type=\"column\">\n\t\t\t<div class=\"elementor-widget-wrap elementor-element-populated\">\n\t\t\t\t\t\t<div class=\"elementor-element elementor-element-2f5ae8a9 elementor-widget elementor-widget-text-editor\" data-id=\"2f5ae8a9\" data-element_type=\"widget\" data-widget_type=\"text-editor.default\">\n\t\t\t\t<div class=\"elementor-widget-container\">\n\t\t\t\t\t\t\t\t\t<h3><strong>Mayor of Madrid<\/strong><\/h3><form id=\"form1\" class=\"ui-mobile-viewport ui-overlay-c\" action=\"https:\/\/m.spaininvestorsday2021.com\/1302\/Oggetto.aspx?localId=1302&amp;IdOggetto=57819&amp;IdTipoOggetto=30261&amp;uk=MTMwMl8yMDA2NzM0XzYzNzc1NzY3MjU1NzgyODAwNw%3d%3d\" method=\"post\"><div class=\"main-page ui-responsive-panel ui-page ui-body-c ui-page-header-fixed ui-page-panel ui-page-active\" tabindex=\"0\" data-role=\"page\" data-url=\"\/1302\/Oggetto.aspx?IdOggetto=57819&amp;IdTipoOggetto=30261&amp;uk=MTMwMl8yMDA2NzM0XzYzNzc1NzY3MjU1NzgyODAwNw%3d%3d\"><div class=\"ui-panel-content-wrap ui-body-c ui-panel-animate ui-panel-content-wrap-closed\"><div id=\"DivContent\" class=\"ui-content\" role=\"main\" data-role=\"content\"><div class=\"ui-content\" role=\"main\" data-role=\"content\"><div id=\"MasterBody_PnlContainer\"><div id=\"MasterBody_pAtt_57819_637757672579318174\" class=\"mv-div-margin\"><div>He has been the Mayor of Madrid since 2019. Previously, between 2007 and 2011, he held the position of General Director of Historical Heritage of the Community of Madrid. From 2011 to 2013 he was the General Secretary of the Governing Council of the Community of Madrid and the General Secretary of the Board of Directors of SEPI Desarrollo Empresarial (SEPIDES) (2013-2014). In 2014 he was appointed as Director of the Institutional Legal Division of the Independent Authority for Fiscal Responsibility. From 2017 to 2019 he became the spokesperson for the PP at the City Council of Madrid.<\/div><\/div><\/div><\/div><\/div><\/div><\/div><\/form>\t\t\t\t\t\t\t\t<\/div>\n\t\t\t\t<\/div>\n\t\t\t\t\t<\/div>\n\t\t<\/div>\n\t\t\t\t\t<\/div>\n\t\t<\/section>\n\t\t\t\t<\/div>\n\t\t","protected":false},"excerpt":{"rendered":"<p>Jos\u00e9 Luis Mart\u00ednez-Almeida Mayor of Madrid He has been the Mayor of Madrid since 2019. Previously, between 2007 and 2011, he held the position of General Director of Historical Heritage of the Community of Madrid. From 2011 to 2013 he was the General Secretary of the Governing Council of the Community of Madrid and the&hellip; <a class=\"more-link\" href=\"https:\/\/www.spaininvestorsday.com\/en\/editions\/speakers\/jose-luis-martinez-almeida\/\">Continue reading <span class=\"screen-reader-text\">Jos\u00e9 Luis Mart\u00ednez-Almeida<\/span><\/a><\/p>\n","protected":false},"author":9,"featured_media":0,"parent":8627,"menu_order":0,"comment_status":"closed","ping_status":"closed","template":"elementor_header_footer","meta":{"inline_featured_image":false,"footnotes":""},"class_list":["post-8865","page","type-page","status-publish","hentry","entry"],"yoast_head":"<!-- This site is optimized with the Yoast SEO plugin v26.6 - https:\/\/yoast.com\/wordpress\/plugins\/seo\/ -->\n<title>Jos\u00e9 Luis Mart\u00ednez-Almeida - Spain Investors Day<\/title>\n<meta name=\"robots\" content=\"index, follow, max-snippet:-1, max-image-preview:large, max-video-preview:-1\" \/>\n<link rel=\"canonical\" href=\"https:\/\/www.spaininvestorsday.com\/en\/editions\/speakers\/jose-luis-martinez-almeida\/\" \/>\n<meta property=\"og:locale\" content=\"en_US\" \/>\n<meta property=\"og:type\" content=\"article\" \/>\n<meta property=\"og:title\" content=\"Jos\u00e9 Luis Mart\u00ednez-Almeida - Spain Investors Day\" \/>\n<meta property=\"og:description\" content=\"Jos\u00e9 Luis Mart\u00ednez-Almeida Mayor of Madrid He has been the Mayor of Madrid since 2019. Previously, between 2007 and 2011, he held the position of General Director of Historical Heritage of the Community of Madrid. From 2011 to 2013 he was the General Secretary of the Governing Council of the Community of Madrid and the&hellip; Continue reading Jos\u00e9 Luis Mart\u00ednez-Almeida\" \/>\n<meta property=\"og:url\" content=\"https:\/\/www.spaininvestorsday.com\/en\/editions\/speakers\/jose-luis-martinez-almeida\/\" \/>\n<meta property=\"og:site_name\" content=\"Spain Investors Day\" \/>\n<meta property=\"article:modified_time\" content=\"2022-01-03T12:00:50+00:00\" \/>\n<meta property=\"og:image\" content=\"https:\/\/www.spaininvestorsday.com\/wp-content\/uploads\/elementor\/thumbs\/CustomerUploadedContents_bd5a847e-72b8-4e58-b359-52af49b63061-pgzcu4hz2hec85qm66q2i5zaw6595e52lprv8sbr2o.jpg\" \/>\n<meta name=\"twitter:card\" content=\"summary_large_image\" \/>\n<script type=\"application\/ld+json\" class=\"yoast-schema-graph\">{\"@context\":\"https:\/\/schema.org\",\"@graph\":[{\"@type\":\"WebPage\",\"@id\":\"https:\/\/www.spaininvestorsday.com\/en\/editions\/speakers\/jose-luis-martinez-almeida\/\",\"url\":\"https:\/\/www.spaininvestorsday.com\/en\/editions\/speakers\/jose-luis-martinez-almeida\/\",\"name\":\"Jos\u00e9 Luis Mart\u00ednez-Almeida - Spain Investors Day\",\"isPartOf\":{\"@id\":\"https:\/\/www.spaininvestorsday.com\/#website\"},\"primaryImageOfPage\":{\"@id\":\"https:\/\/www.spaininvestorsday.com\/en\/editions\/speakers\/jose-luis-martinez-almeida\/#primaryimage\"},\"image\":{\"@id\":\"https:\/\/www.spaininvestorsday.com\/en\/editions\/speakers\/jose-luis-martinez-almeida\/#primaryimage\"},\"thumbnailUrl\":\"https:\/\/www.spaininvestorsday.com\/wp-content\/uploads\/elementor\/thumbs\/CustomerUploadedContents_bd5a847e-72b8-4e58-b359-52af49b63061-pgzcu4hz2hec85qm66q2i5zaw6595e52lprv8sbr2o.jpg\",\"datePublished\":\"2021-12-22T10:54:27+00:00\",\"dateModified\":\"2022-01-03T12:00:50+00:00\",\"breadcrumb\":{\"@id\":\"https:\/\/www.spaininvestorsday.com\/en\/editions\/speakers\/jose-luis-martinez-almeida\/#breadcrumb\"},\"inLanguage\":\"en-US\",\"potentialAction\":[{\"@type\":\"ReadAction\",\"target\":[\"https:\/\/www.spaininvestorsday.com\/en\/editions\/speakers\/jose-luis-martinez-almeida\/\"]}]},{\"@type\":\"ImageObject\",\"inLanguage\":\"en-US\",\"@id\":\"https:\/\/www.spaininvestorsday.com\/en\/editions\/speakers\/jose-luis-martinez-almeida\/#primaryimage\",\"url\":\"https:\/\/www.spaininvestorsday.com\/wp-content\/uploads\/elementor\/thumbs\/CustomerUploadedContents_bd5a847e-72b8-4e58-b359-52af49b63061-pgzcu4hz2hec85qm66q2i5zaw6595e52lprv8sbr2o.jpg\",\"contentUrl\":\"https:\/\/www.spaininvestorsday.com\/wp-content\/uploads\/elementor\/thumbs\/CustomerUploadedContents_bd5a847e-72b8-4e58-b359-52af49b63061-pgzcu4hz2hec85qm66q2i5zaw6595e52lprv8sbr2o.jpg\"},{\"@type\":\"BreadcrumbList\",\"@id\":\"https:\/\/www.spaininvestorsday.com\/en\/editions\/speakers\/jose-luis-martinez-almeida\/#breadcrumb\",\"itemListElement\":[{\"@type\":\"ListItem\",\"position\":1,\"name\":\"Portada\",\"item\":\"https:\/\/www.spaininvestorsday.com\/\"},{\"@type\":\"ListItem\",\"position\":2,\"name\":\"Editions\",\"item\":\"https:\/\/www.spaininvestorsday.com\/en\/editions\/\"},{\"@type\":\"ListItem\",\"position\":3,\"name\":\"Speakers\",\"item\":\"https:\/\/www.spaininvestorsday.com\/en\/editions\/speakers\/\"},{\"@type\":\"ListItem\",\"position\":4,\"name\":\"Jos\u00e9 Luis Mart\u00ednez-Almeida\"}]},{\"@type\":\"WebSite\",\"@id\":\"https:\/\/www.spaininvestorsday.com\/#website\",\"url\":\"https:\/\/www.spaininvestorsday.com\/\",\"name\":\"Spain Investors Day\",\"description\":\"El foro profesional \u00fanico en Espa\u00f1a\",\"publisher\":{\"@id\":\"https:\/\/www.spaininvestorsday.com\/#organization\"},\"potentialAction\":[{\"@type\":\"SearchAction\",\"target\":{\"@type\":\"EntryPoint\",\"urlTemplate\":\"https:\/\/www.spaininvestorsday.com\/?s={search_term_string}\"},\"query-input\":{\"@type\":\"PropertyValueSpecification\",\"valueRequired\":true,\"valueName\":\"search_term_string\"}}],\"inLanguage\":\"en-US\"},{\"@type\":\"Organization\",\"@id\":\"https:\/\/www.spaininvestorsday.com\/#organization\",\"name\":\"Spain Investors Day\",\"url\":\"https:\/\/www.spaininvestorsday.com\/\",\"logo\":{\"@type\":\"ImageObject\",\"inLanguage\":\"en-US\",\"@id\":\"https:\/\/www.spaininvestorsday.com\/#\/schema\/logo\/image\/\",\"url\":\"https:\/\/www.spaininvestorsday.com\/wp-content\/uploads\/2021\/10\/SID-2021.svg\",\"contentUrl\":\"https:\/\/www.spaininvestorsday.com\/wp-content\/uploads\/2021\/10\/SID-2021.svg\",\"width\":199,\"height\":79,\"caption\":\"Spain Investors Day\"},\"image\":{\"@id\":\"https:\/\/www.spaininvestorsday.com\/#\/schema\/logo\/image\/\"}}]}<\/script>\n<!-- \/ Yoast SEO plugin. -->","yoast_head_json":{"title":"Jos\u00e9 Luis Mart\u00ednez-Almeida - Spain Investors Day","robots":{"index":"index","follow":"follow","max-snippet":"max-snippet:-1","max-image-preview":"max-image-preview:large","max-video-preview":"max-video-preview:-1"},"canonical":"https:\/\/www.spaininvestorsday.com\/en\/editions\/speakers\/jose-luis-martinez-almeida\/","og_locale":"en_US","og_type":"article","og_title":"Jos\u00e9 Luis Mart\u00ednez-Almeida - Spain Investors Day","og_description":"Jos\u00e9 Luis Mart\u00ednez-Almeida Mayor of Madrid He has been the Mayor of Madrid since 2019. Previously, between 2007 and 2011, he held the position of General Director of Historical Heritage of the Community of Madrid. From 2011 to 2013 he was the General Secretary of the Governing Council of the Community of Madrid and the&hellip; Continue reading Jos\u00e9 Luis Mart\u00ednez-Almeida","og_url":"https:\/\/www.spaininvestorsday.com\/en\/editions\/speakers\/jose-luis-martinez-almeida\/","og_site_name":"Spain Investors Day","article_modified_time":"2022-01-03T12:00:50+00:00","og_image":[{"url":"https:\/\/www.spaininvestorsday.com\/wp-content\/uploads\/elementor\/thumbs\/CustomerUploadedContents_bd5a847e-72b8-4e58-b359-52af49b63061-pgzcu4hz2hec85qm66q2i5zaw6595e52lprv8sbr2o.jpg","type":"","width":"","height":""}],"twitter_card":"summary_large_image","schema":{"@context":"https:\/\/schema.org","@graph":[{"@type":"WebPage","@id":"https:\/\/www.spaininvestorsday.com\/en\/editions\/speakers\/jose-luis-martinez-almeida\/","url":"https:\/\/www.spaininvestorsday.com\/en\/editions\/speakers\/jose-luis-martinez-almeida\/","name":"Jos\u00e9 Luis Mart\u00ednez-Almeida - Spain Investors Day","isPartOf":{"@id":"https:\/\/www.spaininvestorsday.com\/#website"},"primaryImageOfPage":{"@id":"https:\/\/www.spaininvestorsday.com\/en\/editions\/speakers\/jose-luis-martinez-almeida\/#primaryimage"},"image":{"@id":"https:\/\/www.spaininvestorsday.com\/en\/editions\/speakers\/jose-luis-martinez-almeida\/#primaryimage"},"thumbnailUrl":"https:\/\/www.spaininvestorsday.com\/wp-content\/uploads\/elementor\/thumbs\/CustomerUploadedContents_bd5a847e-72b8-4e58-b359-52af49b63061-pgzcu4hz2hec85qm66q2i5zaw6595e52lprv8sbr2o.jpg","datePublished":"2021-12-22T10:54:27+00:00","dateModified":"2022-01-03T12:00:50+00:00","breadcrumb":{"@id":"https:\/\/www.spaininvestorsday.com\/en\/editions\/speakers\/jose-luis-martinez-almeida\/#breadcrumb"},"inLanguage":"en-US","potentialAction":[{"@type":"ReadAction","target":["https:\/\/www.spaininvestorsday.com\/en\/editions\/speakers\/jose-luis-martinez-almeida\/"]}]},{"@type":"ImageObject","inLanguage":"en-US","@id":"https:\/\/www.spaininvestorsday.com\/en\/editions\/speakers\/jose-luis-martinez-almeida\/#primaryimage","url":"https:\/\/www.spaininvestorsday.com\/wp-content\/uploads\/elementor\/thumbs\/CustomerUploadedContents_bd5a847e-72b8-4e58-b359-52af49b63061-pgzcu4hz2hec85qm66q2i5zaw6595e52lprv8sbr2o.jpg","contentUrl":"https:\/\/www.spaininvestorsday.com\/wp-content\/uploads\/elementor\/thumbs\/CustomerUploadedContents_bd5a847e-72b8-4e58-b359-52af49b63061-pgzcu4hz2hec85qm66q2i5zaw6595e52lprv8sbr2o.jpg"},{"@type":"BreadcrumbList","@id":"https:\/\/www.spaininvestorsday.com\/en\/editions\/speakers\/jose-luis-martinez-almeida\/#breadcrumb","itemListElement":[{"@type":"ListItem","position":1,"name":"Portada","item":"https:\/\/www.spaininvestorsday.com\/"},{"@type":"ListItem","position":2,"name":"Editions","item":"https:\/\/www.spaininvestorsday.com\/en\/editions\/"},{"@type":"ListItem","position":3,"name":"Speakers","item":"https:\/\/www.spaininvestorsday.com\/en\/editions\/speakers\/"},{"@type":"ListItem","position":4,"name":"Jos\u00e9 Luis Mart\u00ednez-Almeida"}]},{"@type":"WebSite","@id":"https:\/\/www.spaininvestorsday.com\/#website","url":"https:\/\/www.spaininvestorsday.com\/","name":"Spain Investors Day","description":"El foro profesional \u00fanico en Espa\u00f1a","publisher":{"@id":"https:\/\/www.spaininvestorsday.com\/#organization"},"potentialAction":[{"@type":"SearchAction","target":{"@type":"EntryPoint","urlTemplate":"https:\/\/www.spaininvestorsday.com\/?s={search_term_string}"},"query-input":{"@type":"PropertyValueSpecification","valueRequired":true,"valueName":"search_term_string"}}],"inLanguage":"en-US"},{"@type":"Organization","@id":"https:\/\/www.spaininvestorsday.com\/#organization","name":"Spain Investors Day","url":"https:\/\/www.spaininvestorsday.com\/","logo":{"@type":"ImageObject","inLanguage":"en-US","@id":"https:\/\/www.spaininvestorsday.com\/#\/schema\/logo\/image\/","url":"https:\/\/www.spaininvestorsday.com\/wp-content\/uploads\/2021\/10\/SID-2021.svg","contentUrl":"https:\/\/www.spaininvestorsday.com\/wp-content\/uploads\/2021\/10\/SID-2021.svg","width":199,"height":79,"caption":"Spain Investors Day"},"image":{"@id":"https:\/\/www.spaininvestorsday.com\/#\/schema\/logo\/image\/"}}]}},"_links":{"self":[{"href":"https:\/\/www.spaininvestorsday.com\/en\/wp-json\/wp\/v2\/pages\/8865","targetHints":{"allow":["GET"]}}],"collection":[{"href":"https:\/\/www.spaininvestorsday.com\/en\/wp-json\/wp\/v2\/pages"}],"about":[{"href":"https:\/\/www.spaininvestorsday.com\/en\/wp-json\/wp\/v2\/types\/page"}],"author":[{"embeddable":true,"href":"https:\/\/www.spaininvestorsday.com\/en\/wp-json\/wp\/v2\/users\/9"}],"replies":[{"embeddable":true,"href":"https:\/\/www.spaininvestorsday.com\/en\/wp-json\/wp\/v2\/comments?post=8865"}],"version-history":[{"count":6,"href":"https:\/\/www.spaininvestorsday.com\/en\/wp-json\/wp\/v2\/pages\/8865\/revisions"}],"predecessor-version":[{"id":9661,"href":"https:\/\/www.spaininvestorsday.com\/en\/wp-json\/wp\/v2\/pages\/8865\/revisions\/9661"}],"up":[{"embeddable":true,"href":"https:\/\/www.spaininvestorsday.com\/en\/wp-json\/wp\/v2\/pages\/8627"}],"wp:attachment":[{"href":"https:\/\/www.spaininvestorsday.com\/en\/wp-json\/wp\/v2\/media?parent=8865"}],"curies":[{"name":"wp","href":"https:\/\/api.w.org\/{rel}","templated":true}]}}