{"id":24598,"date":"2026-01-07T16:31:32","date_gmt":"2026-01-07T16:31:32","guid":{"rendered":"https:\/\/www.spaininvestorsday.com\/?page_id=24598"},"modified":"2026-01-15T12:01:46","modified_gmt":"2026-01-15T12:01:46","slug":"juan-luis-ramirez","status":"publish","type":"page","link":"https:\/\/www.spaininvestorsday.com\/en\/editions\/speakers\/juan-luis-ramirez\/","title":{"rendered":"Juan Luis Ram\u00edrez"},"content":{"rendered":"\t\t<div data-elementor-type=\"wp-page\" data-elementor-id=\"24598\" class=\"elementor elementor-24598\" data-elementor-post-type=\"page\">\n\t\t\t\t\t\t<section class=\"elementor-section elementor-top-section elementor-element elementor-element-15a05b3e elementor-section-boxed elementor-section-height-default elementor-section-height-default\" data-id=\"15a05b3e\" data-element_type=\"section\" data-settings=\"{&quot;background_background&quot;:&quot;classic&quot;}\">\n\t\t\t\t\t\t<div class=\"elementor-container elementor-column-gap-default\">\n\t\t\t\t\t<div class=\"elementor-column elementor-col-33 elementor-top-column elementor-element elementor-element-74492401\" data-id=\"74492401\" data-element_type=\"column\">\n\t\t\t<div class=\"elementor-widget-wrap\">\n\t\t\t\t\t\t\t<\/div>\n\t\t<\/div>\n\t\t\t\t<div class=\"elementor-column elementor-col-66 elementor-top-column elementor-element elementor-element-306bd958\" data-id=\"306bd958\" data-element_type=\"column\">\n\t\t\t<div class=\"elementor-widget-wrap elementor-element-populated\">\n\t\t\t\t\t\t<div class=\"elementor-element elementor-element-668b1fa elementor-widget elementor-widget-text-editor\" data-id=\"668b1fa\" data-element_type=\"widget\" data-widget_type=\"text-editor.default\">\n\t\t\t\t<div class=\"elementor-widget-container\">\n\t\t\t\t\t\t\t\t\t<p>Juan Luis Ram\u00edrez<\/p>\t\t\t\t\t\t\t\t<\/div>\n\t\t\t\t<\/div>\n\t\t\t\t\t<\/div>\n\t\t<\/div>\n\t\t\t\t\t<\/div>\n\t\t<\/section>\n\t\t\t\t<section class=\"elementor-section elementor-top-section elementor-element elementor-element-3729ed05 elementor-section-boxed elementor-section-height-default elementor-section-height-default\" data-id=\"3729ed05\" data-element_type=\"section\">\n\t\t\t\t\t\t<div class=\"elementor-container elementor-column-gap-default\">\n\t\t\t\t\t<div class=\"elementor-column elementor-col-33 elementor-top-column elementor-element elementor-element-6b3bb2bc\" data-id=\"6b3bb2bc\" data-element_type=\"column\">\n\t\t\t<div class=\"elementor-widget-wrap elementor-element-populated\">\n\t\t\t\t\t\t<div class=\"elementor-element elementor-element-40412d5a elementor-absolute elementor-hidden-mobile elementor-widget elementor-widget-image\" data-id=\"40412d5a\" data-element_type=\"widget\" data-settings=\"{&quot;_position&quot;:&quot;absolute&quot;}\" data-widget_type=\"image.default\">\n\t\t\t\t<div class=\"elementor-widget-container\">\n\t\t\t\t\t\t\t\t\t\t\t\t\t\t\t<img decoding=\"async\" src=\"https:\/\/www.spaininvestorsday.com\/wp-content\/uploads\/elementor\/thumbs\/MAYO19323-scaled-e1767887236302-rhcz3hbnpdedmp5qtqbx1x2597rl631rclrug4ofrk.jpg\" title=\"MAYO19323-scaled-e1645115428863\" alt=\"MAYO19323-scaled-e1645115428863\" loading=\"lazy\" \/>\t\t\t\t\t\t\t\t\t\t\t\t\t\t\t<\/div>\n\t\t\t\t<\/div>\n\t\t\t\t<div class=\"elementor-element elementor-element-71a69102 elementor-hidden-desktop elementor-hidden-tablet elementor-widget elementor-widget-image\" data-id=\"71a69102\" data-element_type=\"widget\" data-widget_type=\"image.default\">\n\t\t\t\t<div class=\"elementor-widget-container\">\n\t\t\t\t\t\t\t\t\t\t\t\t\t\t\t<img decoding=\"async\" src=\"https:\/\/www.spaininvestorsday.com\/wp-content\/uploads\/elementor\/thumbs\/MAYO19323-scaled-e1767887236302-rhcz3hbnpdedmp5qtqbx1x2597rl631rclrug4ofrk.jpg\" title=\"MAYO19323-scaled-e1645115428863\" alt=\"MAYO19323-scaled-e1645115428863\" loading=\"lazy\" \/>\t\t\t\t\t\t\t\t\t\t\t\t\t\t\t<\/div>\n\t\t\t\t<\/div>\n\t\t\t\t\t<\/div>\n\t\t<\/div>\n\t\t\t\t<div class=\"elementor-column elementor-col-66 elementor-top-column elementor-element elementor-element-5c39662a\" data-id=\"5c39662a\" data-element_type=\"column\">\n\t\t\t<div class=\"elementor-widget-wrap elementor-element-populated\">\n\t\t\t\t\t\t<div class=\"elementor-element elementor-element-72bf71 elementor-widget elementor-widget-text-editor\" data-id=\"72bf71\" data-element_type=\"widget\" data-widget_type=\"text-editor.default\">\n\t\t\t\t<div class=\"elementor-widget-container\">\n\t\t\t\t\t\t\t\t\t<h3><strong data-start=\"39\" data-end=\"78\">Managing Partner Portobello Capital<\/strong><\/h3>\n<p>Juan Luis Ram\u00edrez Belaustegui is the founder of Portobello Capital SL, serving as Founding Partner since 2010.<\/p><p><br>Current jobs include Chairman at Elmubas Ib\u00e9rica SL, Chairman &amp; Partner at Portobello Capital Advisors SL since 2010, Director at Condis Supermercats SA, Director at Caiba SA, Director at Vitalia Plus SA, Director at Trison Europe SL, President at Ib\u00e9rica de Congelados SA, Board Member at Ram\u00f3n Sabater SAU, Board Member at Evolutio Cloud Enabler SAU, Board Member at CTC Externalizaci\u00f3n SL, and Founding Partner at Portobello Capital Gesti\u00f3n SGEIC SA since 2010, and Board Member at Hotels &amp; Resorts Blue Sea SA. Former jobs include Director at CIE Automotive SA in 2007, Investment Director &amp; Head at EBN Banco de Negocios SA from 1989 to 2000, Partner at Ibersuizas Gesti\u00f3n SGECR SA from 2000 to 2010, Board Member at Sidecu SA, Board Member at Ugarteburu SA, and Principal at Procter &amp; Gamble Espa\u00f1a SAU.<\/p><p><br>Education includes an undergraduate degree from Instituto Catolico de Administracion y Direccion de Empresas, conferred in 1986.<\/p>\t\t\t\t\t\t\t\t<\/div>\n\t\t\t\t<\/div>\n\t\t\t\t\t<\/div>\n\t\t<\/div>\n\t\t\t\t\t<\/div>\n\t\t<\/section>\n\t\t\t\t<\/div>\n\t\t","protected":false},"excerpt":{"rendered":"<p>Juan Luis Ram\u00edrez Managing Partner Portobello Capital Juan Luis Ram\u00edrez Belaustegui is the founder of Portobello Capital SL, serving as Founding Partner since 2010. Current jobs include Chairman at Elmubas Ib\u00e9rica SL, Chairman &amp; Partner at Portobello Capital Advisors SL since 2010, Director at Condis Supermercats SA, Director at Caiba SA, Director at Vitalia Plus&hellip; <a class=\"more-link\" href=\"https:\/\/www.spaininvestorsday.com\/en\/editions\/speakers\/juan-luis-ramirez\/\">Continue reading <span class=\"screen-reader-text\">Juan Luis Ram\u00edrez<\/span><\/a><\/p>\n","protected":false},"author":11,"featured_media":0,"parent":8627,"menu_order":0,"comment_status":"closed","ping_status":"closed","template":"elementor_header_footer","meta":{"inline_featured_image":false,"footnotes":""},"class_list":["post-24598","page","type-page","status-publish","hentry","entry"],"yoast_head":"<!-- This site is optimized with the Yoast SEO plugin v26.6 - https:\/\/yoast.com\/wordpress\/plugins\/seo\/ -->\n<title>Juan Luis Ram\u00edrez - Spain Investors Day<\/title>\n<meta name=\"robots\" content=\"index, follow, max-snippet:-1, max-image-preview:large, max-video-preview:-1\" \/>\n<link rel=\"canonical\" href=\"https:\/\/www.spaininvestorsday.com\/ediciones\/spearkers\/juan-luis-ramirez\/\" \/>\n<meta property=\"og:locale\" content=\"en_US\" \/>\n<meta property=\"og:type\" content=\"article\" \/>\n<meta property=\"og:title\" content=\"Juan Luis Ram\u00edrez - Spain Investors Day\" \/>\n<meta property=\"og:description\" content=\"Juan Luis Ram\u00edrez Managing Partner Portobello Capital Juan Luis Ram\u00edrez Belaustegui is the founder of Portobello Capital SL, serving as Founding Partner since 2010. Current jobs include Chairman at Elmubas Ib\u00e9rica SL, Chairman &amp; Partner at Portobello Capital Advisors SL since 2010, Director at Condis Supermercats SA, Director at Caiba SA, Director at Vitalia Plus&hellip; Continue reading Juan Luis Ram\u00edrez\" \/>\n<meta property=\"og:url\" content=\"https:\/\/www.spaininvestorsday.com\/ediciones\/spearkers\/juan-luis-ramirez\/\" \/>\n<meta property=\"og:site_name\" content=\"Spain Investors Day\" \/>\n<meta property=\"article:modified_time\" content=\"2026-01-15T12:01:46+00:00\" \/>\n<meta property=\"og:image\" content=\"https:\/\/www.spaininvestorsday.com\/wp-content\/uploads\/elementor\/thumbs\/MAYO19323-scaled-e1767887236302-rhcz3hbnpdedmp5qtqbx1x2597rl631rclrug4ofrk.jpg\" \/>\n<meta name=\"twitter:card\" content=\"summary_large_image\" \/>\n<meta name=\"twitter:label1\" content=\"Est. reading time\" \/>\n\t<meta name=\"twitter:data1\" content=\"2 minutes\" \/>\n<script type=\"application\/ld+json\" class=\"yoast-schema-graph\">{\"@context\":\"https:\/\/schema.org\",\"@graph\":[{\"@type\":\"WebPage\",\"@id\":\"https:\/\/www.spaininvestorsday.com\/ediciones\/spearkers\/juan-luis-ramirez\/\",\"url\":\"https:\/\/www.spaininvestorsday.com\/ediciones\/spearkers\/juan-luis-ramirez\/\",\"name\":\"Juan Luis Ram\u00edrez - Spain Investors Day\",\"isPartOf\":{\"@id\":\"https:\/\/www.spaininvestorsday.com\/#website\"},\"primaryImageOfPage\":{\"@id\":\"https:\/\/www.spaininvestorsday.com\/ediciones\/spearkers\/juan-luis-ramirez\/#primaryimage\"},\"image\":{\"@id\":\"https:\/\/www.spaininvestorsday.com\/ediciones\/spearkers\/juan-luis-ramirez\/#primaryimage\"},\"thumbnailUrl\":\"https:\/\/www.spaininvestorsday.com\/wp-content\/uploads\/elementor\/thumbs\/MAYO19323-scaled-e1767887236302-rhcz3hbnpdedmp5qtqbx1x2597rl631rclrug4ofrk.jpg\",\"datePublished\":\"2026-01-07T16:31:32+00:00\",\"dateModified\":\"2026-01-15T12:01:46+00:00\",\"breadcrumb\":{\"@id\":\"https:\/\/www.spaininvestorsday.com\/ediciones\/spearkers\/juan-luis-ramirez\/#breadcrumb\"},\"inLanguage\":\"en-US\",\"potentialAction\":[{\"@type\":\"ReadAction\",\"target\":[\"https:\/\/www.spaininvestorsday.com\/ediciones\/spearkers\/juan-luis-ramirez\/\"]}]},{\"@type\":\"ImageObject\",\"inLanguage\":\"en-US\",\"@id\":\"https:\/\/www.spaininvestorsday.com\/ediciones\/spearkers\/juan-luis-ramirez\/#primaryimage\",\"url\":\"https:\/\/www.spaininvestorsday.com\/wp-content\/uploads\/elementor\/thumbs\/MAYO19323-scaled-e1767887236302-rhcz3hbnpdedmp5qtqbx1x2597rl631rclrug4ofrk.jpg\",\"contentUrl\":\"https:\/\/www.spaininvestorsday.com\/wp-content\/uploads\/elementor\/thumbs\/MAYO19323-scaled-e1767887236302-rhcz3hbnpdedmp5qtqbx1x2597rl631rclrug4ofrk.jpg\"},{\"@type\":\"BreadcrumbList\",\"@id\":\"https:\/\/www.spaininvestorsday.com\/ediciones\/spearkers\/juan-luis-ramirez\/#breadcrumb\",\"itemListElement\":[{\"@type\":\"ListItem\",\"position\":1,\"name\":\"Portada\",\"item\":\"https:\/\/www.spaininvestorsday.com\/\"},{\"@type\":\"ListItem\",\"position\":2,\"name\":\"Editions\",\"item\":\"https:\/\/www.spaininvestorsday.com\/en\/editions\/\"},{\"@type\":\"ListItem\",\"position\":3,\"name\":\"Speakers\",\"item\":\"https:\/\/www.spaininvestorsday.com\/en\/editions\/speakers\/\"},{\"@type\":\"ListItem\",\"position\":4,\"name\":\"Juan Luis Ram\u00edrez\"}]},{\"@type\":\"WebSite\",\"@id\":\"https:\/\/www.spaininvestorsday.com\/#website\",\"url\":\"https:\/\/www.spaininvestorsday.com\/\",\"name\":\"Spain Investors Day\",\"description\":\"El foro profesional \u00fanico en Espa\u00f1a\",\"publisher\":{\"@id\":\"https:\/\/www.spaininvestorsday.com\/#organization\"},\"potentialAction\":[{\"@type\":\"SearchAction\",\"target\":{\"@type\":\"EntryPoint\",\"urlTemplate\":\"https:\/\/www.spaininvestorsday.com\/?s={search_term_string}\"},\"query-input\":{\"@type\":\"PropertyValueSpecification\",\"valueRequired\":true,\"valueName\":\"search_term_string\"}}],\"inLanguage\":\"en-US\"},{\"@type\":\"Organization\",\"@id\":\"https:\/\/www.spaininvestorsday.com\/#organization\",\"name\":\"Spain Investors Day\",\"url\":\"https:\/\/www.spaininvestorsday.com\/\",\"logo\":{\"@type\":\"ImageObject\",\"inLanguage\":\"en-US\",\"@id\":\"https:\/\/www.spaininvestorsday.com\/#\/schema\/logo\/image\/\",\"url\":\"https:\/\/www.spaininvestorsday.com\/wp-content\/uploads\/2021\/10\/SID-2021.svg\",\"contentUrl\":\"https:\/\/www.spaininvestorsday.com\/wp-content\/uploads\/2021\/10\/SID-2021.svg\",\"width\":199,\"height\":79,\"caption\":\"Spain Investors Day\"},\"image\":{\"@id\":\"https:\/\/www.spaininvestorsday.com\/#\/schema\/logo\/image\/\"}}]}<\/script>\n<!-- \/ Yoast SEO plugin. -->","yoast_head_json":{"title":"Juan Luis Ram\u00edrez - Spain Investors Day","robots":{"index":"index","follow":"follow","max-snippet":"max-snippet:-1","max-image-preview":"max-image-preview:large","max-video-preview":"max-video-preview:-1"},"canonical":"https:\/\/www.spaininvestorsday.com\/ediciones\/spearkers\/juan-luis-ramirez\/","og_locale":"en_US","og_type":"article","og_title":"Juan Luis Ram\u00edrez - Spain Investors Day","og_description":"Juan Luis Ram\u00edrez Managing Partner Portobello Capital Juan Luis Ram\u00edrez Belaustegui is the founder of Portobello Capital SL, serving as Founding Partner since 2010. Current jobs include Chairman at Elmubas Ib\u00e9rica SL, Chairman &amp; Partner at Portobello Capital Advisors SL since 2010, Director at Condis Supermercats SA, Director at Caiba SA, Director at Vitalia Plus&hellip; Continue reading Juan Luis Ram\u00edrez","og_url":"https:\/\/www.spaininvestorsday.com\/ediciones\/spearkers\/juan-luis-ramirez\/","og_site_name":"Spain Investors Day","article_modified_time":"2026-01-15T12:01:46+00:00","og_image":[{"url":"https:\/\/www.spaininvestorsday.com\/wp-content\/uploads\/elementor\/thumbs\/MAYO19323-scaled-e1767887236302-rhcz3hbnpdedmp5qtqbx1x2597rl631rclrug4ofrk.jpg","type":"","width":"","height":""}],"twitter_card":"summary_large_image","twitter_misc":{"Est. reading time":"2 minutes"},"schema":{"@context":"https:\/\/schema.org","@graph":[{"@type":"WebPage","@id":"https:\/\/www.spaininvestorsday.com\/ediciones\/spearkers\/juan-luis-ramirez\/","url":"https:\/\/www.spaininvestorsday.com\/ediciones\/spearkers\/juan-luis-ramirez\/","name":"Juan Luis Ram\u00edrez - Spain Investors Day","isPartOf":{"@id":"https:\/\/www.spaininvestorsday.com\/#website"},"primaryImageOfPage":{"@id":"https:\/\/www.spaininvestorsday.com\/ediciones\/spearkers\/juan-luis-ramirez\/#primaryimage"},"image":{"@id":"https:\/\/www.spaininvestorsday.com\/ediciones\/spearkers\/juan-luis-ramirez\/#primaryimage"},"thumbnailUrl":"https:\/\/www.spaininvestorsday.com\/wp-content\/uploads\/elementor\/thumbs\/MAYO19323-scaled-e1767887236302-rhcz3hbnpdedmp5qtqbx1x2597rl631rclrug4ofrk.jpg","datePublished":"2026-01-07T16:31:32+00:00","dateModified":"2026-01-15T12:01:46+00:00","breadcrumb":{"@id":"https:\/\/www.spaininvestorsday.com\/ediciones\/spearkers\/juan-luis-ramirez\/#breadcrumb"},"inLanguage":"en-US","potentialAction":[{"@type":"ReadAction","target":["https:\/\/www.spaininvestorsday.com\/ediciones\/spearkers\/juan-luis-ramirez\/"]}]},{"@type":"ImageObject","inLanguage":"en-US","@id":"https:\/\/www.spaininvestorsday.com\/ediciones\/spearkers\/juan-luis-ramirez\/#primaryimage","url":"https:\/\/www.spaininvestorsday.com\/wp-content\/uploads\/elementor\/thumbs\/MAYO19323-scaled-e1767887236302-rhcz3hbnpdedmp5qtqbx1x2597rl631rclrug4ofrk.jpg","contentUrl":"https:\/\/www.spaininvestorsday.com\/wp-content\/uploads\/elementor\/thumbs\/MAYO19323-scaled-e1767887236302-rhcz3hbnpdedmp5qtqbx1x2597rl631rclrug4ofrk.jpg"},{"@type":"BreadcrumbList","@id":"https:\/\/www.spaininvestorsday.com\/ediciones\/spearkers\/juan-luis-ramirez\/#breadcrumb","itemListElement":[{"@type":"ListItem","position":1,"name":"Portada","item":"https:\/\/www.spaininvestorsday.com\/"},{"@type":"ListItem","position":2,"name":"Editions","item":"https:\/\/www.spaininvestorsday.com\/en\/editions\/"},{"@type":"ListItem","position":3,"name":"Speakers","item":"https:\/\/www.spaininvestorsday.com\/en\/editions\/speakers\/"},{"@type":"ListItem","position":4,"name":"Juan Luis Ram\u00edrez"}]},{"@type":"WebSite","@id":"https:\/\/www.spaininvestorsday.com\/#website","url":"https:\/\/www.spaininvestorsday.com\/","name":"Spain Investors Day","description":"El foro profesional \u00fanico en Espa\u00f1a","publisher":{"@id":"https:\/\/www.spaininvestorsday.com\/#organization"},"potentialAction":[{"@type":"SearchAction","target":{"@type":"EntryPoint","urlTemplate":"https:\/\/www.spaininvestorsday.com\/?s={search_term_string}"},"query-input":{"@type":"PropertyValueSpecification","valueRequired":true,"valueName":"search_term_string"}}],"inLanguage":"en-US"},{"@type":"Organization","@id":"https:\/\/www.spaininvestorsday.com\/#organization","name":"Spain Investors Day","url":"https:\/\/www.spaininvestorsday.com\/","logo":{"@type":"ImageObject","inLanguage":"en-US","@id":"https:\/\/www.spaininvestorsday.com\/#\/schema\/logo\/image\/","url":"https:\/\/www.spaininvestorsday.com\/wp-content\/uploads\/2021\/10\/SID-2021.svg","contentUrl":"https:\/\/www.spaininvestorsday.com\/wp-content\/uploads\/2021\/10\/SID-2021.svg","width":199,"height":79,"caption":"Spain Investors Day"},"image":{"@id":"https:\/\/www.spaininvestorsday.com\/#\/schema\/logo\/image\/"}}]}},"_links":{"self":[{"href":"https:\/\/www.spaininvestorsday.com\/en\/wp-json\/wp\/v2\/pages\/24598","targetHints":{"allow":["GET"]}}],"collection":[{"href":"https:\/\/www.spaininvestorsday.com\/en\/wp-json\/wp\/v2\/pages"}],"about":[{"href":"https:\/\/www.spaininvestorsday.com\/en\/wp-json\/wp\/v2\/types\/page"}],"author":[{"embeddable":true,"href":"https:\/\/www.spaininvestorsday.com\/en\/wp-json\/wp\/v2\/users\/11"}],"replies":[{"embeddable":true,"href":"https:\/\/www.spaininvestorsday.com\/en\/wp-json\/wp\/v2\/comments?post=24598"}],"version-history":[{"count":13,"href":"https:\/\/www.spaininvestorsday.com\/en\/wp-json\/wp\/v2\/pages\/24598\/revisions"}],"predecessor-version":[{"id":25402,"href":"https:\/\/www.spaininvestorsday.com\/en\/wp-json\/wp\/v2\/pages\/24598\/revisions\/25402"}],"up":[{"embeddable":true,"href":"https:\/\/www.spaininvestorsday.com\/en\/wp-json\/wp\/v2\/pages\/8627"}],"wp:attachment":[{"href":"https:\/\/www.spaininvestorsday.com\/en\/wp-json\/wp\/v2\/media?parent=24598"}],"curies":[{"name":"wp","href":"https:\/\/api.w.org\/{rel}","templated":true}]}}