{"id":23917,"date":"2025-12-03T16:14:42","date_gmt":"2025-12-03T16:14:42","guid":{"rendered":"https:\/\/www.spaininvestorsday.com\/?page_id=23917"},"modified":"2026-01-15T11:33:57","modified_gmt":"2026-01-15T11:33:57","slug":"ricardo-de-querol-alcaraz","status":"publish","type":"page","link":"https:\/\/www.spaininvestorsday.com\/en\/editions\/speakers\/ricardo-de-querol-alcaraz\/","title":{"rendered":"Ricardo de Querol Alcaraz"},"content":{"rendered":"\t\t<div data-elementor-type=\"wp-page\" data-elementor-id=\"23917\" class=\"elementor elementor-23917\" data-elementor-post-type=\"page\">\n\t\t\t\t\t\t<section class=\"elementor-section elementor-top-section elementor-element elementor-element-15a05b3e elementor-section-boxed elementor-section-height-default elementor-section-height-default\" data-id=\"15a05b3e\" data-element_type=\"section\" data-settings=\"{&quot;background_background&quot;:&quot;classic&quot;}\">\n\t\t\t\t\t\t<div class=\"elementor-container elementor-column-gap-default\">\n\t\t\t\t\t<div class=\"elementor-column elementor-col-33 elementor-top-column elementor-element elementor-element-74492401\" data-id=\"74492401\" data-element_type=\"column\">\n\t\t\t<div class=\"elementor-widget-wrap\">\n\t\t\t\t\t\t\t<\/div>\n\t\t<\/div>\n\t\t\t\t<div class=\"elementor-column elementor-col-66 elementor-top-column elementor-element elementor-element-306bd958\" data-id=\"306bd958\" data-element_type=\"column\">\n\t\t\t<div class=\"elementor-widget-wrap elementor-element-populated\">\n\t\t\t\t\t\t<div class=\"elementor-element elementor-element-668b1fa elementor-widget elementor-widget-text-editor\" data-id=\"668b1fa\" data-element_type=\"widget\" data-widget_type=\"text-editor.default\">\n\t\t\t\t<div class=\"elementor-widget-container\">\n\t\t\t\t\t\t\t\t\t<p><span class=\"TextRun Highlight SCXW39404092 BCX0\" lang=\"ES-ES\" xml:lang=\"ES-ES\" data-contrast=\"auto\"><span class=\"NormalTextRun SCXW39404092 BCX0\"><span class=\"TextRun Highlight SCXW223115611 BCX8\" lang=\"ES-ES\" xml:lang=\"ES-ES\" data-contrast=\"auto\"><span class=\"NormalTextRun SCXW223115611 BCX8\"><span class=\"TextRun Highlight SCXW142570077 BCX8\" lang=\"EN-US\" xml:lang=\"EN-US\" data-contrast=\"auto\"><span class=\"NormalTextRun SCXW142570077 BCX8\"><span class=\"TextRun SCXW81145220 BCX8\" lang=\"EN-US\" xml:lang=\"EN-US\" data-contrast=\"auto\"><span class=\"NormalTextRun SCXW81145220 BCX8\">Ricardo de Querol Alcaraz<\/span><\/span><\/span><\/span><\/span><\/span><\/span><\/span><\/p>\t\t\t\t\t\t\t\t<\/div>\n\t\t\t\t<\/div>\n\t\t\t\t\t<\/div>\n\t\t<\/div>\n\t\t\t\t\t<\/div>\n\t\t<\/section>\n\t\t\t\t<section class=\"elementor-section elementor-top-section elementor-element elementor-element-3729ed05 elementor-section-boxed elementor-section-height-default elementor-section-height-default\" data-id=\"3729ed05\" data-element_type=\"section\">\n\t\t\t\t\t\t<div class=\"elementor-container elementor-column-gap-default\">\n\t\t\t\t\t<div class=\"elementor-column elementor-col-33 elementor-top-column elementor-element elementor-element-6b3bb2bc\" data-id=\"6b3bb2bc\" data-element_type=\"column\">\n\t\t\t<div class=\"elementor-widget-wrap elementor-element-populated\">\n\t\t\t\t\t\t<div class=\"elementor-element elementor-element-40412d5a elementor-absolute elementor-hidden-mobile elementor-widget elementor-widget-image\" data-id=\"40412d5a\" data-element_type=\"widget\" data-settings=\"{&quot;_position&quot;:&quot;absolute&quot;}\" data-widget_type=\"image.default\">\n\t\t\t\t<div class=\"elementor-widget-container\">\n\t\t\t\t\t\t\t\t\t\t\t\t\t\t\t<img decoding=\"async\" src=\"https:\/\/www.spaininvestorsday.com\/wp-content\/uploads\/elementor\/thumbs\/Ricardo-de-Querol-Alcaraz-rfmch494igrmg5twdmh9mgtncgfshn7p0enn8kurbk.jpg\" title=\"Ricardo de Querol Alcaraz\" alt=\"Ricardo de Querol Alcaraz\" loading=\"lazy\" \/>\t\t\t\t\t\t\t\t\t\t\t\t\t\t\t<\/div>\n\t\t\t\t<\/div>\n\t\t\t\t<div class=\"elementor-element elementor-element-71a69102 elementor-hidden-desktop elementor-hidden-tablet elementor-widget elementor-widget-image\" data-id=\"71a69102\" data-element_type=\"widget\" data-widget_type=\"image.default\">\n\t\t\t\t<div class=\"elementor-widget-container\">\n\t\t\t\t\t\t\t\t\t\t\t\t\t\t\t<img decoding=\"async\" src=\"https:\/\/www.spaininvestorsday.com\/wp-content\/uploads\/elementor\/thumbs\/Ricardo-de-Querol-Alcaraz-rfmch494igrmg5twdmh9mgtncgfshn7p0enn8kurbk.jpg\" title=\"Ricardo de Querol Alcaraz\" alt=\"Ricardo de Querol Alcaraz\" loading=\"lazy\" \/>\t\t\t\t\t\t\t\t\t\t\t\t\t\t\t<\/div>\n\t\t\t\t<\/div>\n\t\t\t\t\t<\/div>\n\t\t<\/div>\n\t\t\t\t<div class=\"elementor-column elementor-col-66 elementor-top-column elementor-element elementor-element-5c39662a\" data-id=\"5c39662a\" data-element_type=\"column\">\n\t\t\t<div class=\"elementor-widget-wrap elementor-element-populated\">\n\t\t\t\t\t\t<div class=\"elementor-element elementor-element-72bf71 elementor-widget elementor-widget-text-editor\" data-id=\"72bf71\" data-element_type=\"widget\" data-widget_type=\"text-editor.default\">\n\t\t\t\t<div class=\"elementor-widget-container\">\n\t\t\t\t\t\t\t\t\t<h3><span class=\"TextRun Highlight SCXW39404092 BCX0\" lang=\"ES-ES\" xml:lang=\"ES-ES\" data-contrast=\"auto\"><span class=\"NormalTextRun SCXW39404092 BCX0\"><span class=\"TextRun Highlight SCXW128878198 BCX8\" lang=\"ES-ES\" xml:lang=\"ES-ES\" data-contrast=\"auto\"><span class=\"NormalTextRun SCXW128878198 BCX8\"><span class=\"TextRun Highlight SCXW39454592 BCX8\" lang=\"EN-US\" xml:lang=\"EN-US\" data-contrast=\"auto\"><span class=\"NormalTextRun SCXW39454592 BCX8\">Director of CincoD\u00edas.<\/span><\/span><\/span><\/span><span class=\"LineBreakBlob BlobObject DragDrop SCXW128878198 BCX8\"><br class=\"SCXW128878198 BCX8\"><\/span><\/span><\/span><\/h3>\n<p><span data-teams=\"true\">Ricardo de Querol has been appointed editor-in-chief of CincoD\u00edas and deputy editor-in-chief of the economics section of El Pa\u00eds. The change comes as part of the reorganization of the team under the new editor-in-chief of El Pa\u00eds, Jan Mart\u00ednez Ahrens, and aims to further strengthen the largest offering of economic information in Spain and Latin America.<\/span><\/p><p><span data-teams=\"true\">Until now, Querol had been deputy editor-in-chief of the print edition of El Pa\u00eds, a position he had held since 2019. He will return to the management of Spain&#8217;s leading economic newspaper, a position he held between 2016 and 2018.<\/span><\/p>\n<p>Ricardo de Querol Alcaraz (Madrid, 56) has a degree in Information Sciences from the Complutense University of Madrid. He began his career in 1988 reporting local news for the newspaper Ya and worked for more than ten years for Diario 16, where he was head of the Economy and National sections. In 1997 and 1998, he was editor-in-chief of the newspaper Tribuna de Salamanca, and then rejoined Diario 16 as closing editor and later editor-in-chief.<\/p>\n<p>In 2002, he joined CincoD\u00edas, where he was editor-in-chief and deputy director. In 2006, he joined El Pa\u00eds, where he has been editor-in-chief of Society, the Digital Desk, and the cultural supplement Babelia.<\/p>\n<p>During his previous stint as editor of CincoD\u00edas, he carried out a thorough overhaul of the newspaper&#8217;s design and content and was responsible for the launch of El Pa\u00eds Retina, a digital space and, at the time, a monthly magazine published by El Pa\u00eds on digital transformation.<\/p>\n<p>In January 2019, he was appointed deputy editor of El Pa\u00eds, in charge of the print edition. He has also been a columnist for the newspaper, a cultural critic, and the author of the essay La gran fragmentaci\u00f3n (Arpa).<\/p>\t\t\t\t\t\t\t\t<\/div>\n\t\t\t\t<\/div>\n\t\t\t\t\t<\/div>\n\t\t<\/div>\n\t\t\t\t\t<\/div>\n\t\t<\/section>\n\t\t\t\t<\/div>\n\t\t","protected":false},"excerpt":{"rendered":"<p>Ricardo de Querol Alcaraz Director of CincoD\u00edas. Ricardo de Querol has been appointed editor-in-chief of CincoD\u00edas and deputy editor-in-chief of the economics section of El Pa\u00eds. The change comes as part of the reorganization of the team under the new editor-in-chief of El Pa\u00eds, Jan Mart\u00ednez Ahrens, and aims to further strengthen the largest offering&hellip; <a class=\"more-link\" href=\"https:\/\/www.spaininvestorsday.com\/en\/editions\/speakers\/ricardo-de-querol-alcaraz\/\">Continue reading <span class=\"screen-reader-text\">Ricardo de Querol Alcaraz<\/span><\/a><\/p>\n","protected":false},"author":11,"featured_media":0,"parent":8627,"menu_order":0,"comment_status":"closed","ping_status":"closed","template":"elementor_header_footer","meta":{"inline_featured_image":false,"footnotes":""},"class_list":["post-23917","page","type-page","status-publish","hentry","entry"],"yoast_head":"<!-- This site is optimized with the Yoast SEO plugin v26.6 - https:\/\/yoast.com\/wordpress\/plugins\/seo\/ -->\n<title>Ricardo de Querol Alcaraz - Spain Investors Day<\/title>\n<meta name=\"robots\" content=\"index, follow, max-snippet:-1, max-image-preview:large, max-video-preview:-1\" \/>\n<link rel=\"canonical\" href=\"https:\/\/www.spaininvestorsday.com\/ediciones\/spearkers\/ricardo-de-querol-alcaraz\/\" \/>\n<meta property=\"og:locale\" content=\"en_US\" \/>\n<meta property=\"og:type\" content=\"article\" \/>\n<meta property=\"og:title\" content=\"Ricardo de Querol Alcaraz - Spain Investors Day\" \/>\n<meta property=\"og:description\" content=\"Ricardo de Querol Alcaraz Director of CincoD\u00edas. Ricardo de Querol has been appointed editor-in-chief of CincoD\u00edas and deputy editor-in-chief of the economics section of El Pa\u00eds. The change comes as part of the reorganization of the team under the new editor-in-chief of El Pa\u00eds, Jan Mart\u00ednez Ahrens, and aims to further strengthen the largest offering&hellip; Continue reading Ricardo de Querol Alcaraz\" \/>\n<meta property=\"og:url\" content=\"https:\/\/www.spaininvestorsday.com\/ediciones\/spearkers\/ricardo-de-querol-alcaraz\/\" \/>\n<meta property=\"og:site_name\" content=\"Spain Investors Day\" \/>\n<meta property=\"article:modified_time\" content=\"2026-01-15T11:33:57+00:00\" \/>\n<meta property=\"og:image\" content=\"https:\/\/www.spaininvestorsday.com\/wp-content\/uploads\/elementor\/thumbs\/Ricardo-de-Querol-Alcaraz-rfmch494igrmg5twdmh9mgtncgfshn7p0enn8kurbk.jpg\" \/>\n<meta name=\"twitter:card\" content=\"summary_large_image\" \/>\n<meta name=\"twitter:label1\" content=\"Est. reading time\" \/>\n\t<meta name=\"twitter:data1\" content=\"2 minutes\" \/>\n<script type=\"application\/ld+json\" class=\"yoast-schema-graph\">{\"@context\":\"https:\/\/schema.org\",\"@graph\":[{\"@type\":\"WebPage\",\"@id\":\"https:\/\/www.spaininvestorsday.com\/ediciones\/spearkers\/ricardo-de-querol-alcaraz\/\",\"url\":\"https:\/\/www.spaininvestorsday.com\/ediciones\/spearkers\/ricardo-de-querol-alcaraz\/\",\"name\":\"Ricardo de Querol Alcaraz - Spain Investors Day\",\"isPartOf\":{\"@id\":\"https:\/\/www.spaininvestorsday.com\/#website\"},\"primaryImageOfPage\":{\"@id\":\"https:\/\/www.spaininvestorsday.com\/ediciones\/spearkers\/ricardo-de-querol-alcaraz\/#primaryimage\"},\"image\":{\"@id\":\"https:\/\/www.spaininvestorsday.com\/ediciones\/spearkers\/ricardo-de-querol-alcaraz\/#primaryimage\"},\"thumbnailUrl\":\"https:\/\/www.spaininvestorsday.com\/wp-content\/uploads\/elementor\/thumbs\/Ricardo-de-Querol-Alcaraz-rfmch494igrmg5twdmh9mgtncgfshn7p0enn8kurbk.jpg\",\"datePublished\":\"2025-12-03T16:14:42+00:00\",\"dateModified\":\"2026-01-15T11:33:57+00:00\",\"breadcrumb\":{\"@id\":\"https:\/\/www.spaininvestorsday.com\/ediciones\/spearkers\/ricardo-de-querol-alcaraz\/#breadcrumb\"},\"inLanguage\":\"en-US\",\"potentialAction\":[{\"@type\":\"ReadAction\",\"target\":[\"https:\/\/www.spaininvestorsday.com\/ediciones\/spearkers\/ricardo-de-querol-alcaraz\/\"]}]},{\"@type\":\"ImageObject\",\"inLanguage\":\"en-US\",\"@id\":\"https:\/\/www.spaininvestorsday.com\/ediciones\/spearkers\/ricardo-de-querol-alcaraz\/#primaryimage\",\"url\":\"https:\/\/www.spaininvestorsday.com\/wp-content\/uploads\/elementor\/thumbs\/Ricardo-de-Querol-Alcaraz-rfmch494igrmg5twdmh9mgtncgfshn7p0enn8kurbk.jpg\",\"contentUrl\":\"https:\/\/www.spaininvestorsday.com\/wp-content\/uploads\/elementor\/thumbs\/Ricardo-de-Querol-Alcaraz-rfmch494igrmg5twdmh9mgtncgfshn7p0enn8kurbk.jpg\"},{\"@type\":\"BreadcrumbList\",\"@id\":\"https:\/\/www.spaininvestorsday.com\/ediciones\/spearkers\/ricardo-de-querol-alcaraz\/#breadcrumb\",\"itemListElement\":[{\"@type\":\"ListItem\",\"position\":1,\"name\":\"Portada\",\"item\":\"https:\/\/www.spaininvestorsday.com\/\"},{\"@type\":\"ListItem\",\"position\":2,\"name\":\"Editions\",\"item\":\"https:\/\/www.spaininvestorsday.com\/en\/editions\/\"},{\"@type\":\"ListItem\",\"position\":3,\"name\":\"Speakers\",\"item\":\"https:\/\/www.spaininvestorsday.com\/en\/editions\/speakers\/\"},{\"@type\":\"ListItem\",\"position\":4,\"name\":\"Ricardo de Querol Alcaraz\"}]},{\"@type\":\"WebSite\",\"@id\":\"https:\/\/www.spaininvestorsday.com\/#website\",\"url\":\"https:\/\/www.spaininvestorsday.com\/\",\"name\":\"Spain Investors Day\",\"description\":\"El foro profesional \u00fanico en Espa\u00f1a\",\"publisher\":{\"@id\":\"https:\/\/www.spaininvestorsday.com\/#organization\"},\"potentialAction\":[{\"@type\":\"SearchAction\",\"target\":{\"@type\":\"EntryPoint\",\"urlTemplate\":\"https:\/\/www.spaininvestorsday.com\/?s={search_term_string}\"},\"query-input\":{\"@type\":\"PropertyValueSpecification\",\"valueRequired\":true,\"valueName\":\"search_term_string\"}}],\"inLanguage\":\"en-US\"},{\"@type\":\"Organization\",\"@id\":\"https:\/\/www.spaininvestorsday.com\/#organization\",\"name\":\"Spain Investors Day\",\"url\":\"https:\/\/www.spaininvestorsday.com\/\",\"logo\":{\"@type\":\"ImageObject\",\"inLanguage\":\"en-US\",\"@id\":\"https:\/\/www.spaininvestorsday.com\/#\/schema\/logo\/image\/\",\"url\":\"https:\/\/www.spaininvestorsday.com\/wp-content\/uploads\/2021\/10\/SID-2021.svg\",\"contentUrl\":\"https:\/\/www.spaininvestorsday.com\/wp-content\/uploads\/2021\/10\/SID-2021.svg\",\"width\":199,\"height\":79,\"caption\":\"Spain Investors Day\"},\"image\":{\"@id\":\"https:\/\/www.spaininvestorsday.com\/#\/schema\/logo\/image\/\"}}]}<\/script>\n<!-- \/ Yoast SEO plugin. -->","yoast_head_json":{"title":"Ricardo de Querol Alcaraz - Spain Investors Day","robots":{"index":"index","follow":"follow","max-snippet":"max-snippet:-1","max-image-preview":"max-image-preview:large","max-video-preview":"max-video-preview:-1"},"canonical":"https:\/\/www.spaininvestorsday.com\/ediciones\/spearkers\/ricardo-de-querol-alcaraz\/","og_locale":"en_US","og_type":"article","og_title":"Ricardo de Querol Alcaraz - Spain Investors Day","og_description":"Ricardo de Querol Alcaraz Director of CincoD\u00edas. Ricardo de Querol has been appointed editor-in-chief of CincoD\u00edas and deputy editor-in-chief of the economics section of El Pa\u00eds. The change comes as part of the reorganization of the team under the new editor-in-chief of El Pa\u00eds, Jan Mart\u00ednez Ahrens, and aims to further strengthen the largest offering&hellip; Continue reading Ricardo de Querol Alcaraz","og_url":"https:\/\/www.spaininvestorsday.com\/ediciones\/spearkers\/ricardo-de-querol-alcaraz\/","og_site_name":"Spain Investors Day","article_modified_time":"2026-01-15T11:33:57+00:00","og_image":[{"url":"https:\/\/www.spaininvestorsday.com\/wp-content\/uploads\/elementor\/thumbs\/Ricardo-de-Querol-Alcaraz-rfmch494igrmg5twdmh9mgtncgfshn7p0enn8kurbk.jpg","type":"","width":"","height":""}],"twitter_card":"summary_large_image","twitter_misc":{"Est. reading time":"2 minutes"},"schema":{"@context":"https:\/\/schema.org","@graph":[{"@type":"WebPage","@id":"https:\/\/www.spaininvestorsday.com\/ediciones\/spearkers\/ricardo-de-querol-alcaraz\/","url":"https:\/\/www.spaininvestorsday.com\/ediciones\/spearkers\/ricardo-de-querol-alcaraz\/","name":"Ricardo de Querol Alcaraz - Spain Investors Day","isPartOf":{"@id":"https:\/\/www.spaininvestorsday.com\/#website"},"primaryImageOfPage":{"@id":"https:\/\/www.spaininvestorsday.com\/ediciones\/spearkers\/ricardo-de-querol-alcaraz\/#primaryimage"},"image":{"@id":"https:\/\/www.spaininvestorsday.com\/ediciones\/spearkers\/ricardo-de-querol-alcaraz\/#primaryimage"},"thumbnailUrl":"https:\/\/www.spaininvestorsday.com\/wp-content\/uploads\/elementor\/thumbs\/Ricardo-de-Querol-Alcaraz-rfmch494igrmg5twdmh9mgtncgfshn7p0enn8kurbk.jpg","datePublished":"2025-12-03T16:14:42+00:00","dateModified":"2026-01-15T11:33:57+00:00","breadcrumb":{"@id":"https:\/\/www.spaininvestorsday.com\/ediciones\/spearkers\/ricardo-de-querol-alcaraz\/#breadcrumb"},"inLanguage":"en-US","potentialAction":[{"@type":"ReadAction","target":["https:\/\/www.spaininvestorsday.com\/ediciones\/spearkers\/ricardo-de-querol-alcaraz\/"]}]},{"@type":"ImageObject","inLanguage":"en-US","@id":"https:\/\/www.spaininvestorsday.com\/ediciones\/spearkers\/ricardo-de-querol-alcaraz\/#primaryimage","url":"https:\/\/www.spaininvestorsday.com\/wp-content\/uploads\/elementor\/thumbs\/Ricardo-de-Querol-Alcaraz-rfmch494igrmg5twdmh9mgtncgfshn7p0enn8kurbk.jpg","contentUrl":"https:\/\/www.spaininvestorsday.com\/wp-content\/uploads\/elementor\/thumbs\/Ricardo-de-Querol-Alcaraz-rfmch494igrmg5twdmh9mgtncgfshn7p0enn8kurbk.jpg"},{"@type":"BreadcrumbList","@id":"https:\/\/www.spaininvestorsday.com\/ediciones\/spearkers\/ricardo-de-querol-alcaraz\/#breadcrumb","itemListElement":[{"@type":"ListItem","position":1,"name":"Portada","item":"https:\/\/www.spaininvestorsday.com\/"},{"@type":"ListItem","position":2,"name":"Editions","item":"https:\/\/www.spaininvestorsday.com\/en\/editions\/"},{"@type":"ListItem","position":3,"name":"Speakers","item":"https:\/\/www.spaininvestorsday.com\/en\/editions\/speakers\/"},{"@type":"ListItem","position":4,"name":"Ricardo de Querol Alcaraz"}]},{"@type":"WebSite","@id":"https:\/\/www.spaininvestorsday.com\/#website","url":"https:\/\/www.spaininvestorsday.com\/","name":"Spain Investors Day","description":"El foro profesional \u00fanico en Espa\u00f1a","publisher":{"@id":"https:\/\/www.spaininvestorsday.com\/#organization"},"potentialAction":[{"@type":"SearchAction","target":{"@type":"EntryPoint","urlTemplate":"https:\/\/www.spaininvestorsday.com\/?s={search_term_string}"},"query-input":{"@type":"PropertyValueSpecification","valueRequired":true,"valueName":"search_term_string"}}],"inLanguage":"en-US"},{"@type":"Organization","@id":"https:\/\/www.spaininvestorsday.com\/#organization","name":"Spain Investors Day","url":"https:\/\/www.spaininvestorsday.com\/","logo":{"@type":"ImageObject","inLanguage":"en-US","@id":"https:\/\/www.spaininvestorsday.com\/#\/schema\/logo\/image\/","url":"https:\/\/www.spaininvestorsday.com\/wp-content\/uploads\/2021\/10\/SID-2021.svg","contentUrl":"https:\/\/www.spaininvestorsday.com\/wp-content\/uploads\/2021\/10\/SID-2021.svg","width":199,"height":79,"caption":"Spain Investors Day"},"image":{"@id":"https:\/\/www.spaininvestorsday.com\/#\/schema\/logo\/image\/"}}]}},"_links":{"self":[{"href":"https:\/\/www.spaininvestorsday.com\/en\/wp-json\/wp\/v2\/pages\/23917","targetHints":{"allow":["GET"]}}],"collection":[{"href":"https:\/\/www.spaininvestorsday.com\/en\/wp-json\/wp\/v2\/pages"}],"about":[{"href":"https:\/\/www.spaininvestorsday.com\/en\/wp-json\/wp\/v2\/types\/page"}],"author":[{"embeddable":true,"href":"https:\/\/www.spaininvestorsday.com\/en\/wp-json\/wp\/v2\/users\/11"}],"replies":[{"embeddable":true,"href":"https:\/\/www.spaininvestorsday.com\/en\/wp-json\/wp\/v2\/comments?post=23917"}],"version-history":[{"count":19,"href":"https:\/\/www.spaininvestorsday.com\/en\/wp-json\/wp\/v2\/pages\/23917\/revisions"}],"predecessor-version":[{"id":25250,"href":"https:\/\/www.spaininvestorsday.com\/en\/wp-json\/wp\/v2\/pages\/23917\/revisions\/25250"}],"up":[{"embeddable":true,"href":"https:\/\/www.spaininvestorsday.com\/en\/wp-json\/wp\/v2\/pages\/8627"}],"wp:attachment":[{"href":"https:\/\/www.spaininvestorsday.com\/en\/wp-json\/wp\/v2\/media?parent=23917"}],"curies":[{"name":"wp","href":"https:\/\/api.w.org\/{rel}","templated":true}]}}