{"id":23867,"date":"2025-12-03T15:56:56","date_gmt":"2025-12-03T15:56:56","guid":{"rendered":"https:\/\/www.spaininvestorsday.com\/?page_id=23867"},"modified":"2026-01-15T12:13:25","modified_gmt":"2026-01-15T12:13:25","slug":"joseph-oughourlian","status":"publish","type":"page","link":"https:\/\/www.spaininvestorsday.com\/en\/editions\/speakers\/joseph-oughourlian\/","title":{"rendered":"Joseph Oughourlian"},"content":{"rendered":"\t\t<div data-elementor-type=\"wp-page\" data-elementor-id=\"23867\" class=\"elementor elementor-23867 elementor-23866\" data-elementor-post-type=\"page\">\n\t\t\t\t\t\t<section class=\"elementor-section elementor-top-section elementor-element elementor-element-15a05b3e elementor-section-boxed elementor-section-height-default elementor-section-height-default\" data-id=\"15a05b3e\" data-element_type=\"section\" data-settings=\"{&quot;background_background&quot;:&quot;classic&quot;}\">\n\t\t\t\t\t\t<div class=\"elementor-container elementor-column-gap-default\">\n\t\t\t\t\t<div class=\"elementor-column elementor-col-33 elementor-top-column elementor-element elementor-element-74492401\" data-id=\"74492401\" data-element_type=\"column\">\n\t\t\t<div class=\"elementor-widget-wrap\">\n\t\t\t\t\t\t\t<\/div>\n\t\t<\/div>\n\t\t\t\t<div class=\"elementor-column elementor-col-66 elementor-top-column elementor-element elementor-element-306bd958\" data-id=\"306bd958\" data-element_type=\"column\">\n\t\t\t<div class=\"elementor-widget-wrap elementor-element-populated\">\n\t\t\t\t\t\t<div class=\"elementor-element elementor-element-668b1fa elementor-widget elementor-widget-text-editor\" data-id=\"668b1fa\" data-element_type=\"widget\" data-widget_type=\"text-editor.default\">\n\t\t\t\t<div class=\"elementor-widget-container\">\n\t\t\t\t\t\t\t\t\t<p><span class=\"TextRun Highlight SCXW39404092 BCX0\" lang=\"ES-ES\" xml:lang=\"ES-ES\" data-contrast=\"auto\"><span class=\"NormalTextRun SCXW39404092 BCX0\"><span class=\"TextRun Highlight SCXW223115611 BCX8\" lang=\"ES-ES\" xml:lang=\"ES-ES\" data-contrast=\"auto\"><span class=\"NormalTextRun SCXW223115611 BCX8\">Joseph Oughourlian<\/span><\/span><\/span><\/span><\/p>\t\t\t\t\t\t\t\t<\/div>\n\t\t\t\t<\/div>\n\t\t\t\t\t<\/div>\n\t\t<\/div>\n\t\t\t\t\t<\/div>\n\t\t<\/section>\n\t\t\t\t<section class=\"elementor-section elementor-top-section elementor-element elementor-element-3729ed05 elementor-section-boxed elementor-section-height-default elementor-section-height-default\" data-id=\"3729ed05\" data-element_type=\"section\">\n\t\t\t\t\t\t<div class=\"elementor-container elementor-column-gap-default\">\n\t\t\t\t\t<div class=\"elementor-column elementor-col-33 elementor-top-column elementor-element elementor-element-6b3bb2bc\" data-id=\"6b3bb2bc\" data-element_type=\"column\">\n\t\t\t<div class=\"elementor-widget-wrap elementor-element-populated\">\n\t\t\t\t\t\t<div class=\"elementor-element elementor-element-40412d5a elementor-absolute elementor-hidden-mobile elementor-widget elementor-widget-image\" data-id=\"40412d5a\" data-element_type=\"widget\" data-settings=\"{&quot;_position&quot;:&quot;absolute&quot;}\" data-widget_type=\"image.default\">\n\t\t\t\t<div class=\"elementor-widget-container\">\n\t\t\t\t\t\t\t\t\t\t\t\t\t\t\t<img decoding=\"async\" src=\"https:\/\/www.spaininvestorsday.com\/wp-content\/uploads\/elementor\/thumbs\/Diseno-sin-titulo-7-rfmbbju2a7v50y7j3nn7cyftn1bg3i70mo2n82hihc.jpg\" title=\"Dise\u00f1o sin t\u00edtulo (7)\" alt=\"Dise\u00f1o sin t\u00edtulo (7)\" loading=\"lazy\" \/>\t\t\t\t\t\t\t\t\t\t\t\t\t\t\t<\/div>\n\t\t\t\t<\/div>\n\t\t\t\t<div class=\"elementor-element elementor-element-71a69102 elementor-hidden-desktop elementor-hidden-tablet elementor-widget elementor-widget-image\" data-id=\"71a69102\" data-element_type=\"widget\" data-widget_type=\"image.default\">\n\t\t\t\t<div class=\"elementor-widget-container\">\n\t\t\t\t\t\t\t\t\t\t\t\t\t\t\t<img decoding=\"async\" src=\"https:\/\/www.spaininvestorsday.com\/wp-content\/uploads\/elementor\/thumbs\/Joseph-Oughourlian-1-rfmc437ns4xjiqr7ghqfk96mx6nmsohmvx4cri67kg.jpg\" title=\"Joseph Oughourlian 1\" alt=\"Joseph Oughourlian 1\" loading=\"lazy\" \/>\t\t\t\t\t\t\t\t\t\t\t\t\t\t\t<\/div>\n\t\t\t\t<\/div>\n\t\t\t\t\t<\/div>\n\t\t<\/div>\n\t\t\t\t<div class=\"elementor-column elementor-col-66 elementor-top-column elementor-element elementor-element-5c39662a\" data-id=\"5c39662a\" data-element_type=\"column\">\n\t\t\t<div class=\"elementor-widget-wrap elementor-element-populated\">\n\t\t\t\t\t\t<div class=\"elementor-element elementor-element-72bf71 elementor-widget elementor-widget-text-editor\" data-id=\"72bf71\" data-element_type=\"widget\" data-widget_type=\"text-editor.default\">\n\t\t\t\t<div class=\"elementor-widget-container\">\n\t\t\t\t\t\t\t\t\t<h3><span class=\"TextRun Highlight SCXW39404092 BCX0\" lang=\"ES-ES\" xml:lang=\"ES-ES\" data-contrast=\"auto\"><span class=\"NormalTextRun SCXW39404092 BCX0\"><span class=\"TextRun Highlight SCXW128878198 BCX8\" lang=\"ES-ES\" xml:lang=\"ES-ES\" data-contrast=\"auto\"><span class=\"NormalTextRun SCXW128878198 BCX8\">Chairman of PRISA GROUP<\/span><\/span><span class=\"LineBreakBlob BlobObject DragDrop SCXW128878198 BCX8\"><br class=\"SCXW128878198 BCX8\" \/><\/span><\/span><\/span><\/h3><p><span data-contrast=\"auto\">Joseph\u00a0Oughourlian\u00a0is the founder of Amber Capital, a firm he\u00a0established\u00a0in New York in November 2005.\u00a0Oughourlian\u00a0began his career at Soci\u00e9t\u00e9 G\u00e9n\u00e9rale in Paris in 1994 and moved to New York in 1996. In 1997, he started managing Soci\u00e9t\u00e9 G\u00e9n\u00e9rale\u2019s direct equity holdings in New York, which led him to create\u00a0Amber\u00a0Fund in October 2001 with the bank\u2019s\u00a0initial\u00a0capital.<\/span><span data-ccp-props=\"{&quot;134233117&quot;:false,&quot;134233118&quot;:false,&quot;335551550&quot;:1,&quot;335551620&quot;:1,&quot;335559738&quot;:240,&quot;335559739&quot;:240}\">\u00a0<\/span><\/p><p><span data-contrast=\"auto\">Oughourlian\u00a0graduated from HEC and IEP (Sciences Po), both in Paris, and obtained a postgraduate degree in Economics from the Sorbonne in Paris.\u00a0Oughourlian\u00a0serves on the boards of several companies.<\/span><span data-ccp-props=\"{&quot;134233117&quot;:false,&quot;134233118&quot;:false,&quot;335551550&quot;:1,&quot;335551620&quot;:1,&quot;335559738&quot;:240,&quot;335559739&quot;:240}\">\u00a0<\/span><\/p><p><span data-contrast=\"auto\">He was appointed a director of PRISA in December 2015 and Vice\u00a0Chairman\u00a0of the Board of Directors in April 2019. In February 2021, he was appointed\u00a0Chairman.<\/span><span data-ccp-props=\"{&quot;134233117&quot;:false,&quot;134233118&quot;:false,&quot;335551550&quot;:1,&quot;335551620&quot;:1,&quot;335559738&quot;:240,&quot;335559739&quot;:240}\">\u00a0<\/span><\/p>\t\t\t\t\t\t\t\t<\/div>\n\t\t\t\t<\/div>\n\t\t\t\t\t<\/div>\n\t\t<\/div>\n\t\t\t\t\t<\/div>\n\t\t<\/section>\n\t\t\t\t<\/div>\n\t\t","protected":false},"excerpt":{"rendered":"<p>Joseph Oughourlian Chairman of PRISA GROUP Joseph\u00a0Oughourlian\u00a0is the founder of Amber Capital, a firm he\u00a0established\u00a0in New York in November 2005.\u00a0Oughourlian\u00a0began his career at Soci\u00e9t\u00e9 G\u00e9n\u00e9rale in Paris in 1994 and moved to New York in 1996. In 1997, he started managing Soci\u00e9t\u00e9 G\u00e9n\u00e9rale\u2019s direct equity holdings in New York, which led him to create\u00a0Amber\u00a0Fund in&hellip; <a class=\"more-link\" href=\"https:\/\/www.spaininvestorsday.com\/en\/editions\/speakers\/joseph-oughourlian\/\">Continue reading <span class=\"screen-reader-text\">Joseph Oughourlian<\/span><\/a><\/p>\n","protected":false},"author":11,"featured_media":0,"parent":8627,"menu_order":0,"comment_status":"closed","ping_status":"closed","template":"elementor_header_footer","meta":{"inline_featured_image":false,"footnotes":""},"class_list":["post-23867","page","type-page","status-publish","hentry","entry"],"yoast_head":"<!-- This site is optimized with the Yoast SEO plugin v26.6 - https:\/\/yoast.com\/wordpress\/plugins\/seo\/ -->\n<title>Joseph Oughourlian - Spain Investors Day<\/title>\n<meta name=\"robots\" content=\"index, follow, max-snippet:-1, max-image-preview:large, max-video-preview:-1\" \/>\n<link rel=\"canonical\" href=\"https:\/\/www.spaininvestorsday.com\/ediciones\/spearkers\/joseph-oughourlian\/\" \/>\n<meta property=\"og:locale\" content=\"en_US\" \/>\n<meta property=\"og:type\" content=\"article\" \/>\n<meta property=\"og:title\" content=\"Joseph Oughourlian - Spain Investors Day\" \/>\n<meta property=\"og:description\" content=\"Joseph Oughourlian Chairman of PRISA GROUP Joseph\u00a0Oughourlian\u00a0is the founder of Amber Capital, a firm he\u00a0established\u00a0in New York in November 2005.\u00a0Oughourlian\u00a0began his career at Soci\u00e9t\u00e9 G\u00e9n\u00e9rale in Paris in 1994 and moved to New York in 1996. In 1997, he started managing Soci\u00e9t\u00e9 G\u00e9n\u00e9rale\u2019s direct equity holdings in New York, which led him to create\u00a0Amber\u00a0Fund in&hellip; Continue reading Joseph Oughourlian\" \/>\n<meta property=\"og:url\" content=\"https:\/\/www.spaininvestorsday.com\/ediciones\/spearkers\/joseph-oughourlian\/\" \/>\n<meta property=\"og:site_name\" content=\"Spain Investors Day\" \/>\n<meta property=\"article:modified_time\" content=\"2026-01-15T12:13:25+00:00\" \/>\n<meta property=\"og:image\" content=\"https:\/\/www.spaininvestorsday.com\/wp-content\/uploads\/elementor\/thumbs\/Diseno-sin-titulo-7-rfmbbju2a7v50y7j3nn7cyftn1bg3i70mo2n82hihc.jpg\" \/>\n<meta name=\"twitter:card\" content=\"summary_large_image\" \/>\n<meta name=\"twitter:label1\" content=\"Est. reading time\" \/>\n\t<meta name=\"twitter:data1\" content=\"1 minute\" \/>\n<script type=\"application\/ld+json\" class=\"yoast-schema-graph\">{\"@context\":\"https:\/\/schema.org\",\"@graph\":[{\"@type\":\"WebPage\",\"@id\":\"https:\/\/www.spaininvestorsday.com\/ediciones\/spearkers\/joseph-oughourlian\/\",\"url\":\"https:\/\/www.spaininvestorsday.com\/ediciones\/spearkers\/joseph-oughourlian\/\",\"name\":\"Joseph Oughourlian - Spain Investors Day\",\"isPartOf\":{\"@id\":\"https:\/\/www.spaininvestorsday.com\/#website\"},\"primaryImageOfPage\":{\"@id\":\"https:\/\/www.spaininvestorsday.com\/ediciones\/spearkers\/joseph-oughourlian\/#primaryimage\"},\"image\":{\"@id\":\"https:\/\/www.spaininvestorsday.com\/ediciones\/spearkers\/joseph-oughourlian\/#primaryimage\"},\"thumbnailUrl\":\"https:\/\/www.spaininvestorsday.com\/wp-content\/uploads\/elementor\/thumbs\/Diseno-sin-titulo-7-rfmbbju2a7v50y7j3nn7cyftn1bg3i70mo2n82hihc.jpg\",\"datePublished\":\"2025-12-03T15:56:56+00:00\",\"dateModified\":\"2026-01-15T12:13:25+00:00\",\"breadcrumb\":{\"@id\":\"https:\/\/www.spaininvestorsday.com\/ediciones\/spearkers\/joseph-oughourlian\/#breadcrumb\"},\"inLanguage\":\"en-US\",\"potentialAction\":[{\"@type\":\"ReadAction\",\"target\":[\"https:\/\/www.spaininvestorsday.com\/ediciones\/spearkers\/joseph-oughourlian\/\"]}]},{\"@type\":\"ImageObject\",\"inLanguage\":\"en-US\",\"@id\":\"https:\/\/www.spaininvestorsday.com\/ediciones\/spearkers\/joseph-oughourlian\/#primaryimage\",\"url\":\"https:\/\/www.spaininvestorsday.com\/wp-content\/uploads\/elementor\/thumbs\/Diseno-sin-titulo-7-rfmbbju2a7v50y7j3nn7cyftn1bg3i70mo2n82hihc.jpg\",\"contentUrl\":\"https:\/\/www.spaininvestorsday.com\/wp-content\/uploads\/elementor\/thumbs\/Diseno-sin-titulo-7-rfmbbju2a7v50y7j3nn7cyftn1bg3i70mo2n82hihc.jpg\"},{\"@type\":\"BreadcrumbList\",\"@id\":\"https:\/\/www.spaininvestorsday.com\/ediciones\/spearkers\/joseph-oughourlian\/#breadcrumb\",\"itemListElement\":[{\"@type\":\"ListItem\",\"position\":1,\"name\":\"Portada\",\"item\":\"https:\/\/www.spaininvestorsday.com\/\"},{\"@type\":\"ListItem\",\"position\":2,\"name\":\"Editions\",\"item\":\"https:\/\/www.spaininvestorsday.com\/en\/editions\/\"},{\"@type\":\"ListItem\",\"position\":3,\"name\":\"Speakers\",\"item\":\"https:\/\/www.spaininvestorsday.com\/en\/editions\/speakers\/\"},{\"@type\":\"ListItem\",\"position\":4,\"name\":\"Joseph Oughourlian\"}]},{\"@type\":\"WebSite\",\"@id\":\"https:\/\/www.spaininvestorsday.com\/#website\",\"url\":\"https:\/\/www.spaininvestorsday.com\/\",\"name\":\"Spain Investors Day\",\"description\":\"El foro profesional \u00fanico en Espa\u00f1a\",\"publisher\":{\"@id\":\"https:\/\/www.spaininvestorsday.com\/#organization\"},\"potentialAction\":[{\"@type\":\"SearchAction\",\"target\":{\"@type\":\"EntryPoint\",\"urlTemplate\":\"https:\/\/www.spaininvestorsday.com\/?s={search_term_string}\"},\"query-input\":{\"@type\":\"PropertyValueSpecification\",\"valueRequired\":true,\"valueName\":\"search_term_string\"}}],\"inLanguage\":\"en-US\"},{\"@type\":\"Organization\",\"@id\":\"https:\/\/www.spaininvestorsday.com\/#organization\",\"name\":\"Spain Investors Day\",\"url\":\"https:\/\/www.spaininvestorsday.com\/\",\"logo\":{\"@type\":\"ImageObject\",\"inLanguage\":\"en-US\",\"@id\":\"https:\/\/www.spaininvestorsday.com\/#\/schema\/logo\/image\/\",\"url\":\"https:\/\/www.spaininvestorsday.com\/wp-content\/uploads\/2021\/10\/SID-2021.svg\",\"contentUrl\":\"https:\/\/www.spaininvestorsday.com\/wp-content\/uploads\/2021\/10\/SID-2021.svg\",\"width\":199,\"height\":79,\"caption\":\"Spain Investors Day\"},\"image\":{\"@id\":\"https:\/\/www.spaininvestorsday.com\/#\/schema\/logo\/image\/\"}}]}<\/script>\n<!-- \/ Yoast SEO plugin. -->","yoast_head_json":{"title":"Joseph Oughourlian - Spain Investors Day","robots":{"index":"index","follow":"follow","max-snippet":"max-snippet:-1","max-image-preview":"max-image-preview:large","max-video-preview":"max-video-preview:-1"},"canonical":"https:\/\/www.spaininvestorsday.com\/ediciones\/spearkers\/joseph-oughourlian\/","og_locale":"en_US","og_type":"article","og_title":"Joseph Oughourlian - Spain Investors Day","og_description":"Joseph Oughourlian Chairman of PRISA GROUP Joseph\u00a0Oughourlian\u00a0is the founder of Amber Capital, a firm he\u00a0established\u00a0in New York in November 2005.\u00a0Oughourlian\u00a0began his career at Soci\u00e9t\u00e9 G\u00e9n\u00e9rale in Paris in 1994 and moved to New York in 1996. In 1997, he started managing Soci\u00e9t\u00e9 G\u00e9n\u00e9rale\u2019s direct equity holdings in New York, which led him to create\u00a0Amber\u00a0Fund in&hellip; Continue reading Joseph Oughourlian","og_url":"https:\/\/www.spaininvestorsday.com\/ediciones\/spearkers\/joseph-oughourlian\/","og_site_name":"Spain Investors Day","article_modified_time":"2026-01-15T12:13:25+00:00","og_image":[{"url":"https:\/\/www.spaininvestorsday.com\/wp-content\/uploads\/elementor\/thumbs\/Diseno-sin-titulo-7-rfmbbju2a7v50y7j3nn7cyftn1bg3i70mo2n82hihc.jpg","type":"","width":"","height":""}],"twitter_card":"summary_large_image","twitter_misc":{"Est. reading time":"1 minute"},"schema":{"@context":"https:\/\/schema.org","@graph":[{"@type":"WebPage","@id":"https:\/\/www.spaininvestorsday.com\/ediciones\/spearkers\/joseph-oughourlian\/","url":"https:\/\/www.spaininvestorsday.com\/ediciones\/spearkers\/joseph-oughourlian\/","name":"Joseph Oughourlian - Spain Investors Day","isPartOf":{"@id":"https:\/\/www.spaininvestorsday.com\/#website"},"primaryImageOfPage":{"@id":"https:\/\/www.spaininvestorsday.com\/ediciones\/spearkers\/joseph-oughourlian\/#primaryimage"},"image":{"@id":"https:\/\/www.spaininvestorsday.com\/ediciones\/spearkers\/joseph-oughourlian\/#primaryimage"},"thumbnailUrl":"https:\/\/www.spaininvestorsday.com\/wp-content\/uploads\/elementor\/thumbs\/Diseno-sin-titulo-7-rfmbbju2a7v50y7j3nn7cyftn1bg3i70mo2n82hihc.jpg","datePublished":"2025-12-03T15:56:56+00:00","dateModified":"2026-01-15T12:13:25+00:00","breadcrumb":{"@id":"https:\/\/www.spaininvestorsday.com\/ediciones\/spearkers\/joseph-oughourlian\/#breadcrumb"},"inLanguage":"en-US","potentialAction":[{"@type":"ReadAction","target":["https:\/\/www.spaininvestorsday.com\/ediciones\/spearkers\/joseph-oughourlian\/"]}]},{"@type":"ImageObject","inLanguage":"en-US","@id":"https:\/\/www.spaininvestorsday.com\/ediciones\/spearkers\/joseph-oughourlian\/#primaryimage","url":"https:\/\/www.spaininvestorsday.com\/wp-content\/uploads\/elementor\/thumbs\/Diseno-sin-titulo-7-rfmbbju2a7v50y7j3nn7cyftn1bg3i70mo2n82hihc.jpg","contentUrl":"https:\/\/www.spaininvestorsday.com\/wp-content\/uploads\/elementor\/thumbs\/Diseno-sin-titulo-7-rfmbbju2a7v50y7j3nn7cyftn1bg3i70mo2n82hihc.jpg"},{"@type":"BreadcrumbList","@id":"https:\/\/www.spaininvestorsday.com\/ediciones\/spearkers\/joseph-oughourlian\/#breadcrumb","itemListElement":[{"@type":"ListItem","position":1,"name":"Portada","item":"https:\/\/www.spaininvestorsday.com\/"},{"@type":"ListItem","position":2,"name":"Editions","item":"https:\/\/www.spaininvestorsday.com\/en\/editions\/"},{"@type":"ListItem","position":3,"name":"Speakers","item":"https:\/\/www.spaininvestorsday.com\/en\/editions\/speakers\/"},{"@type":"ListItem","position":4,"name":"Joseph Oughourlian"}]},{"@type":"WebSite","@id":"https:\/\/www.spaininvestorsday.com\/#website","url":"https:\/\/www.spaininvestorsday.com\/","name":"Spain Investors Day","description":"El foro profesional \u00fanico en Espa\u00f1a","publisher":{"@id":"https:\/\/www.spaininvestorsday.com\/#organization"},"potentialAction":[{"@type":"SearchAction","target":{"@type":"EntryPoint","urlTemplate":"https:\/\/www.spaininvestorsday.com\/?s={search_term_string}"},"query-input":{"@type":"PropertyValueSpecification","valueRequired":true,"valueName":"search_term_string"}}],"inLanguage":"en-US"},{"@type":"Organization","@id":"https:\/\/www.spaininvestorsday.com\/#organization","name":"Spain Investors Day","url":"https:\/\/www.spaininvestorsday.com\/","logo":{"@type":"ImageObject","inLanguage":"en-US","@id":"https:\/\/www.spaininvestorsday.com\/#\/schema\/logo\/image\/","url":"https:\/\/www.spaininvestorsday.com\/wp-content\/uploads\/2021\/10\/SID-2021.svg","contentUrl":"https:\/\/www.spaininvestorsday.com\/wp-content\/uploads\/2021\/10\/SID-2021.svg","width":199,"height":79,"caption":"Spain Investors Day"},"image":{"@id":"https:\/\/www.spaininvestorsday.com\/#\/schema\/logo\/image\/"}}]}},"_links":{"self":[{"href":"https:\/\/www.spaininvestorsday.com\/en\/wp-json\/wp\/v2\/pages\/23867","targetHints":{"allow":["GET"]}}],"collection":[{"href":"https:\/\/www.spaininvestorsday.com\/en\/wp-json\/wp\/v2\/pages"}],"about":[{"href":"https:\/\/www.spaininvestorsday.com\/en\/wp-json\/wp\/v2\/types\/page"}],"author":[{"embeddable":true,"href":"https:\/\/www.spaininvestorsday.com\/en\/wp-json\/wp\/v2\/users\/11"}],"replies":[{"embeddable":true,"href":"https:\/\/www.spaininvestorsday.com\/en\/wp-json\/wp\/v2\/comments?post=23867"}],"version-history":[{"count":13,"href":"https:\/\/www.spaininvestorsday.com\/en\/wp-json\/wp\/v2\/pages\/23867\/revisions"}],"predecessor-version":[{"id":25463,"href":"https:\/\/www.spaininvestorsday.com\/en\/wp-json\/wp\/v2\/pages\/23867\/revisions\/25463"}],"up":[{"embeddable":true,"href":"https:\/\/www.spaininvestorsday.com\/en\/wp-json\/wp\/v2\/pages\/8627"}],"wp:attachment":[{"href":"https:\/\/www.spaininvestorsday.com\/en\/wp-json\/wp\/v2\/media?parent=23867"}],"curies":[{"name":"wp","href":"https:\/\/api.w.org\/{rel}","templated":true}]}}