{"id":21598,"date":"2024-12-23T16:45:07","date_gmt":"2024-12-23T16:45:07","guid":{"rendered":"https:\/\/www.spaininvestorsday.com\/?page_id=21598"},"modified":"2024-12-23T16:46:24","modified_gmt":"2024-12-23T16:46:24","slug":"francisco-roman","status":"publish","type":"page","link":"https:\/\/www.spaininvestorsday.com\/en\/editions\/speakers\/francisco-roman\/","title":{"rendered":"Francisco Rom\u00e1n"},"content":{"rendered":"\t\t<div data-elementor-type=\"wp-page\" data-elementor-id=\"21598\" class=\"elementor elementor-21598 elementor-21597\" data-elementor-post-type=\"page\">\n\t\t\t\t\t\t<section class=\"elementor-section elementor-top-section elementor-element elementor-element-15a05b3e elementor-section-boxed elementor-section-height-default elementor-section-height-default\" data-id=\"15a05b3e\" data-element_type=\"section\" data-settings=\"{&quot;background_background&quot;:&quot;classic&quot;}\">\n\t\t\t\t\t\t<div class=\"elementor-container elementor-column-gap-default\">\n\t\t\t\t\t<div class=\"elementor-column elementor-col-33 elementor-top-column elementor-element elementor-element-74492401\" data-id=\"74492401\" data-element_type=\"column\">\n\t\t\t<div class=\"elementor-widget-wrap\">\n\t\t\t\t\t\t\t<\/div>\n\t\t<\/div>\n\t\t\t\t<div class=\"elementor-column elementor-col-66 elementor-top-column elementor-element elementor-element-306bd958\" data-id=\"306bd958\" data-element_type=\"column\">\n\t\t\t<div class=\"elementor-widget-wrap elementor-element-populated\">\n\t\t\t\t\t\t<div class=\"elementor-element elementor-element-668b1fa elementor-widget elementor-widget-text-editor\" data-id=\"668b1fa\" data-element_type=\"widget\" data-widget_type=\"text-editor.default\">\n\t\t\t\t<div class=\"elementor-widget-container\">\n\t\t\t\t\t\t\t\t\t<p>Francisco Rom\u00e1n<\/p>\t\t\t\t\t\t\t\t<\/div>\n\t\t\t\t<\/div>\n\t\t\t\t\t<\/div>\n\t\t<\/div>\n\t\t\t\t\t<\/div>\n\t\t<\/section>\n\t\t\t\t<section class=\"elementor-section elementor-top-section elementor-element elementor-element-3729ed05 elementor-section-boxed elementor-section-height-default elementor-section-height-default\" data-id=\"3729ed05\" data-element_type=\"section\">\n\t\t\t\t\t\t<div class=\"elementor-container elementor-column-gap-default\">\n\t\t\t\t\t<div class=\"elementor-column elementor-col-33 elementor-top-column elementor-element elementor-element-6b3bb2bc\" data-id=\"6b3bb2bc\" data-element_type=\"column\">\n\t\t\t<div class=\"elementor-widget-wrap elementor-element-populated\">\n\t\t\t\t\t\t<div class=\"elementor-element elementor-element-40412d5a elementor-absolute elementor-hidden-mobile elementor-widget elementor-widget-image\" data-id=\"40412d5a\" data-element_type=\"widget\" data-settings=\"{&quot;_position&quot;:&quot;absolute&quot;}\" data-widget_type=\"image.default\">\n\t\t\t\t<div class=\"elementor-widget-container\">\n\t\t\t\t\t\t\t\t\t\t\t\t\t\t\t<img decoding=\"async\" src=\"https:\/\/www.spaininvestorsday.com\/wp-content\/uploads\/elementor\/thumbs\/francisco-roman-nuevo-presidente-lyntia-e1734971837820-qyxu985fk34es9xo68eo6mpgrgo2zl9q3dvqz8mf2o.jpeg\" title=\"francisco-roman-nuevo-presidente-lyntia\" alt=\"francisco-roman-nuevo-presidente-lyntia\" loading=\"lazy\" \/>\t\t\t\t\t\t\t\t\t\t\t\t\t\t\t<\/div>\n\t\t\t\t<\/div>\n\t\t\t\t<div class=\"elementor-element elementor-element-71a69102 elementor-hidden-desktop elementor-hidden-tablet elementor-widget elementor-widget-image\" data-id=\"71a69102\" data-element_type=\"widget\" data-widget_type=\"image.default\">\n\t\t\t\t<div class=\"elementor-widget-container\">\n\t\t\t\t\t\t\t\t\t\t\t\t\t\t\t<img decoding=\"async\" src=\"https:\/\/www.spaininvestorsday.com\/wp-content\/uploads\/elementor\/thumbs\/adolfo-calvino-e1673340970895-q0g6p2ee7xbjk9pkg0zf55c83ikfz8p7ha9p7g0low.jpg\" title=\"adolfo calvi\u00f1o\" alt=\"adolfo calvi\u00f1o\" loading=\"lazy\" \/>\t\t\t\t\t\t\t\t\t\t\t\t\t\t\t<\/div>\n\t\t\t\t<\/div>\n\t\t\t\t\t<\/div>\n\t\t<\/div>\n\t\t\t\t<div class=\"elementor-column elementor-col-66 elementor-top-column elementor-element elementor-element-5c39662a\" data-id=\"5c39662a\" data-element_type=\"column\">\n\t\t\t<div class=\"elementor-widget-wrap elementor-element-populated\">\n\t\t\t\t\t\t<div class=\"elementor-element elementor-element-72bf71 elementor-widget elementor-widget-text-editor\" data-id=\"72bf71\" data-element_type=\"widget\" data-widget_type=\"text-editor.default\">\n\t\t\t\t<div class=\"elementor-widget-container\">\n\t\t\t\t\t\t\t\t\t<h3><span class=\"TextRun SCXW61731935 BCX9\" lang=\"EN-GB\" xml:lang=\"EN-GB\" data-contrast=\"auto\"><span class=\"NormalTextRun SpellingErrorV2Themed SCXW61731935 BCX9\">President of LYNTIA<\/span><\/span><\/h3><p>Francisco Rom\u00e1n is Senior Lecturer in the Strategic Management Department at IESE Business School. He holds a degree in Telecommunications Engineering from the Polytechnic University of Madrid, and a PDD from IESE Business School.<\/p><p>Francisco Rom\u00e1n began his professional career at Sainco and in 1983 he joined the subsidiary of the multinational computer company Hewlett Packard where he was appointed Director of the Telecommunications, Electronics and Defence Area. At the beginning of 1992 he became Director for Spain of AirTouch International, one of the founding companies of Airtel M\u00f3vil S.A., where he was Director of Technology, after obtaining the first telecommunications liberalisation licence in Spain. CEO of Microsoft Ib\u00e9rica since 1998, he rejoined Vodafone in July 2002 as Chief Operating Officer and was appointed CEO in February 2003 and Chairman and CEO in January 2008. Until 1 January 2019, he was Chairman of Vodafone Spain and of the Vodafone Spain Foundation. He has also been a member of the international Vodafone Group Foundation Board of Trustees.<\/p><p>Currently, since January 2023, he chairs the fibre neutral operator Lyntia Networks, and from May 2015 to March 2023 he chaired the company March RS belonging to Banca March.<\/p><p>He is also Chairman of the Teaming Foundation, which uses technology to raise funds for social purposes.<\/p><p>Francisco Rom\u00e1n is a member of the Advisory Board of the Universidad Europea de Madrid, of the Professional Council of ESADE, and of the Advisory Board of the ETSIT of the Universidad Polit\u00e9cnica de Madrid. He is also a member of the Board of Directors of the C\u00edrculo de Empresarios, of the Governing Council of APD (Asociaci\u00f3n para el Progreso de la Direcci\u00f3n), and of various associations in the telecommunications and information society sector. From 2014 to 2017 he was an independent director of NH Group, chairing the Corporate Governance and Remuneration Committee, and as a member of the Audit Committee.<\/p><p>In the field of CSR, from 2015 to June 2021 he chaired the SERES Foundation, which brings together more than 150 companies and promotes the commitment of companies to improving society, and in which he continues as a member of the Board of Directors and Chairman of the Good Governance Committee.<\/p><p>A trustee of the CASER Foundation, throughout his professional career he has been a member of the Board of Trustees of the Red Cross, COTEC, the Tecsos Foundation, the Royal Theatre, the Sustainability Excellence Club, and various foundations and associations related to disability.<\/p><p>In the field of innovation and startup development, he participates in the VC funds Vitamina k and K Fund.<\/p>\t\t\t\t\t\t\t\t<\/div>\n\t\t\t\t<\/div>\n\t\t\t\t\t<\/div>\n\t\t<\/div>\n\t\t\t\t\t<\/div>\n\t\t<\/section>\n\t\t\t\t<\/div>\n\t\t","protected":false},"excerpt":{"rendered":"<p>Francisco Rom\u00e1n President of LYNTIA Francisco Rom\u00e1n is Senior Lecturer in the Strategic Management Department at IESE Business School. He holds a degree in Telecommunications Engineering from the Polytechnic University of Madrid, and a PDD from IESE Business School. Francisco Rom\u00e1n began his professional career at Sainco and in 1983 he joined the subsidiary of&hellip; <a class=\"more-link\" href=\"https:\/\/www.spaininvestorsday.com\/en\/editions\/speakers\/francisco-roman\/\">Continue reading <span class=\"screen-reader-text\">Francisco Rom\u00e1n<\/span><\/a><\/p>\n","protected":false},"author":11,"featured_media":0,"parent":8627,"menu_order":0,"comment_status":"closed","ping_status":"closed","template":"elementor_header_footer","meta":{"inline_featured_image":false,"footnotes":""},"class_list":["post-21598","page","type-page","status-publish","hentry","entry"],"yoast_head":"<!-- This site is optimized with the Yoast SEO plugin v26.6 - https:\/\/yoast.com\/wordpress\/plugins\/seo\/ -->\n<title>Francisco Rom\u00e1n - Spain Investors Day<\/title>\n<meta name=\"robots\" content=\"index, follow, max-snippet:-1, max-image-preview:large, max-video-preview:-1\" \/>\n<link rel=\"canonical\" href=\"https:\/\/www.spaininvestorsday.com\/en\/editions\/speakers\/francisco-roman\/\" \/>\n<meta property=\"og:locale\" content=\"en_US\" \/>\n<meta property=\"og:type\" content=\"article\" \/>\n<meta property=\"og:title\" content=\"Francisco Rom\u00e1n - Spain Investors Day\" \/>\n<meta property=\"og:description\" content=\"Francisco Rom\u00e1n President of LYNTIA Francisco Rom\u00e1n is Senior Lecturer in the Strategic Management Department at IESE Business School. He holds a degree in Telecommunications Engineering from the Polytechnic University of Madrid, and a PDD from IESE Business School. Francisco Rom\u00e1n began his professional career at Sainco and in 1983 he joined the subsidiary of&hellip; Continue reading Francisco Rom\u00e1n\" \/>\n<meta property=\"og:url\" content=\"https:\/\/www.spaininvestorsday.com\/en\/editions\/speakers\/francisco-roman\/\" \/>\n<meta property=\"og:site_name\" content=\"Spain Investors Day\" \/>\n<meta property=\"article:modified_time\" content=\"2024-12-23T16:46:24+00:00\" \/>\n<meta property=\"og:image\" content=\"https:\/\/www.spaininvestorsday.com\/wp-content\/uploads\/elementor\/thumbs\/francisco-roman-nuevo-presidente-lyntia-e1734971837820-qyxu985fk34es9xo68eo6mpgrgo2zl9q3dvqz8mf2o.jpeg\" \/>\n<meta name=\"twitter:card\" content=\"summary_large_image\" \/>\n<meta name=\"twitter:label1\" content=\"Est. reading time\" \/>\n\t<meta name=\"twitter:data1\" content=\"3 minutes\" \/>\n<script type=\"application\/ld+json\" class=\"yoast-schema-graph\">{\"@context\":\"https:\/\/schema.org\",\"@graph\":[{\"@type\":\"WebPage\",\"@id\":\"https:\/\/www.spaininvestorsday.com\/en\/editions\/speakers\/francisco-roman\/\",\"url\":\"https:\/\/www.spaininvestorsday.com\/en\/editions\/speakers\/francisco-roman\/\",\"name\":\"Francisco Rom\u00e1n - Spain Investors Day\",\"isPartOf\":{\"@id\":\"https:\/\/www.spaininvestorsday.com\/#website\"},\"primaryImageOfPage\":{\"@id\":\"https:\/\/www.spaininvestorsday.com\/en\/editions\/speakers\/francisco-roman\/#primaryimage\"},\"image\":{\"@id\":\"https:\/\/www.spaininvestorsday.com\/en\/editions\/speakers\/francisco-roman\/#primaryimage\"},\"thumbnailUrl\":\"https:\/\/www.spaininvestorsday.com\/wp-content\/uploads\/elementor\/thumbs\/francisco-roman-nuevo-presidente-lyntia-e1734971837820-qyxu985fk34es9xo68eo6mpgrgo2zl9q3dvqz8mf2o.jpeg\",\"datePublished\":\"2024-12-23T16:45:07+00:00\",\"dateModified\":\"2024-12-23T16:46:24+00:00\",\"breadcrumb\":{\"@id\":\"https:\/\/www.spaininvestorsday.com\/en\/editions\/speakers\/francisco-roman\/#breadcrumb\"},\"inLanguage\":\"en-US\",\"potentialAction\":[{\"@type\":\"ReadAction\",\"target\":[\"https:\/\/www.spaininvestorsday.com\/en\/editions\/speakers\/francisco-roman\/\"]}]},{\"@type\":\"ImageObject\",\"inLanguage\":\"en-US\",\"@id\":\"https:\/\/www.spaininvestorsday.com\/en\/editions\/speakers\/francisco-roman\/#primaryimage\",\"url\":\"https:\/\/www.spaininvestorsday.com\/wp-content\/uploads\/elementor\/thumbs\/francisco-roman-nuevo-presidente-lyntia-e1734971837820-qyxu985fk34es9xo68eo6mpgrgo2zl9q3dvqz8mf2o.jpeg\",\"contentUrl\":\"https:\/\/www.spaininvestorsday.com\/wp-content\/uploads\/elementor\/thumbs\/francisco-roman-nuevo-presidente-lyntia-e1734971837820-qyxu985fk34es9xo68eo6mpgrgo2zl9q3dvqz8mf2o.jpeg\"},{\"@type\":\"BreadcrumbList\",\"@id\":\"https:\/\/www.spaininvestorsday.com\/en\/editions\/speakers\/francisco-roman\/#breadcrumb\",\"itemListElement\":[{\"@type\":\"ListItem\",\"position\":1,\"name\":\"Portada\",\"item\":\"https:\/\/www.spaininvestorsday.com\/\"},{\"@type\":\"ListItem\",\"position\":2,\"name\":\"Editions\",\"item\":\"https:\/\/www.spaininvestorsday.com\/en\/editions\/\"},{\"@type\":\"ListItem\",\"position\":3,\"name\":\"Speakers\",\"item\":\"https:\/\/www.spaininvestorsday.com\/en\/editions\/speakers\/\"},{\"@type\":\"ListItem\",\"position\":4,\"name\":\"Francisco Rom\u00e1n\"}]},{\"@type\":\"WebSite\",\"@id\":\"https:\/\/www.spaininvestorsday.com\/#website\",\"url\":\"https:\/\/www.spaininvestorsday.com\/\",\"name\":\"Spain Investors Day\",\"description\":\"El foro profesional \u00fanico en Espa\u00f1a\",\"publisher\":{\"@id\":\"https:\/\/www.spaininvestorsday.com\/#organization\"},\"potentialAction\":[{\"@type\":\"SearchAction\",\"target\":{\"@type\":\"EntryPoint\",\"urlTemplate\":\"https:\/\/www.spaininvestorsday.com\/?s={search_term_string}\"},\"query-input\":{\"@type\":\"PropertyValueSpecification\",\"valueRequired\":true,\"valueName\":\"search_term_string\"}}],\"inLanguage\":\"en-US\"},{\"@type\":\"Organization\",\"@id\":\"https:\/\/www.spaininvestorsday.com\/#organization\",\"name\":\"Spain Investors Day\",\"url\":\"https:\/\/www.spaininvestorsday.com\/\",\"logo\":{\"@type\":\"ImageObject\",\"inLanguage\":\"en-US\",\"@id\":\"https:\/\/www.spaininvestorsday.com\/#\/schema\/logo\/image\/\",\"url\":\"https:\/\/www.spaininvestorsday.com\/wp-content\/uploads\/2021\/10\/SID-2021.svg\",\"contentUrl\":\"https:\/\/www.spaininvestorsday.com\/wp-content\/uploads\/2021\/10\/SID-2021.svg\",\"width\":199,\"height\":79,\"caption\":\"Spain Investors Day\"},\"image\":{\"@id\":\"https:\/\/www.spaininvestorsday.com\/#\/schema\/logo\/image\/\"}}]}<\/script>\n<!-- \/ Yoast SEO plugin. -->","yoast_head_json":{"title":"Francisco Rom\u00e1n - Spain Investors Day","robots":{"index":"index","follow":"follow","max-snippet":"max-snippet:-1","max-image-preview":"max-image-preview:large","max-video-preview":"max-video-preview:-1"},"canonical":"https:\/\/www.spaininvestorsday.com\/en\/editions\/speakers\/francisco-roman\/","og_locale":"en_US","og_type":"article","og_title":"Francisco Rom\u00e1n - Spain Investors Day","og_description":"Francisco Rom\u00e1n President of LYNTIA Francisco Rom\u00e1n is Senior Lecturer in the Strategic Management Department at IESE Business School. He holds a degree in Telecommunications Engineering from the Polytechnic University of Madrid, and a PDD from IESE Business School. Francisco Rom\u00e1n began his professional career at Sainco and in 1983 he joined the subsidiary of&hellip; Continue reading Francisco Rom\u00e1n","og_url":"https:\/\/www.spaininvestorsday.com\/en\/editions\/speakers\/francisco-roman\/","og_site_name":"Spain Investors Day","article_modified_time":"2024-12-23T16:46:24+00:00","og_image":[{"url":"https:\/\/www.spaininvestorsday.com\/wp-content\/uploads\/elementor\/thumbs\/francisco-roman-nuevo-presidente-lyntia-e1734971837820-qyxu985fk34es9xo68eo6mpgrgo2zl9q3dvqz8mf2o.jpeg","type":"","width":"","height":""}],"twitter_card":"summary_large_image","twitter_misc":{"Est. reading time":"3 minutes"},"schema":{"@context":"https:\/\/schema.org","@graph":[{"@type":"WebPage","@id":"https:\/\/www.spaininvestorsday.com\/en\/editions\/speakers\/francisco-roman\/","url":"https:\/\/www.spaininvestorsday.com\/en\/editions\/speakers\/francisco-roman\/","name":"Francisco Rom\u00e1n - Spain Investors Day","isPartOf":{"@id":"https:\/\/www.spaininvestorsday.com\/#website"},"primaryImageOfPage":{"@id":"https:\/\/www.spaininvestorsday.com\/en\/editions\/speakers\/francisco-roman\/#primaryimage"},"image":{"@id":"https:\/\/www.spaininvestorsday.com\/en\/editions\/speakers\/francisco-roman\/#primaryimage"},"thumbnailUrl":"https:\/\/www.spaininvestorsday.com\/wp-content\/uploads\/elementor\/thumbs\/francisco-roman-nuevo-presidente-lyntia-e1734971837820-qyxu985fk34es9xo68eo6mpgrgo2zl9q3dvqz8mf2o.jpeg","datePublished":"2024-12-23T16:45:07+00:00","dateModified":"2024-12-23T16:46:24+00:00","breadcrumb":{"@id":"https:\/\/www.spaininvestorsday.com\/en\/editions\/speakers\/francisco-roman\/#breadcrumb"},"inLanguage":"en-US","potentialAction":[{"@type":"ReadAction","target":["https:\/\/www.spaininvestorsday.com\/en\/editions\/speakers\/francisco-roman\/"]}]},{"@type":"ImageObject","inLanguage":"en-US","@id":"https:\/\/www.spaininvestorsday.com\/en\/editions\/speakers\/francisco-roman\/#primaryimage","url":"https:\/\/www.spaininvestorsday.com\/wp-content\/uploads\/elementor\/thumbs\/francisco-roman-nuevo-presidente-lyntia-e1734971837820-qyxu985fk34es9xo68eo6mpgrgo2zl9q3dvqz8mf2o.jpeg","contentUrl":"https:\/\/www.spaininvestorsday.com\/wp-content\/uploads\/elementor\/thumbs\/francisco-roman-nuevo-presidente-lyntia-e1734971837820-qyxu985fk34es9xo68eo6mpgrgo2zl9q3dvqz8mf2o.jpeg"},{"@type":"BreadcrumbList","@id":"https:\/\/www.spaininvestorsday.com\/en\/editions\/speakers\/francisco-roman\/#breadcrumb","itemListElement":[{"@type":"ListItem","position":1,"name":"Portada","item":"https:\/\/www.spaininvestorsday.com\/"},{"@type":"ListItem","position":2,"name":"Editions","item":"https:\/\/www.spaininvestorsday.com\/en\/editions\/"},{"@type":"ListItem","position":3,"name":"Speakers","item":"https:\/\/www.spaininvestorsday.com\/en\/editions\/speakers\/"},{"@type":"ListItem","position":4,"name":"Francisco Rom\u00e1n"}]},{"@type":"WebSite","@id":"https:\/\/www.spaininvestorsday.com\/#website","url":"https:\/\/www.spaininvestorsday.com\/","name":"Spain Investors Day","description":"El foro profesional \u00fanico en Espa\u00f1a","publisher":{"@id":"https:\/\/www.spaininvestorsday.com\/#organization"},"potentialAction":[{"@type":"SearchAction","target":{"@type":"EntryPoint","urlTemplate":"https:\/\/www.spaininvestorsday.com\/?s={search_term_string}"},"query-input":{"@type":"PropertyValueSpecification","valueRequired":true,"valueName":"search_term_string"}}],"inLanguage":"en-US"},{"@type":"Organization","@id":"https:\/\/www.spaininvestorsday.com\/#organization","name":"Spain Investors Day","url":"https:\/\/www.spaininvestorsday.com\/","logo":{"@type":"ImageObject","inLanguage":"en-US","@id":"https:\/\/www.spaininvestorsday.com\/#\/schema\/logo\/image\/","url":"https:\/\/www.spaininvestorsday.com\/wp-content\/uploads\/2021\/10\/SID-2021.svg","contentUrl":"https:\/\/www.spaininvestorsday.com\/wp-content\/uploads\/2021\/10\/SID-2021.svg","width":199,"height":79,"caption":"Spain Investors Day"},"image":{"@id":"https:\/\/www.spaininvestorsday.com\/#\/schema\/logo\/image\/"}}]}},"_links":{"self":[{"href":"https:\/\/www.spaininvestorsday.com\/en\/wp-json\/wp\/v2\/pages\/21598","targetHints":{"allow":["GET"]}}],"collection":[{"href":"https:\/\/www.spaininvestorsday.com\/en\/wp-json\/wp\/v2\/pages"}],"about":[{"href":"https:\/\/www.spaininvestorsday.com\/en\/wp-json\/wp\/v2\/types\/page"}],"author":[{"embeddable":true,"href":"https:\/\/www.spaininvestorsday.com\/en\/wp-json\/wp\/v2\/users\/11"}],"replies":[{"embeddable":true,"href":"https:\/\/www.spaininvestorsday.com\/en\/wp-json\/wp\/v2\/comments?post=21598"}],"version-history":[{"count":4,"href":"https:\/\/www.spaininvestorsday.com\/en\/wp-json\/wp\/v2\/pages\/21598\/revisions"}],"predecessor-version":[{"id":21608,"href":"https:\/\/www.spaininvestorsday.com\/en\/wp-json\/wp\/v2\/pages\/21598\/revisions\/21608"}],"up":[{"embeddable":true,"href":"https:\/\/www.spaininvestorsday.com\/en\/wp-json\/wp\/v2\/pages\/8627"}],"wp:attachment":[{"href":"https:\/\/www.spaininvestorsday.com\/en\/wp-json\/wp\/v2\/media?parent=21598"}],"curies":[{"name":"wp","href":"https:\/\/api.w.org\/{rel}","templated":true}]}}