{"id":20817,"date":"2024-01-05T10:53:36","date_gmt":"2024-01-05T10:53:36","guid":{"rendered":"https:\/\/www.spaininvestorsday.com\/?page_id=20817"},"modified":"2026-01-15T11:40:41","modified_gmt":"2026-01-15T11:40:41","slug":"rocio-albert-lopez-ibor","status":"publish","type":"page","link":"https:\/\/www.spaininvestorsday.com\/en\/editions\/speakers\/rocio-albert-lopez-ibor\/","title":{"rendered":"Roc\u00edo Albert L\u00f3pez-Ibor"},"content":{"rendered":"\t\t<div data-elementor-type=\"wp-page\" data-elementor-id=\"20817\" class=\"elementor elementor-20817 elementor-20816\" data-elementor-post-type=\"page\">\n\t\t\t\t\t\t<section class=\"elementor-section elementor-top-section elementor-element elementor-element-15a05b3e elementor-section-boxed elementor-section-height-default elementor-section-height-default\" data-id=\"15a05b3e\" data-element_type=\"section\" data-settings=\"{&quot;background_background&quot;:&quot;classic&quot;}\">\n\t\t\t\t\t\t<div class=\"elementor-container elementor-column-gap-default\">\n\t\t\t\t\t<div class=\"elementor-column elementor-col-33 elementor-top-column elementor-element elementor-element-74492401\" data-id=\"74492401\" data-element_type=\"column\">\n\t\t\t<div class=\"elementor-widget-wrap\">\n\t\t\t\t\t\t\t<\/div>\n\t\t<\/div>\n\t\t\t\t<div class=\"elementor-column elementor-col-66 elementor-top-column elementor-element elementor-element-306bd958\" data-id=\"306bd958\" data-element_type=\"column\">\n\t\t\t<div class=\"elementor-widget-wrap elementor-element-populated\">\n\t\t\t\t\t\t<div class=\"elementor-element elementor-element-668b1fa elementor-widget elementor-widget-text-editor\" data-id=\"668b1fa\" data-element_type=\"widget\" data-widget_type=\"text-editor.default\">\n\t\t\t\t<div class=\"elementor-widget-container\">\n\t\t\t\t\t\t\t\t\t<p>Roc\u00edo Albert L\u00f3pez-Ibor<\/p>\t\t\t\t\t\t\t\t<\/div>\n\t\t\t\t<\/div>\n\t\t\t\t\t<\/div>\n\t\t<\/div>\n\t\t\t\t\t<\/div>\n\t\t<\/section>\n\t\t\t\t<section class=\"elementor-section elementor-top-section elementor-element elementor-element-3729ed05 elementor-section-boxed elementor-section-height-default elementor-section-height-default\" data-id=\"3729ed05\" data-element_type=\"section\">\n\t\t\t\t\t\t<div class=\"elementor-container elementor-column-gap-default\">\n\t\t\t\t\t<div class=\"elementor-column elementor-col-33 elementor-top-column elementor-element elementor-element-6b3bb2bc\" data-id=\"6b3bb2bc\" data-element_type=\"column\">\n\t\t\t<div class=\"elementor-widget-wrap elementor-element-populated\">\n\t\t\t\t\t\t<div class=\"elementor-element elementor-element-40412d5a elementor-absolute elementor-hidden-mobile elementor-widget elementor-widget-image\" data-id=\"40412d5a\" data-element_type=\"widget\" data-settings=\"{&quot;_position&quot;:&quot;absolute&quot;}\" data-widget_type=\"image.default\">\n\t\t\t\t<div class=\"elementor-widget-container\">\n\t\t\t\t\t\t\t\t\t\t\t\t\t\t\t<img decoding=\"async\" src=\"https:\/\/www.spaininvestorsday.com\/wp-content\/uploads\/elementor\/thumbs\/Rocio-Albert-Lopez-Ibor-e1704299528716-qhrwa4rkzivg1yn4fpo7x4gxlvho3125qp4r8qgbtc.jpg\" title=\"Roc\u00edo Albert L\u00f3pez-Ibor\" alt=\"Roc\u00edo Albert L\u00f3pez-Ibor\" loading=\"lazy\" \/>\t\t\t\t\t\t\t\t\t\t\t\t\t\t\t<\/div>\n\t\t\t\t<\/div>\n\t\t\t\t<div class=\"elementor-element elementor-element-71a69102 elementor-hidden-desktop elementor-hidden-tablet elementor-widget elementor-widget-image\" data-id=\"71a69102\" data-element_type=\"widget\" data-widget_type=\"image.default\">\n\t\t\t\t<div class=\"elementor-widget-container\">\n\t\t\t\t\t\t\t\t\t\t\t\t\t\t\t<img decoding=\"async\" src=\"https:\/\/www.spaininvestorsday.com\/wp-content\/uploads\/elementor\/thumbs\/Rocio-Albert-Lopez-Ibor-e1704299528716-qhrwa4rkzivg1yn4fpo7x4gxlvho3125qp4r8qgbtc.jpg\" title=\"Roc\u00edo Albert L\u00f3pez-Ibor\" alt=\"Roc\u00edo Albert L\u00f3pez-Ibor\" loading=\"lazy\" \/>\t\t\t\t\t\t\t\t\t\t\t\t\t\t\t<\/div>\n\t\t\t\t<\/div>\n\t\t\t\t\t<\/div>\n\t\t<\/div>\n\t\t\t\t<div class=\"elementor-column elementor-col-66 elementor-top-column elementor-element elementor-element-5c39662a\" data-id=\"5c39662a\" data-element_type=\"column\">\n\t\t\t<div class=\"elementor-widget-wrap elementor-element-populated\">\n\t\t\t\t\t\t<div class=\"elementor-element elementor-element-72bf71 elementor-widget elementor-widget-text-editor\" data-id=\"72bf71\" data-element_type=\"widget\" data-widget_type=\"text-editor.default\">\n\t\t\t\t<div class=\"elementor-widget-container\">\n\t\t\t\t\t\t\t\t\t<h3>Regional Minister of Economy, Finance and Employment of the Community of Madrid<\/h3><p><span data-contrast=\"auto\">Roc\u00edo Albert L\u00f3pez-Ibor is currently the Regional Minister of Economy, Finance and Employment. She has held several positions in the Public Administration in different areas of government related to the economic and educational spheres, including, among others, Vice-counsellor of Educational Policy of the Vice-presidency, Regional Ministry of Education and Universities, Vice-counsellor of Innovation, Industry, Trade and Consumption of the Regional Ministry of Economy, Employment and Finance, Director General of Universities and Research, Director General for the Improvement of Teaching Quality of the Regional Ministry of Education, Youth and Sport, Secretary General of the Economic and Social Council, Head of Cabinet in the Regional Ministry of Economy and Consumption of the Community of Madrid, Member of the Assembly of Madrid at the beginning of the IX, XII and XIII legislature and trustee of the FAES Foundation.<\/span><span data-ccp-props=\"{&quot;201341983&quot;:0,&quot;335559739&quot;:0,&quot;335559740&quot;:240}\">\u00a0<\/span><\/p><p><span data-contrast=\"auto\">She has a PhD from the Department of Applied Economics IV of the Universidad Complutense de Madrid (UCM) and a law degree from the same university; European Master in Law and Economics from the University of Hamburg, an Advanced Program in Law and Economics from Harvard Law School and the Advance Program in Public Administration from ESADE Madrid, among other complementary training.<\/span><span data-ccp-props=\"{&quot;201341983&quot;:0,&quot;335559739&quot;:0,&quot;335559740&quot;:240}\">\u00a0<\/span><\/p><p><span data-contrast=\"auto\">She is a Professor of Economics and Finance at the Universidad Complutense de Madrid since 1998 (on compulsory leave of absence) and of Principles of Economics at the Colegio Universitario Cardenal Cisneros, co-director of the Master in Economic Analysis of Law and Public Policy at the Centro Universitario EAE, and for 10 years Deputy Director of the Master in Law, Economics and Public Policy that was carried out jointly by the Universidad Complutense de Madrid and the Fundaci\u00f3n Ortega y Gasset.<\/span><span data-ccp-props=\"{&quot;201341983&quot;:0,&quot;335559739&quot;:0,&quot;335559740&quot;:240}\">\u00a0<\/span><\/p><p><span data-contrast=\"auto\">Since 2016 she has been Vice-President of the Spanish Association of Economic Analysis of Law.On the other hand, Roc\u00edo has been a guest lecturer at various European and American universities (Harvard, Bologna, Bogot\u00e1, C\u00f3rdoba-Argentina).<\/span><span data-ccp-props=\"{&quot;201341983&quot;:0,&quot;335559739&quot;:0,&quot;335559740&quot;:240}\">\u00a0<\/span><\/p><p><span data-contrast=\"auto\">As part of her research work, she has been principal investigator of the Economic and Employment Observatory of the Madrid City Council and principal investigator of numerous educational, economic and innovation projects for different national and international entities.<\/span><span data-ccp-props=\"{&quot;201341983&quot;:0,&quot;335559739&quot;:0,&quot;335559740&quot;:240}\">\u00a0<\/span><\/p><p><span data-contrast=\"auto\">She has been a weekly columnist for La Gaceta de los Negocios and \u00c9poca for 7 years, and writes opinion articles for La Raz\u00f3n. She also participates in the economic talk show De Capital Radio de Econom\u00eda and Intereconom\u00eda TV and Radio.<\/span><span data-ccp-props=\"{&quot;201341983&quot;:0,&quot;335559739&quot;:0,&quot;335559740&quot;:240}\">\u00a0<\/span><\/p><p><span data-contrast=\"auto\">Roc\u00edo Albert has written numerous academics papers on subjects related to Education, Economics and Innovation, Regulation and Public Policy and has published in prestigious international journals. As well, she has specialised in the field of Economic Analysis Of Law and has published a large number of articles on topics such as discrimination analysis in the labour market and economic analysis of bankruptcy regulation, among others. Her latest book published is \u201cLa regulaci\u00f3n del transporte colaborativo (Aranzadi, 2018)\u201d and her latest article is &#8220;New Rules to Secure Fiscal Sustainability in the European Monetary Union&#8221;\u00a0 releases in Future European Journal, 2022.<\/span><span data-ccp-props=\"{&quot;201341983&quot;:0,&quot;335559739&quot;:0,&quot;335559740&quot;:240}\">\u00a0<\/span><\/p>\t\t\t\t\t\t\t\t<\/div>\n\t\t\t\t<\/div>\n\t\t\t\t\t<\/div>\n\t\t<\/div>\n\t\t\t\t\t<\/div>\n\t\t<\/section>\n\t\t\t\t<\/div>\n\t\t","protected":false},"excerpt":{"rendered":"<p>Roc\u00edo Albert L\u00f3pez-Ibor Regional Minister of Economy, Finance and Employment of the Community of Madrid Roc\u00edo Albert L\u00f3pez-Ibor is currently the Regional Minister of Economy, Finance and Employment. She has held several positions in the Public Administration in different areas of government related to the economic and educational spheres, including, among others, Vice-counsellor of Educational&hellip; <a class=\"more-link\" href=\"https:\/\/www.spaininvestorsday.com\/en\/editions\/speakers\/rocio-albert-lopez-ibor\/\">Continue reading <span class=\"screen-reader-text\">Roc\u00edo Albert L\u00f3pez-Ibor<\/span><\/a><\/p>\n","protected":false},"author":3,"featured_media":0,"parent":8627,"menu_order":0,"comment_status":"closed","ping_status":"closed","template":"elementor_header_footer","meta":{"inline_featured_image":false,"footnotes":""},"class_list":["post-20817","page","type-page","status-publish","hentry","entry"],"yoast_head":"<!-- This site is optimized with the Yoast SEO plugin v26.6 - https:\/\/yoast.com\/wordpress\/plugins\/seo\/ -->\n<title>Roc\u00edo Albert L\u00f3pez-Ibor - Spain Investors Day<\/title>\n<meta name=\"robots\" content=\"index, follow, max-snippet:-1, max-image-preview:large, max-video-preview:-1\" \/>\n<link rel=\"canonical\" href=\"https:\/\/www.spaininvestorsday.com\/ediciones\/spearkers\/rocio-albert-lopez-ibor\/\" \/>\n<meta property=\"og:locale\" content=\"en_US\" \/>\n<meta property=\"og:type\" content=\"article\" \/>\n<meta property=\"og:title\" content=\"Roc\u00edo Albert L\u00f3pez-Ibor - Spain Investors Day\" \/>\n<meta property=\"og:description\" content=\"Roc\u00edo Albert L\u00f3pez-Ibor Regional Minister of Economy, Finance and Employment of the Community of Madrid Roc\u00edo Albert L\u00f3pez-Ibor is currently the Regional Minister of Economy, Finance and Employment. She has held several positions in the Public Administration in different areas of government related to the economic and educational spheres, including, among others, Vice-counsellor of Educational&hellip; Continue reading Roc\u00edo Albert L\u00f3pez-Ibor\" \/>\n<meta property=\"og:url\" content=\"https:\/\/www.spaininvestorsday.com\/ediciones\/spearkers\/rocio-albert-lopez-ibor\/\" \/>\n<meta property=\"og:site_name\" content=\"Spain Investors Day\" \/>\n<meta property=\"article:modified_time\" content=\"2026-01-15T11:40:41+00:00\" \/>\n<meta property=\"og:image\" content=\"https:\/\/www.spaininvestorsday.com\/wp-content\/uploads\/elementor\/thumbs\/Rocio-Albert-Lopez-Ibor-e1704299528716-qhrwa4rkzivg1yn4fpo7x4gxlvho3125qp4r8qgbtc.jpg\" \/>\n<meta name=\"twitter:card\" content=\"summary_large_image\" \/>\n<meta name=\"twitter:label1\" content=\"Est. reading time\" \/>\n\t<meta name=\"twitter:data1\" content=\"3 minutes\" \/>\n<script type=\"application\/ld+json\" class=\"yoast-schema-graph\">{\"@context\":\"https:\/\/schema.org\",\"@graph\":[{\"@type\":\"WebPage\",\"@id\":\"https:\/\/www.spaininvestorsday.com\/ediciones\/spearkers\/rocio-albert-lopez-ibor\/\",\"url\":\"https:\/\/www.spaininvestorsday.com\/ediciones\/spearkers\/rocio-albert-lopez-ibor\/\",\"name\":\"Roc\u00edo Albert L\u00f3pez-Ibor - Spain Investors Day\",\"isPartOf\":{\"@id\":\"https:\/\/www.spaininvestorsday.com\/#website\"},\"primaryImageOfPage\":{\"@id\":\"https:\/\/www.spaininvestorsday.com\/ediciones\/spearkers\/rocio-albert-lopez-ibor\/#primaryimage\"},\"image\":{\"@id\":\"https:\/\/www.spaininvestorsday.com\/ediciones\/spearkers\/rocio-albert-lopez-ibor\/#primaryimage\"},\"thumbnailUrl\":\"https:\/\/www.spaininvestorsday.com\/wp-content\/uploads\/elementor\/thumbs\/Rocio-Albert-Lopez-Ibor-e1704299528716-qhrwa4rkzivg1yn4fpo7x4gxlvho3125qp4r8qgbtc.jpg\",\"datePublished\":\"2024-01-05T10:53:36+00:00\",\"dateModified\":\"2026-01-15T11:40:41+00:00\",\"breadcrumb\":{\"@id\":\"https:\/\/www.spaininvestorsday.com\/ediciones\/spearkers\/rocio-albert-lopez-ibor\/#breadcrumb\"},\"inLanguage\":\"en-US\",\"potentialAction\":[{\"@type\":\"ReadAction\",\"target\":[\"https:\/\/www.spaininvestorsday.com\/ediciones\/spearkers\/rocio-albert-lopez-ibor\/\"]}]},{\"@type\":\"ImageObject\",\"inLanguage\":\"en-US\",\"@id\":\"https:\/\/www.spaininvestorsday.com\/ediciones\/spearkers\/rocio-albert-lopez-ibor\/#primaryimage\",\"url\":\"https:\/\/www.spaininvestorsday.com\/wp-content\/uploads\/elementor\/thumbs\/Rocio-Albert-Lopez-Ibor-e1704299528716-qhrwa4rkzivg1yn4fpo7x4gxlvho3125qp4r8qgbtc.jpg\",\"contentUrl\":\"https:\/\/www.spaininvestorsday.com\/wp-content\/uploads\/elementor\/thumbs\/Rocio-Albert-Lopez-Ibor-e1704299528716-qhrwa4rkzivg1yn4fpo7x4gxlvho3125qp4r8qgbtc.jpg\"},{\"@type\":\"BreadcrumbList\",\"@id\":\"https:\/\/www.spaininvestorsday.com\/ediciones\/spearkers\/rocio-albert-lopez-ibor\/#breadcrumb\",\"itemListElement\":[{\"@type\":\"ListItem\",\"position\":1,\"name\":\"Portada\",\"item\":\"https:\/\/www.spaininvestorsday.com\/\"},{\"@type\":\"ListItem\",\"position\":2,\"name\":\"Editions\",\"item\":\"https:\/\/www.spaininvestorsday.com\/en\/editions\/\"},{\"@type\":\"ListItem\",\"position\":3,\"name\":\"Speakers\",\"item\":\"https:\/\/www.spaininvestorsday.com\/en\/editions\/speakers\/\"},{\"@type\":\"ListItem\",\"position\":4,\"name\":\"Roc\u00edo Albert L\u00f3pez-Ibor\"}]},{\"@type\":\"WebSite\",\"@id\":\"https:\/\/www.spaininvestorsday.com\/#website\",\"url\":\"https:\/\/www.spaininvestorsday.com\/\",\"name\":\"Spain Investors Day\",\"description\":\"El foro profesional \u00fanico en Espa\u00f1a\",\"publisher\":{\"@id\":\"https:\/\/www.spaininvestorsday.com\/#organization\"},\"potentialAction\":[{\"@type\":\"SearchAction\",\"target\":{\"@type\":\"EntryPoint\",\"urlTemplate\":\"https:\/\/www.spaininvestorsday.com\/?s={search_term_string}\"},\"query-input\":{\"@type\":\"PropertyValueSpecification\",\"valueRequired\":true,\"valueName\":\"search_term_string\"}}],\"inLanguage\":\"en-US\"},{\"@type\":\"Organization\",\"@id\":\"https:\/\/www.spaininvestorsday.com\/#organization\",\"name\":\"Spain Investors Day\",\"url\":\"https:\/\/www.spaininvestorsday.com\/\",\"logo\":{\"@type\":\"ImageObject\",\"inLanguage\":\"en-US\",\"@id\":\"https:\/\/www.spaininvestorsday.com\/#\/schema\/logo\/image\/\",\"url\":\"https:\/\/www.spaininvestorsday.com\/wp-content\/uploads\/2021\/10\/SID-2021.svg\",\"contentUrl\":\"https:\/\/www.spaininvestorsday.com\/wp-content\/uploads\/2021\/10\/SID-2021.svg\",\"width\":199,\"height\":79,\"caption\":\"Spain Investors Day\"},\"image\":{\"@id\":\"https:\/\/www.spaininvestorsday.com\/#\/schema\/logo\/image\/\"}}]}<\/script>\n<!-- \/ Yoast SEO plugin. -->","yoast_head_json":{"title":"Roc\u00edo Albert L\u00f3pez-Ibor - Spain Investors Day","robots":{"index":"index","follow":"follow","max-snippet":"max-snippet:-1","max-image-preview":"max-image-preview:large","max-video-preview":"max-video-preview:-1"},"canonical":"https:\/\/www.spaininvestorsday.com\/ediciones\/spearkers\/rocio-albert-lopez-ibor\/","og_locale":"en_US","og_type":"article","og_title":"Roc\u00edo Albert L\u00f3pez-Ibor - Spain Investors Day","og_description":"Roc\u00edo Albert L\u00f3pez-Ibor Regional Minister of Economy, Finance and Employment of the Community of Madrid Roc\u00edo Albert L\u00f3pez-Ibor is currently the Regional Minister of Economy, Finance and Employment. She has held several positions in the Public Administration in different areas of government related to the economic and educational spheres, including, among others, Vice-counsellor of Educational&hellip; Continue reading Roc\u00edo Albert L\u00f3pez-Ibor","og_url":"https:\/\/www.spaininvestorsday.com\/ediciones\/spearkers\/rocio-albert-lopez-ibor\/","og_site_name":"Spain Investors Day","article_modified_time":"2026-01-15T11:40:41+00:00","og_image":[{"url":"https:\/\/www.spaininvestorsday.com\/wp-content\/uploads\/elementor\/thumbs\/Rocio-Albert-Lopez-Ibor-e1704299528716-qhrwa4rkzivg1yn4fpo7x4gxlvho3125qp4r8qgbtc.jpg","type":"","width":"","height":""}],"twitter_card":"summary_large_image","twitter_misc":{"Est. reading time":"3 minutes"},"schema":{"@context":"https:\/\/schema.org","@graph":[{"@type":"WebPage","@id":"https:\/\/www.spaininvestorsday.com\/ediciones\/spearkers\/rocio-albert-lopez-ibor\/","url":"https:\/\/www.spaininvestorsday.com\/ediciones\/spearkers\/rocio-albert-lopez-ibor\/","name":"Roc\u00edo Albert L\u00f3pez-Ibor - Spain Investors Day","isPartOf":{"@id":"https:\/\/www.spaininvestorsday.com\/#website"},"primaryImageOfPage":{"@id":"https:\/\/www.spaininvestorsday.com\/ediciones\/spearkers\/rocio-albert-lopez-ibor\/#primaryimage"},"image":{"@id":"https:\/\/www.spaininvestorsday.com\/ediciones\/spearkers\/rocio-albert-lopez-ibor\/#primaryimage"},"thumbnailUrl":"https:\/\/www.spaininvestorsday.com\/wp-content\/uploads\/elementor\/thumbs\/Rocio-Albert-Lopez-Ibor-e1704299528716-qhrwa4rkzivg1yn4fpo7x4gxlvho3125qp4r8qgbtc.jpg","datePublished":"2024-01-05T10:53:36+00:00","dateModified":"2026-01-15T11:40:41+00:00","breadcrumb":{"@id":"https:\/\/www.spaininvestorsday.com\/ediciones\/spearkers\/rocio-albert-lopez-ibor\/#breadcrumb"},"inLanguage":"en-US","potentialAction":[{"@type":"ReadAction","target":["https:\/\/www.spaininvestorsday.com\/ediciones\/spearkers\/rocio-albert-lopez-ibor\/"]}]},{"@type":"ImageObject","inLanguage":"en-US","@id":"https:\/\/www.spaininvestorsday.com\/ediciones\/spearkers\/rocio-albert-lopez-ibor\/#primaryimage","url":"https:\/\/www.spaininvestorsday.com\/wp-content\/uploads\/elementor\/thumbs\/Rocio-Albert-Lopez-Ibor-e1704299528716-qhrwa4rkzivg1yn4fpo7x4gxlvho3125qp4r8qgbtc.jpg","contentUrl":"https:\/\/www.spaininvestorsday.com\/wp-content\/uploads\/elementor\/thumbs\/Rocio-Albert-Lopez-Ibor-e1704299528716-qhrwa4rkzivg1yn4fpo7x4gxlvho3125qp4r8qgbtc.jpg"},{"@type":"BreadcrumbList","@id":"https:\/\/www.spaininvestorsday.com\/ediciones\/spearkers\/rocio-albert-lopez-ibor\/#breadcrumb","itemListElement":[{"@type":"ListItem","position":1,"name":"Portada","item":"https:\/\/www.spaininvestorsday.com\/"},{"@type":"ListItem","position":2,"name":"Editions","item":"https:\/\/www.spaininvestorsday.com\/en\/editions\/"},{"@type":"ListItem","position":3,"name":"Speakers","item":"https:\/\/www.spaininvestorsday.com\/en\/editions\/speakers\/"},{"@type":"ListItem","position":4,"name":"Roc\u00edo Albert L\u00f3pez-Ibor"}]},{"@type":"WebSite","@id":"https:\/\/www.spaininvestorsday.com\/#website","url":"https:\/\/www.spaininvestorsday.com\/","name":"Spain Investors Day","description":"El foro profesional \u00fanico en Espa\u00f1a","publisher":{"@id":"https:\/\/www.spaininvestorsday.com\/#organization"},"potentialAction":[{"@type":"SearchAction","target":{"@type":"EntryPoint","urlTemplate":"https:\/\/www.spaininvestorsday.com\/?s={search_term_string}"},"query-input":{"@type":"PropertyValueSpecification","valueRequired":true,"valueName":"search_term_string"}}],"inLanguage":"en-US"},{"@type":"Organization","@id":"https:\/\/www.spaininvestorsday.com\/#organization","name":"Spain Investors Day","url":"https:\/\/www.spaininvestorsday.com\/","logo":{"@type":"ImageObject","inLanguage":"en-US","@id":"https:\/\/www.spaininvestorsday.com\/#\/schema\/logo\/image\/","url":"https:\/\/www.spaininvestorsday.com\/wp-content\/uploads\/2021\/10\/SID-2021.svg","contentUrl":"https:\/\/www.spaininvestorsday.com\/wp-content\/uploads\/2021\/10\/SID-2021.svg","width":199,"height":79,"caption":"Spain Investors Day"},"image":{"@id":"https:\/\/www.spaininvestorsday.com\/#\/schema\/logo\/image\/"}}]}},"_links":{"self":[{"href":"https:\/\/www.spaininvestorsday.com\/en\/wp-json\/wp\/v2\/pages\/20817","targetHints":{"allow":["GET"]}}],"collection":[{"href":"https:\/\/www.spaininvestorsday.com\/en\/wp-json\/wp\/v2\/pages"}],"about":[{"href":"https:\/\/www.spaininvestorsday.com\/en\/wp-json\/wp\/v2\/types\/page"}],"author":[{"embeddable":true,"href":"https:\/\/www.spaininvestorsday.com\/en\/wp-json\/wp\/v2\/users\/3"}],"replies":[{"embeddable":true,"href":"https:\/\/www.spaininvestorsday.com\/en\/wp-json\/wp\/v2\/comments?post=20817"}],"version-history":[{"count":7,"href":"https:\/\/www.spaininvestorsday.com\/en\/wp-json\/wp\/v2\/pages\/20817\/revisions"}],"predecessor-version":[{"id":25274,"href":"https:\/\/www.spaininvestorsday.com\/en\/wp-json\/wp\/v2\/pages\/20817\/revisions\/25274"}],"up":[{"embeddable":true,"href":"https:\/\/www.spaininvestorsday.com\/en\/wp-json\/wp\/v2\/pages\/8627"}],"wp:attachment":[{"href":"https:\/\/www.spaininvestorsday.com\/en\/wp-json\/wp\/v2\/media?parent=20817"}],"curies":[{"name":"wp","href":"https:\/\/api.w.org\/{rel}","templated":true}]}}