{"id":20560,"date":"2024-01-03T12:28:59","date_gmt":"2024-01-03T12:28:59","guid":{"rendered":"https:\/\/www.spaininvestorsday.com\/?page_id=20560"},"modified":"2026-01-15T11:50:30","modified_gmt":"2026-01-15T11:50:30","slug":"juan-maria-nin","status":"publish","type":"page","link":"https:\/\/www.spaininvestorsday.com\/en\/editions\/speakers\/juan-maria-nin\/","title":{"rendered":"Juan Mar\u00eda Nin"},"content":{"rendered":"\t\t<div data-elementor-type=\"wp-page\" data-elementor-id=\"20560\" class=\"elementor elementor-20560 elementor-20559\" data-elementor-post-type=\"page\">\n\t\t\t\t\t\t<section class=\"elementor-section elementor-top-section elementor-element elementor-element-15a05b3e elementor-section-boxed elementor-section-height-default elementor-section-height-default\" data-id=\"15a05b3e\" data-element_type=\"section\" data-settings=\"{&quot;background_background&quot;:&quot;classic&quot;}\">\n\t\t\t\t\t\t<div class=\"elementor-container elementor-column-gap-default\">\n\t\t\t\t\t<div class=\"elementor-column elementor-col-33 elementor-top-column elementor-element elementor-element-74492401\" data-id=\"74492401\" data-element_type=\"column\">\n\t\t\t<div class=\"elementor-widget-wrap\">\n\t\t\t\t\t\t\t<\/div>\n\t\t<\/div>\n\t\t\t\t<div class=\"elementor-column elementor-col-66 elementor-top-column elementor-element elementor-element-306bd958\" data-id=\"306bd958\" data-element_type=\"column\">\n\t\t\t<div class=\"elementor-widget-wrap elementor-element-populated\">\n\t\t\t\t\t\t<div class=\"elementor-element elementor-element-668b1fa elementor-widget elementor-widget-text-editor\" data-id=\"668b1fa\" data-element_type=\"widget\" data-widget_type=\"text-editor.default\">\n\t\t\t\t<div class=\"elementor-widget-container\">\n\t\t\t\t\t\t\t\t\t<p>Juan Mar\u00eda Nin<\/p>\t\t\t\t\t\t\t\t<\/div>\n\t\t\t\t<\/div>\n\t\t\t\t\t<\/div>\n\t\t<\/div>\n\t\t\t\t\t<\/div>\n\t\t<\/section>\n\t\t\t\t<section class=\"elementor-section elementor-top-section elementor-element elementor-element-3729ed05 elementor-section-boxed elementor-section-height-default elementor-section-height-default\" data-id=\"3729ed05\" data-element_type=\"section\">\n\t\t\t\t\t\t<div class=\"elementor-container elementor-column-gap-default\">\n\t\t\t\t\t<div class=\"elementor-column elementor-col-33 elementor-top-column elementor-element elementor-element-6b3bb2bc\" data-id=\"6b3bb2bc\" data-element_type=\"column\">\n\t\t\t<div class=\"elementor-widget-wrap elementor-element-populated\">\n\t\t\t\t\t\t<div class=\"elementor-element elementor-element-40412d5a elementor-absolute elementor-hidden-mobile elementor-widget elementor-widget-image\" data-id=\"40412d5a\" data-element_type=\"widget\" data-settings=\"{&quot;_position&quot;:&quot;absolute&quot;}\" data-widget_type=\"image.default\">\n\t\t\t\t<div class=\"elementor-widget-container\">\n\t\t\t\t\t\t\t\t\t\t\t\t\t\t\t<img decoding=\"async\" src=\"https:\/\/www.spaininvestorsday.com\/wp-content\/uploads\/elementor\/thumbs\/juan-maria-nin-qhrlmohsylyfsnmliyp7qvxhl5h604s5osbxb3024w.jpg\" title=\"juan maria nin\" alt=\"juan maria nin\" loading=\"lazy\" \/>\t\t\t\t\t\t\t\t\t\t\t\t\t\t\t<\/div>\n\t\t\t\t<\/div>\n\t\t\t\t<div class=\"elementor-element elementor-element-71a69102 elementor-hidden-desktop elementor-hidden-tablet elementor-widget elementor-widget-image\" data-id=\"71a69102\" data-element_type=\"widget\" data-widget_type=\"image.default\">\n\t\t\t\t<div class=\"elementor-widget-container\">\n\t\t\t\t\t\t\t\t\t\t\t\t\t\t\t<img decoding=\"async\" src=\"https:\/\/www.spaininvestorsday.com\/wp-content\/uploads\/elementor\/thumbs\/juan-maria-nin-qhrlmohsylyfsnmliyp7qvxhl5h604s5osbxb3024w.jpg\" title=\"juan maria nin\" alt=\"juan maria nin\" loading=\"lazy\" \/>\t\t\t\t\t\t\t\t\t\t\t\t\t\t\t<\/div>\n\t\t\t\t<\/div>\n\t\t\t\t\t<\/div>\n\t\t<\/div>\n\t\t\t\t<div class=\"elementor-column elementor-col-66 elementor-top-column elementor-element elementor-element-5c39662a\" data-id=\"5c39662a\" data-element_type=\"column\">\n\t\t\t<div class=\"elementor-widget-wrap elementor-element-populated\">\n\t\t\t\t\t\t<div class=\"elementor-element elementor-element-72bf71 elementor-widget elementor-widget-text-editor\" data-id=\"72bf71\" data-element_type=\"widget\" data-widget_type=\"text-editor.default\">\n\t\t\t\t<div class=\"elementor-widget-container\">\n\t\t\t\t\t\t\t\t\t<h3><span class=\"TextRun SCXW61731935 BCX9\" lang=\"EN-GB\" xml:lang=\"EN-GB\" data-contrast=\"auto\"><span class=\"NormalTextRun SpellingErrorV2Themed SCXW61731935 BCX9\"><span class=\"TextRun SCXW237465057 BCX8\" lang=\"ES-ES\" xml:lang=\"ES-ES\" data-contrast=\"auto\"><span class=\"NormalTextRun SpellingErrorV2Themed SCXW237465057 BCX8\">President<\/span> <span class=\"NormalTextRun SpellingErrorV2Themed SCXW237465057 BCX8\">of<\/span> <span class=\"NormalTextRun SCXW237465057 BCX8\">ITP<\/span> <span class=\"NormalTextRun SCXW237465057 BCX8\">AERO<\/span><span class=\"NormalTextRun SCXW237465057 BCX8\"> and<\/span> <span class=\"NormalTextRun SCXW237465057 BCX8\">BAIN<\/span> <span class=\"NormalTextRun SpellingErrorV2Themed SCXW237465057 BCX8\">CAPITAL<\/span><span class=\"NormalTextRun SpellingErrorV2Themed SCXW237465057 BCX8\">\u00b4s<\/span><span class=\"NormalTextRun SCXW237465057 BCX8\"> senior <\/span><span class=\"NormalTextRun SpellingErrorV2Themed SCXW237465057 BCX8\">advisor<\/span><\/span><span class=\"EOP SCXW237465057 BCX8\" data-ccp-props=\"{&quot;201341983&quot;:0,&quot;335551550&quot;:6,&quot;335551620&quot;:6,&quot;335559739&quot;:160,&quot;335559740&quot;:259}\">\u00a0<\/span><\/span><\/span><\/h3><p><span data-contrast=\"auto\">JUAN MAR\u00cdA NIN G\u00c9NOVA, lawyer-economist from the University of Deusto and Master in Laws and Political Sciences from the London School of Economics, has first-hand knowledge of the world of business management, finance, energy and international economic policy. He maintains regular collaborations with his University, as a member of the Board of Governors. He also collaborates with ESADE Business School. He is Vice-President of the C\u00edrculo de Empresarios.<\/span><span data-ccp-props=\"{&quot;201341983&quot;:0,&quot;335551550&quot;:6,&quot;335551620&quot;:6,&quot;335559739&quot;:160,&quot;335559740&quot;:259}\">\u00a0<\/span><\/p><p><span data-contrast=\"auto\">Former Vice-Chairman and CEO of La Caixa, CEO of Banco Sabadell and Managing Director of Banco Santander. He has also been involved in the energy business as a member of the Board of Directors of Cepsa, Repsol and Gas Natural among other companies.<\/span><span data-ccp-props=\"{&quot;201341983&quot;:0,&quot;335551550&quot;:6,&quot;335551620&quot;:6,&quot;335559739&quot;:160,&quot;335559740&quot;:259}\">\u00a0<\/span><\/p><p><span data-contrast=\"auto\">Today he is a member of the Board of Soci\u00e9t\u00e9 G\u00e9n\u00e9rale de Banque, Chairman of It\u00ednere Infraestructuras, Habitat, Morabanc and ITP Aero, Operating Partner of Corsair Capital, advisor to the Mutualidad General de la Abogac\u00eda, member of the EMEA Advisory Board of Service Now and European member of Metyis.<\/span><span data-ccp-props=\"{&quot;201341983&quot;:0,&quot;335551550&quot;:6,&quot;335551620&quot;:6,&quot;335559739&quot;:160,&quot;335559740&quot;:259}\">\u00a0<\/span><\/p><p><span data-contrast=\"auto\">Since he was part of the team of the Minister for Relations with the European Communities (1978-1980), he is a strong supporter of the European project and, as former President of the Spain-US Council Foundation, an expert in bilateral relations between the two countries. Regular attendee at Bilderberg, IMF and other international forums and author of books and opinion articles on economics and social sciences. Regular commentator in the media and author of the book &#8220;Por un crecimiento racional&#8221; (For a rational growth) on the crisis and other publications.<\/span><span data-ccp-props=\"{&quot;201341983&quot;:0,&quot;335551550&quot;:6,&quot;335551620&quot;:6,&quot;335559739&quot;:160,&quot;335559740&quot;:259}\">\u00a0<\/span><\/p><p><span data-contrast=\"auto\">The center of his professional career has been the banking sector. He has been one of the architects of the merger processes of the most important banks and savings banks in the country.<\/span><span data-ccp-props=\"{&quot;201341983&quot;:0,&quot;335551550&quot;:6,&quot;335551620&quot;:6,&quot;335559739&quot;:160,&quot;335559740&quot;:259}\">\u00a0<\/span><\/p>\t\t\t\t\t\t\t\t<\/div>\n\t\t\t\t<\/div>\n\t\t\t\t\t<\/div>\n\t\t<\/div>\n\t\t\t\t\t<\/div>\n\t\t<\/section>\n\t\t\t\t<\/div>\n\t\t","protected":false},"excerpt":{"rendered":"<p>Juan Mar\u00eda Nin President of ITP AERO and BAIN CAPITAL\u00b4s senior advisor\u00a0 JUAN MAR\u00cdA NIN G\u00c9NOVA, lawyer-economist from the University of Deusto and Master in Laws and Political Sciences from the London School of Economics, has first-hand knowledge of the world of business management, finance, energy and international economic policy. He maintains regular collaborations with&hellip; <a class=\"more-link\" href=\"https:\/\/www.spaininvestorsday.com\/en\/editions\/speakers\/juan-maria-nin\/\">Continue reading <span class=\"screen-reader-text\">Juan Mar\u00eda Nin<\/span><\/a><\/p>\n","protected":false},"author":11,"featured_media":0,"parent":8627,"menu_order":0,"comment_status":"closed","ping_status":"closed","template":"elementor_header_footer","meta":{"inline_featured_image":false,"footnotes":""},"class_list":["post-20560","page","type-page","status-publish","hentry","entry"],"yoast_head":"<!-- This site is optimized with the Yoast SEO plugin v26.6 - https:\/\/yoast.com\/wordpress\/plugins\/seo\/ -->\n<title>Juan Mar\u00eda Nin - Spain Investors Day<\/title>\n<meta name=\"robots\" content=\"index, follow, max-snippet:-1, max-image-preview:large, max-video-preview:-1\" \/>\n<link rel=\"canonical\" href=\"https:\/\/www.spaininvestorsday.com\/ediciones\/spearkers\/juan-maria-nin\/\" \/>\n<meta property=\"og:locale\" content=\"en_US\" \/>\n<meta property=\"og:type\" content=\"article\" \/>\n<meta property=\"og:title\" content=\"Juan Mar\u00eda Nin - Spain Investors Day\" \/>\n<meta property=\"og:description\" content=\"Juan Mar\u00eda Nin President of ITP AERO and BAIN CAPITAL\u00b4s senior advisor\u00a0 JUAN MAR\u00cdA NIN G\u00c9NOVA, lawyer-economist from the University of Deusto and Master in Laws and Political Sciences from the London School of Economics, has first-hand knowledge of the world of business management, finance, energy and international economic policy. He maintains regular collaborations with&hellip; Continue reading Juan Mar\u00eda Nin\" \/>\n<meta property=\"og:url\" content=\"https:\/\/www.spaininvestorsday.com\/ediciones\/spearkers\/juan-maria-nin\/\" \/>\n<meta property=\"og:site_name\" content=\"Spain Investors Day\" \/>\n<meta property=\"article:modified_time\" content=\"2026-01-15T11:50:30+00:00\" \/>\n<meta property=\"og:image\" content=\"https:\/\/www.spaininvestorsday.com\/wp-content\/uploads\/elementor\/thumbs\/juan-maria-nin-qhrlmohsylyfsnmliyp7qvxhl5h604s5osbxb3024w.jpg\" \/>\n<meta name=\"twitter:card\" content=\"summary_large_image\" \/>\n<meta name=\"twitter:label1\" content=\"Est. reading time\" \/>\n\t<meta name=\"twitter:data1\" content=\"2 minutes\" \/>\n<script type=\"application\/ld+json\" class=\"yoast-schema-graph\">{\"@context\":\"https:\/\/schema.org\",\"@graph\":[{\"@type\":\"WebPage\",\"@id\":\"https:\/\/www.spaininvestorsday.com\/ediciones\/spearkers\/juan-maria-nin\/\",\"url\":\"https:\/\/www.spaininvestorsday.com\/ediciones\/spearkers\/juan-maria-nin\/\",\"name\":\"Juan Mar\u00eda Nin - Spain Investors Day\",\"isPartOf\":{\"@id\":\"https:\/\/www.spaininvestorsday.com\/#website\"},\"primaryImageOfPage\":{\"@id\":\"https:\/\/www.spaininvestorsday.com\/ediciones\/spearkers\/juan-maria-nin\/#primaryimage\"},\"image\":{\"@id\":\"https:\/\/www.spaininvestorsday.com\/ediciones\/spearkers\/juan-maria-nin\/#primaryimage\"},\"thumbnailUrl\":\"https:\/\/www.spaininvestorsday.com\/wp-content\/uploads\/elementor\/thumbs\/juan-maria-nin-qhrlmohsylyfsnmliyp7qvxhl5h604s5osbxb3024w.jpg\",\"datePublished\":\"2024-01-03T12:28:59+00:00\",\"dateModified\":\"2026-01-15T11:50:30+00:00\",\"breadcrumb\":{\"@id\":\"https:\/\/www.spaininvestorsday.com\/ediciones\/spearkers\/juan-maria-nin\/#breadcrumb\"},\"inLanguage\":\"en-US\",\"potentialAction\":[{\"@type\":\"ReadAction\",\"target\":[\"https:\/\/www.spaininvestorsday.com\/ediciones\/spearkers\/juan-maria-nin\/\"]}]},{\"@type\":\"ImageObject\",\"inLanguage\":\"en-US\",\"@id\":\"https:\/\/www.spaininvestorsday.com\/ediciones\/spearkers\/juan-maria-nin\/#primaryimage\",\"url\":\"https:\/\/www.spaininvestorsday.com\/wp-content\/uploads\/elementor\/thumbs\/juan-maria-nin-qhrlmohsylyfsnmliyp7qvxhl5h604s5osbxb3024w.jpg\",\"contentUrl\":\"https:\/\/www.spaininvestorsday.com\/wp-content\/uploads\/elementor\/thumbs\/juan-maria-nin-qhrlmohsylyfsnmliyp7qvxhl5h604s5osbxb3024w.jpg\"},{\"@type\":\"BreadcrumbList\",\"@id\":\"https:\/\/www.spaininvestorsday.com\/ediciones\/spearkers\/juan-maria-nin\/#breadcrumb\",\"itemListElement\":[{\"@type\":\"ListItem\",\"position\":1,\"name\":\"Portada\",\"item\":\"https:\/\/www.spaininvestorsday.com\/\"},{\"@type\":\"ListItem\",\"position\":2,\"name\":\"Editions\",\"item\":\"https:\/\/www.spaininvestorsday.com\/en\/editions\/\"},{\"@type\":\"ListItem\",\"position\":3,\"name\":\"Speakers\",\"item\":\"https:\/\/www.spaininvestorsday.com\/en\/editions\/speakers\/\"},{\"@type\":\"ListItem\",\"position\":4,\"name\":\"Juan Mar\u00eda Nin\"}]},{\"@type\":\"WebSite\",\"@id\":\"https:\/\/www.spaininvestorsday.com\/#website\",\"url\":\"https:\/\/www.spaininvestorsday.com\/\",\"name\":\"Spain Investors Day\",\"description\":\"El foro profesional \u00fanico en Espa\u00f1a\",\"publisher\":{\"@id\":\"https:\/\/www.spaininvestorsday.com\/#organization\"},\"potentialAction\":[{\"@type\":\"SearchAction\",\"target\":{\"@type\":\"EntryPoint\",\"urlTemplate\":\"https:\/\/www.spaininvestorsday.com\/?s={search_term_string}\"},\"query-input\":{\"@type\":\"PropertyValueSpecification\",\"valueRequired\":true,\"valueName\":\"search_term_string\"}}],\"inLanguage\":\"en-US\"},{\"@type\":\"Organization\",\"@id\":\"https:\/\/www.spaininvestorsday.com\/#organization\",\"name\":\"Spain Investors Day\",\"url\":\"https:\/\/www.spaininvestorsday.com\/\",\"logo\":{\"@type\":\"ImageObject\",\"inLanguage\":\"en-US\",\"@id\":\"https:\/\/www.spaininvestorsday.com\/#\/schema\/logo\/image\/\",\"url\":\"https:\/\/www.spaininvestorsday.com\/wp-content\/uploads\/2021\/10\/SID-2021.svg\",\"contentUrl\":\"https:\/\/www.spaininvestorsday.com\/wp-content\/uploads\/2021\/10\/SID-2021.svg\",\"width\":199,\"height\":79,\"caption\":\"Spain Investors Day\"},\"image\":{\"@id\":\"https:\/\/www.spaininvestorsday.com\/#\/schema\/logo\/image\/\"}}]}<\/script>\n<!-- \/ Yoast SEO plugin. -->","yoast_head_json":{"title":"Juan Mar\u00eda Nin - Spain Investors Day","robots":{"index":"index","follow":"follow","max-snippet":"max-snippet:-1","max-image-preview":"max-image-preview:large","max-video-preview":"max-video-preview:-1"},"canonical":"https:\/\/www.spaininvestorsday.com\/ediciones\/spearkers\/juan-maria-nin\/","og_locale":"en_US","og_type":"article","og_title":"Juan Mar\u00eda Nin - Spain Investors Day","og_description":"Juan Mar\u00eda Nin President of ITP AERO and BAIN CAPITAL\u00b4s senior advisor\u00a0 JUAN MAR\u00cdA NIN G\u00c9NOVA, lawyer-economist from the University of Deusto and Master in Laws and Political Sciences from the London School of Economics, has first-hand knowledge of the world of business management, finance, energy and international economic policy. He maintains regular collaborations with&hellip; Continue reading Juan Mar\u00eda Nin","og_url":"https:\/\/www.spaininvestorsday.com\/ediciones\/spearkers\/juan-maria-nin\/","og_site_name":"Spain Investors Day","article_modified_time":"2026-01-15T11:50:30+00:00","og_image":[{"url":"https:\/\/www.spaininvestorsday.com\/wp-content\/uploads\/elementor\/thumbs\/juan-maria-nin-qhrlmohsylyfsnmliyp7qvxhl5h604s5osbxb3024w.jpg","type":"","width":"","height":""}],"twitter_card":"summary_large_image","twitter_misc":{"Est. reading time":"2 minutes"},"schema":{"@context":"https:\/\/schema.org","@graph":[{"@type":"WebPage","@id":"https:\/\/www.spaininvestorsday.com\/ediciones\/spearkers\/juan-maria-nin\/","url":"https:\/\/www.spaininvestorsday.com\/ediciones\/spearkers\/juan-maria-nin\/","name":"Juan Mar\u00eda Nin - Spain Investors Day","isPartOf":{"@id":"https:\/\/www.spaininvestorsday.com\/#website"},"primaryImageOfPage":{"@id":"https:\/\/www.spaininvestorsday.com\/ediciones\/spearkers\/juan-maria-nin\/#primaryimage"},"image":{"@id":"https:\/\/www.spaininvestorsday.com\/ediciones\/spearkers\/juan-maria-nin\/#primaryimage"},"thumbnailUrl":"https:\/\/www.spaininvestorsday.com\/wp-content\/uploads\/elementor\/thumbs\/juan-maria-nin-qhrlmohsylyfsnmliyp7qvxhl5h604s5osbxb3024w.jpg","datePublished":"2024-01-03T12:28:59+00:00","dateModified":"2026-01-15T11:50:30+00:00","breadcrumb":{"@id":"https:\/\/www.spaininvestorsday.com\/ediciones\/spearkers\/juan-maria-nin\/#breadcrumb"},"inLanguage":"en-US","potentialAction":[{"@type":"ReadAction","target":["https:\/\/www.spaininvestorsday.com\/ediciones\/spearkers\/juan-maria-nin\/"]}]},{"@type":"ImageObject","inLanguage":"en-US","@id":"https:\/\/www.spaininvestorsday.com\/ediciones\/spearkers\/juan-maria-nin\/#primaryimage","url":"https:\/\/www.spaininvestorsday.com\/wp-content\/uploads\/elementor\/thumbs\/juan-maria-nin-qhrlmohsylyfsnmliyp7qvxhl5h604s5osbxb3024w.jpg","contentUrl":"https:\/\/www.spaininvestorsday.com\/wp-content\/uploads\/elementor\/thumbs\/juan-maria-nin-qhrlmohsylyfsnmliyp7qvxhl5h604s5osbxb3024w.jpg"},{"@type":"BreadcrumbList","@id":"https:\/\/www.spaininvestorsday.com\/ediciones\/spearkers\/juan-maria-nin\/#breadcrumb","itemListElement":[{"@type":"ListItem","position":1,"name":"Portada","item":"https:\/\/www.spaininvestorsday.com\/"},{"@type":"ListItem","position":2,"name":"Editions","item":"https:\/\/www.spaininvestorsday.com\/en\/editions\/"},{"@type":"ListItem","position":3,"name":"Speakers","item":"https:\/\/www.spaininvestorsday.com\/en\/editions\/speakers\/"},{"@type":"ListItem","position":4,"name":"Juan Mar\u00eda Nin"}]},{"@type":"WebSite","@id":"https:\/\/www.spaininvestorsday.com\/#website","url":"https:\/\/www.spaininvestorsday.com\/","name":"Spain Investors Day","description":"El foro profesional \u00fanico en Espa\u00f1a","publisher":{"@id":"https:\/\/www.spaininvestorsday.com\/#organization"},"potentialAction":[{"@type":"SearchAction","target":{"@type":"EntryPoint","urlTemplate":"https:\/\/www.spaininvestorsday.com\/?s={search_term_string}"},"query-input":{"@type":"PropertyValueSpecification","valueRequired":true,"valueName":"search_term_string"}}],"inLanguage":"en-US"},{"@type":"Organization","@id":"https:\/\/www.spaininvestorsday.com\/#organization","name":"Spain Investors Day","url":"https:\/\/www.spaininvestorsday.com\/","logo":{"@type":"ImageObject","inLanguage":"en-US","@id":"https:\/\/www.spaininvestorsday.com\/#\/schema\/logo\/image\/","url":"https:\/\/www.spaininvestorsday.com\/wp-content\/uploads\/2021\/10\/SID-2021.svg","contentUrl":"https:\/\/www.spaininvestorsday.com\/wp-content\/uploads\/2021\/10\/SID-2021.svg","width":199,"height":79,"caption":"Spain Investors Day"},"image":{"@id":"https:\/\/www.spaininvestorsday.com\/#\/schema\/logo\/image\/"}}]}},"_links":{"self":[{"href":"https:\/\/www.spaininvestorsday.com\/en\/wp-json\/wp\/v2\/pages\/20560","targetHints":{"allow":["GET"]}}],"collection":[{"href":"https:\/\/www.spaininvestorsday.com\/en\/wp-json\/wp\/v2\/pages"}],"about":[{"href":"https:\/\/www.spaininvestorsday.com\/en\/wp-json\/wp\/v2\/types\/page"}],"author":[{"embeddable":true,"href":"https:\/\/www.spaininvestorsday.com\/en\/wp-json\/wp\/v2\/users\/11"}],"replies":[{"embeddable":true,"href":"https:\/\/www.spaininvestorsday.com\/en\/wp-json\/wp\/v2\/comments?post=20560"}],"version-history":[{"count":8,"href":"https:\/\/www.spaininvestorsday.com\/en\/wp-json\/wp\/v2\/pages\/20560\/revisions"}],"predecessor-version":[{"id":25328,"href":"https:\/\/www.spaininvestorsday.com\/en\/wp-json\/wp\/v2\/pages\/20560\/revisions\/25328"}],"up":[{"embeddable":true,"href":"https:\/\/www.spaininvestorsday.com\/en\/wp-json\/wp\/v2\/pages\/8627"}],"wp:attachment":[{"href":"https:\/\/www.spaininvestorsday.com\/en\/wp-json\/wp\/v2\/media?parent=20560"}],"curies":[{"name":"wp","href":"https:\/\/api.w.org\/{rel}","templated":true}]}}