{"id":20407,"date":"2024-01-03T10:18:48","date_gmt":"2024-01-03T10:18:48","guid":{"rendered":"https:\/\/www.spaininvestorsday.com\/?page_id=20407"},"modified":"2024-01-03T10:21:22","modified_gmt":"2024-01-03T10:21:22","slug":"jose-luis-escriva","status":"publish","type":"page","link":"https:\/\/www.spaininvestorsday.com\/en\/editions\/speakers\/jose-luis-escriva\/","title":{"rendered":"Jos\u00e9 Luis Ecriv\u00e1"},"content":{"rendered":"\t\t<div data-elementor-type=\"wp-page\" data-elementor-id=\"20407\" class=\"elementor elementor-20407 elementor-20406\" data-elementor-post-type=\"page\">\n\t\t\t\t\t\t<section class=\"elementor-section elementor-top-section elementor-element elementor-element-15a05b3e elementor-section-boxed elementor-section-height-default elementor-section-height-default\" data-id=\"15a05b3e\" data-element_type=\"section\" data-settings=\"{&quot;background_background&quot;:&quot;classic&quot;}\">\n\t\t\t\t\t\t<div class=\"elementor-container elementor-column-gap-default\">\n\t\t\t\t\t<div class=\"elementor-column elementor-col-33 elementor-top-column elementor-element elementor-element-74492401\" data-id=\"74492401\" data-element_type=\"column\">\n\t\t\t<div class=\"elementor-widget-wrap\">\n\t\t\t\t\t\t\t<\/div>\n\t\t<\/div>\n\t\t\t\t<div class=\"elementor-column elementor-col-66 elementor-top-column elementor-element elementor-element-306bd958\" data-id=\"306bd958\" data-element_type=\"column\">\n\t\t\t<div class=\"elementor-widget-wrap elementor-element-populated\">\n\t\t\t\t\t\t<div class=\"elementor-element elementor-element-668b1fa elementor-widget elementor-widget-text-editor\" data-id=\"668b1fa\" data-element_type=\"widget\" data-widget_type=\"text-editor.default\">\n\t\t\t\t<div class=\"elementor-widget-container\">\n\t\t\t\t\t\t\t\t\t<p>Jos\u00e9 Luis Escriv\u00e1<\/p>\t\t\t\t\t\t\t\t<\/div>\n\t\t\t\t<\/div>\n\t\t\t\t\t<\/div>\n\t\t<\/div>\n\t\t\t\t\t<\/div>\n\t\t<\/section>\n\t\t\t\t<section class=\"elementor-section elementor-top-section elementor-element elementor-element-3729ed05 elementor-section-boxed elementor-section-height-default elementor-section-height-default\" data-id=\"3729ed05\" data-element_type=\"section\">\n\t\t\t\t\t\t<div class=\"elementor-container elementor-column-gap-default\">\n\t\t\t\t\t<div class=\"elementor-column elementor-col-33 elementor-top-column elementor-element elementor-element-6b3bb2bc\" data-id=\"6b3bb2bc\" data-element_type=\"column\">\n\t\t\t<div class=\"elementor-widget-wrap elementor-element-populated\">\n\t\t\t\t\t\t<div class=\"elementor-element elementor-element-40412d5a elementor-absolute elementor-hidden-mobile elementor-widget elementor-widget-image\" data-id=\"40412d5a\" data-element_type=\"widget\" data-settings=\"{&quot;_position&quot;:&quot;absolute&quot;}\" data-widget_type=\"image.default\">\n\t\t\t\t<div class=\"elementor-widget-container\">\n\t\t\t\t\t\t\t\t\t\t\t\t\t\t\t<img decoding=\"async\" src=\"https:\/\/www.spaininvestorsday.com\/wp-content\/uploads\/elementor\/thumbs\/jose-luis-escriva-770-qhrfz3m6rd9r91c7agr37rchvuw9w3l0p5r2gmunrk.jpg\" title=\"jose-luis-escriva-770\" alt=\"jose-luis-escriva-770\" loading=\"lazy\" \/>\t\t\t\t\t\t\t\t\t\t\t\t\t\t\t<\/div>\n\t\t\t\t<\/div>\n\t\t\t\t<div class=\"elementor-element elementor-element-71a69102 elementor-hidden-desktop elementor-hidden-tablet elementor-widget elementor-widget-image\" data-id=\"71a69102\" data-element_type=\"widget\" data-widget_type=\"image.default\">\n\t\t\t\t<div class=\"elementor-widget-container\">\n\t\t\t\t\t\t\t\t\t\t\t\t\t\t\t<img decoding=\"async\" src=\"https:\/\/www.spaininvestorsday.com\/wp-content\/uploads\/elementor\/thumbs\/adolfo-calvino-e1673340970895-q0g6p2ee7xbjk9pkg0zf55c83ikfz8p7ha9p7g0low.jpg\" title=\"adolfo calvi\u00f1o\" alt=\"adolfo calvi\u00f1o\" loading=\"lazy\" \/>\t\t\t\t\t\t\t\t\t\t\t\t\t\t\t<\/div>\n\t\t\t\t<\/div>\n\t\t\t\t\t<\/div>\n\t\t<\/div>\n\t\t\t\t<div class=\"elementor-column elementor-col-66 elementor-top-column elementor-element elementor-element-5c39662a\" data-id=\"5c39662a\" data-element_type=\"column\">\n\t\t\t<div class=\"elementor-widget-wrap elementor-element-populated\">\n\t\t\t\t\t\t<div class=\"elementor-element elementor-element-72bf71 elementor-widget elementor-widget-text-editor\" data-id=\"72bf71\" data-element_type=\"widget\" data-widget_type=\"text-editor.default\">\n\t\t\t\t<div class=\"elementor-widget-container\">\n\t\t\t\t\t\t\t\t\t<h3><span class=\"TextRun SCXW61731935 BCX9\" lang=\"EN-GB\" xml:lang=\"EN-GB\" data-contrast=\"auto\"><span class=\"NormalTextRun SpellingErrorV2Themed SCXW61731935 BCX9\"><span class=\"TextRun Highlight SCXW125794852 BCX8\" lang=\"ES-ES\" xml:lang=\"ES-ES\" data-contrast=\"auto\"><span class=\"NormalTextRun SCXW125794852 BCX8\">MINISTER OF DIGITAL TRANSFORMATION AND CIVIL SERVICE<\/span><\/span><span class=\"EOP SCXW125794852 BCX8\" data-ccp-props=\"{&quot;201341983&quot;:0,&quot;335551550&quot;:6,&quot;335551620&quot;:6,&quot;335559739&quot;:160,&quot;335559740&quot;:259}\">\u00a0<\/span><\/span><\/span><\/h3><p><span class=\"TextRun SCXW57922607 BCX8\" lang=\"ES-ES\" xml:lang=\"ES-ES\" data-contrast=\"auto\"><span class=\"NormalTextRun SCXW57922607 BCX8\">Jos\u00e9 Luis Escriv\u00e1 <\/span><span class=\"NormalTextRun SpellingErrorV2Themed SCXW57922607 BCX8\">began<\/span> <span class=\"NormalTextRun SpellingErrorV2Themed SCXW57922607 BCX8\">his<\/span> <span class=\"NormalTextRun SpellingErrorV2Themed SCXW57922607 BCX8\">professional<\/span> <span class=\"NormalTextRun SpellingErrorV2Themed SCXW57922607 BCX8\">career<\/span><span class=\"NormalTextRun SCXW57922607 BCX8\"> at <\/span><span class=\"NormalTextRun SpellingErrorV2Themed SCXW57922607 BCX8\">the<\/span><span class=\"NormalTextRun SCXW57922607 BCX8\"> Bank <\/span><span class=\"NormalTextRun SpellingErrorV2Themed SCXW57922607 BCX8\">of<\/span> <span class=\"NormalTextRun SpellingErrorV2Themed SCXW57922607 BCX8\">Spain<\/span><span class=\"NormalTextRun SCXW57922607 BCX8\">, <\/span><span class=\"NormalTextRun SpellingErrorV2Themed SCXW57922607 BCX8\">where<\/span><span class=\"NormalTextRun SCXW57922607 BCX8\"> he <\/span><span class=\"NormalTextRun SpellingErrorV2Themed SCXW57922607 BCX8\">held<\/span> <span class=\"NormalTextRun SpellingErrorV2Themed SCXW57922607 BCX8\">various<\/span><span class=\"NormalTextRun SCXW57922607 BCX8\"> positions in <\/span><span class=\"NormalTextRun SpellingErrorV2Themed SCXW57922607 BCX8\">the<\/span> <span class=\"NormalTextRun SpellingErrorV2Themed SCXW57922607 BCX8\">Research<\/span> <span class=\"NormalTextRun SpellingErrorV2Themed SCXW57922607 BCX8\">Department<\/span><span class=\"NormalTextRun SCXW57922607 BCX8\">. He <\/span><span class=\"NormalTextRun SpellingErrorV2Themed SCXW57922607 BCX8\">then<\/span> <span class=\"NormalTextRun SpellingErrorV2Themed SCXW57922607 BCX8\">made<\/span> <span class=\"NormalTextRun SpellingErrorV2Themed SCXW57922607 BCX8\">the<\/span> <span class=\"NormalTextRun SpellingErrorV2Themed SCXW57922607 BCX8\">leap<\/span> <span class=\"NormalTextRun SpellingErrorV2Themed SCXW57922607 BCX8\">to<\/span> <span class=\"NormalTextRun SpellingErrorV2Themed SCXW57922607 BCX8\">Europe<\/span><span class=\"NormalTextRun SCXW57922607 BCX8\">, <\/span><span class=\"NormalTextRun SpellingErrorV2Themed SCXW57922607 BCX8\">where<\/span><span class=\"NormalTextRun SCXW57922607 BCX8\"> he <\/span><span class=\"NormalTextRun SpellingErrorV2Themed SCXW57922607 BCX8\">participated<\/span><span class=\"NormalTextRun SCXW57922607 BCX8\"> in <\/span><span class=\"NormalTextRun SpellingErrorV2Themed SCXW57922607 BCX8\">the<\/span> <span class=\"NormalTextRun SpellingErrorV2Themed SCXW57922607 BCX8\">monetary<\/span> <span class=\"NormalTextRun SpellingErrorV2Themed SCXW57922607 BCX8\">integration<\/span> <span class=\"NormalTextRun SpellingErrorV2Themed SCXW57922607 BCX8\">process<\/span> <span class=\"NormalTextRun SpellingErrorV2Themed SCXW57922607 BCX8\">since<\/span><span class=\"NormalTextRun SCXW57922607 BCX8\"> 1993 as <\/span><span class=\"NormalTextRun SpellingErrorV2Themed SCXW57922607 BCX8\">an<\/span> <span class=\"NormalTextRun SpellingErrorV2Themed SCXW57922607 BCX8\">advisor<\/span> <span class=\"NormalTextRun SpellingErrorV2Themed SCXW57922607 BCX8\">to<\/span> <span class=\"NormalTextRun SpellingErrorV2Themed SCXW57922607 BCX8\">the<\/span> <span class=\"NormalTextRun SpellingErrorV2Themed SCXW57922607 BCX8\">European<\/span> <span class=\"NormalTextRun SpellingErrorV2Themed SCXW57922607 BCX8\">Monetary<\/span> <span class=\"NormalTextRun SpellingErrorV2Themed SCXW57922607 BCX8\">Institute<\/span><span class=\"NormalTextRun SCXW57922607 BCX8\">. After holding <\/span><span class=\"NormalTextRun SpellingErrorV2Themed SCXW57922607 BCX8\">various<\/span><span class=\"NormalTextRun SCXW57922607 BCX8\"> positions in <\/span><span class=\"NormalTextRun SpellingErrorV2Themed SCXW57922607 BCX8\">the<\/span><span class=\"NormalTextRun SCXW57922607 BCX8\"> BBVA <\/span><span class=\"NormalTextRun SpellingErrorV2Themed SCXW57922607 BCX8\">Group<\/span><span class=\"NormalTextRun SCXW57922607 BCX8\"> and <\/span><span class=\"NormalTextRun SpellingErrorV2Themed SCXW57922607 BCX8\">chairing<\/span> <span class=\"NormalTextRun SpellingErrorV2Themed SCXW57922607 BCX8\">the<\/span> <span class=\"NormalTextRun SpellingErrorV2Themed SCXW57922607 BCX8\">Independent<\/span> <span class=\"NormalTextRun SpellingErrorV2Themed SCXW57922607 BCX8\">Authority<\/span> <span class=\"NormalTextRun SpellingErrorV2Themed SCXW57922607 BCX8\">for<\/span><span class=\"NormalTextRun SCXW57922607 BCX8\"> Fiscal <\/span><span class=\"NormalTextRun SpellingErrorV2Themed SCXW57922607 BCX8\">Responsibility<\/span><span class=\"NormalTextRun SCXW57922607 BCX8\">, <\/span><span class=\"NormalTextRun SpellingErrorV2Themed SCXW57922607 BCX8\">among<\/span> <span class=\"NormalTextRun SpellingErrorV2Themed SCXW57922607 BCX8\">many<\/span> <span class=\"NormalTextRun SpellingErrorV2Themed SCXW57922607 BCX8\">other<\/span><span class=\"NormalTextRun SCXW57922607 BCX8\"> posts, Jos\u00e9 Luis Escriv\u00e1 <\/span><span class=\"NormalTextRun SpellingErrorV2Themed SCXW57922607 BCX8\">began<\/span> <span class=\"NormalTextRun SpellingErrorV2Themed SCXW57922607 BCX8\">his<\/span> <span class=\"NormalTextRun SpellingErrorV2Themed SCXW57922607 BCX8\">career<\/span><span class=\"NormalTextRun SCXW57922607 BCX8\"> in <\/span><span class=\"NormalTextRun SpellingErrorV2Themed SCXW57922607 BCX8\">the<\/span> <span class=\"NormalTextRun SpellingErrorV2Themed SCXW57922607 BCX8\">political<\/span> <span class=\"NormalTextRun SpellingErrorV2Themed SCXW57922607 BCX8\">sphere<\/span> <span class=\"NormalTextRun SpellingErrorV2Themed SCXW57922607 BCX8\">with<\/span> <span class=\"NormalTextRun SpellingErrorV2Themed SCXW57922607 BCX8\">his<\/span><span class=\"NormalTextRun SCXW57922607 BCX8\"> post as <\/span><span class=\"NormalTextRun SpellingErrorV2Themed SCXW57922607 BCX8\">Minister<\/span><span class=\"NormalTextRun SCXW57922607 BCX8\">.<\/span><\/span><span class=\"EOP SCXW57922607 BCX8\" data-ccp-props=\"{&quot;201341983&quot;:0,&quot;335551550&quot;:6,&quot;335551620&quot;:6,&quot;335559739&quot;:160,&quot;335559740&quot;:259}\">\u00a0<\/span><\/p>\t\t\t\t\t\t\t\t<\/div>\n\t\t\t\t<\/div>\n\t\t\t\t\t<\/div>\n\t\t<\/div>\n\t\t\t\t\t<\/div>\n\t\t<\/section>\n\t\t\t\t<\/div>\n\t\t","protected":false},"excerpt":{"rendered":"<p>Jos\u00e9 Luis Escriv\u00e1 MINISTER OF DIGITAL TRANSFORMATION AND CIVIL SERVICE Jos\u00e9 Luis Escriv\u00e1 began his professional career at the Bank of Spain, where he held various positions in the Research Department. He then made the leap to Europe, where he participated in the monetary integration process since 1993 as an advisor to the European Monetary&hellip; <a class=\"more-link\" href=\"https:\/\/www.spaininvestorsday.com\/en\/editions\/speakers\/jose-luis-escriva\/\">Continue reading <span class=\"screen-reader-text\">Jos\u00e9 Luis Ecriv\u00e1<\/span><\/a><\/p>\n","protected":false},"author":11,"featured_media":0,"parent":8627,"menu_order":0,"comment_status":"closed","ping_status":"closed","template":"elementor_header_footer","meta":{"inline_featured_image":false,"footnotes":""},"class_list":["post-20407","page","type-page","status-publish","hentry","entry"],"yoast_head":"<!-- This site is optimized with the Yoast SEO plugin v26.6 - https:\/\/yoast.com\/wordpress\/plugins\/seo\/ -->\n<title>Jos\u00e9 Luis Ecriv\u00e1 - Spain Investors Day<\/title>\n<meta name=\"robots\" content=\"index, follow, max-snippet:-1, max-image-preview:large, max-video-preview:-1\" \/>\n<link rel=\"canonical\" href=\"https:\/\/www.spaininvestorsday.com\/en\/editions\/speakers\/jose-luis-escriva\/\" \/>\n<meta property=\"og:locale\" content=\"en_US\" \/>\n<meta property=\"og:type\" content=\"article\" \/>\n<meta property=\"og:title\" content=\"Jos\u00e9 Luis Ecriv\u00e1 - Spain Investors Day\" \/>\n<meta property=\"og:description\" content=\"Jos\u00e9 Luis Escriv\u00e1 MINISTER OF DIGITAL TRANSFORMATION AND CIVIL SERVICE Jos\u00e9 Luis Escriv\u00e1 began his professional career at the Bank of Spain, where he held various positions in the Research Department. He then made the leap to Europe, where he participated in the monetary integration process since 1993 as an advisor to the European Monetary&hellip; Continue reading Jos\u00e9 Luis Ecriv\u00e1\" \/>\n<meta property=\"og:url\" content=\"https:\/\/www.spaininvestorsday.com\/en\/editions\/speakers\/jose-luis-escriva\/\" \/>\n<meta property=\"og:site_name\" content=\"Spain Investors Day\" \/>\n<meta property=\"article:modified_time\" content=\"2024-01-03T10:21:22+00:00\" \/>\n<meta property=\"og:image\" content=\"https:\/\/www.spaininvestorsday.com\/wp-content\/uploads\/elementor\/thumbs\/jose-luis-escriva-770-qhrfz3m6rd9r91c7agr37rchvuw9w3l0p5r2gmunrk.jpg\" \/>\n<meta name=\"twitter:card\" content=\"summary_large_image\" \/>\n<meta name=\"twitter:label1\" content=\"Est. reading time\" \/>\n\t<meta name=\"twitter:data1\" content=\"1 minute\" \/>\n<script type=\"application\/ld+json\" class=\"yoast-schema-graph\">{\"@context\":\"https:\/\/schema.org\",\"@graph\":[{\"@type\":\"WebPage\",\"@id\":\"https:\/\/www.spaininvestorsday.com\/en\/editions\/speakers\/jose-luis-escriva\/\",\"url\":\"https:\/\/www.spaininvestorsday.com\/en\/editions\/speakers\/jose-luis-escriva\/\",\"name\":\"Jos\u00e9 Luis Ecriv\u00e1 - Spain Investors Day\",\"isPartOf\":{\"@id\":\"https:\/\/www.spaininvestorsday.com\/#website\"},\"primaryImageOfPage\":{\"@id\":\"https:\/\/www.spaininvestorsday.com\/en\/editions\/speakers\/jose-luis-escriva\/#primaryimage\"},\"image\":{\"@id\":\"https:\/\/www.spaininvestorsday.com\/en\/editions\/speakers\/jose-luis-escriva\/#primaryimage\"},\"thumbnailUrl\":\"https:\/\/www.spaininvestorsday.com\/wp-content\/uploads\/elementor\/thumbs\/jose-luis-escriva-770-qhrfz3m6rd9r91c7agr37rchvuw9w3l0p5r2gmunrk.jpg\",\"datePublished\":\"2024-01-03T10:18:48+00:00\",\"dateModified\":\"2024-01-03T10:21:22+00:00\",\"breadcrumb\":{\"@id\":\"https:\/\/www.spaininvestorsday.com\/en\/editions\/speakers\/jose-luis-escriva\/#breadcrumb\"},\"inLanguage\":\"en-US\",\"potentialAction\":[{\"@type\":\"ReadAction\",\"target\":[\"https:\/\/www.spaininvestorsday.com\/en\/editions\/speakers\/jose-luis-escriva\/\"]}]},{\"@type\":\"ImageObject\",\"inLanguage\":\"en-US\",\"@id\":\"https:\/\/www.spaininvestorsday.com\/en\/editions\/speakers\/jose-luis-escriva\/#primaryimage\",\"url\":\"https:\/\/www.spaininvestorsday.com\/wp-content\/uploads\/elementor\/thumbs\/jose-luis-escriva-770-qhrfz3m6rd9r91c7agr37rchvuw9w3l0p5r2gmunrk.jpg\",\"contentUrl\":\"https:\/\/www.spaininvestorsday.com\/wp-content\/uploads\/elementor\/thumbs\/jose-luis-escriva-770-qhrfz3m6rd9r91c7agr37rchvuw9w3l0p5r2gmunrk.jpg\"},{\"@type\":\"BreadcrumbList\",\"@id\":\"https:\/\/www.spaininvestorsday.com\/en\/editions\/speakers\/jose-luis-escriva\/#breadcrumb\",\"itemListElement\":[{\"@type\":\"ListItem\",\"position\":1,\"name\":\"Portada\",\"item\":\"https:\/\/www.spaininvestorsday.com\/\"},{\"@type\":\"ListItem\",\"position\":2,\"name\":\"Editions\",\"item\":\"https:\/\/www.spaininvestorsday.com\/en\/editions\/\"},{\"@type\":\"ListItem\",\"position\":3,\"name\":\"Speakers\",\"item\":\"https:\/\/www.spaininvestorsday.com\/en\/editions\/speakers\/\"},{\"@type\":\"ListItem\",\"position\":4,\"name\":\"Jos\u00e9 Luis Ecriv\u00e1\"}]},{\"@type\":\"WebSite\",\"@id\":\"https:\/\/www.spaininvestorsday.com\/#website\",\"url\":\"https:\/\/www.spaininvestorsday.com\/\",\"name\":\"Spain Investors Day\",\"description\":\"El foro profesional \u00fanico en Espa\u00f1a\",\"publisher\":{\"@id\":\"https:\/\/www.spaininvestorsday.com\/#organization\"},\"potentialAction\":[{\"@type\":\"SearchAction\",\"target\":{\"@type\":\"EntryPoint\",\"urlTemplate\":\"https:\/\/www.spaininvestorsday.com\/?s={search_term_string}\"},\"query-input\":{\"@type\":\"PropertyValueSpecification\",\"valueRequired\":true,\"valueName\":\"search_term_string\"}}],\"inLanguage\":\"en-US\"},{\"@type\":\"Organization\",\"@id\":\"https:\/\/www.spaininvestorsday.com\/#organization\",\"name\":\"Spain Investors Day\",\"url\":\"https:\/\/www.spaininvestorsday.com\/\",\"logo\":{\"@type\":\"ImageObject\",\"inLanguage\":\"en-US\",\"@id\":\"https:\/\/www.spaininvestorsday.com\/#\/schema\/logo\/image\/\",\"url\":\"https:\/\/www.spaininvestorsday.com\/wp-content\/uploads\/2021\/10\/SID-2021.svg\",\"contentUrl\":\"https:\/\/www.spaininvestorsday.com\/wp-content\/uploads\/2021\/10\/SID-2021.svg\",\"width\":199,\"height\":79,\"caption\":\"Spain Investors Day\"},\"image\":{\"@id\":\"https:\/\/www.spaininvestorsday.com\/#\/schema\/logo\/image\/\"}}]}<\/script>\n<!-- \/ Yoast SEO plugin. -->","yoast_head_json":{"title":"Jos\u00e9 Luis Ecriv\u00e1 - Spain Investors Day","robots":{"index":"index","follow":"follow","max-snippet":"max-snippet:-1","max-image-preview":"max-image-preview:large","max-video-preview":"max-video-preview:-1"},"canonical":"https:\/\/www.spaininvestorsday.com\/en\/editions\/speakers\/jose-luis-escriva\/","og_locale":"en_US","og_type":"article","og_title":"Jos\u00e9 Luis Ecriv\u00e1 - Spain Investors Day","og_description":"Jos\u00e9 Luis Escriv\u00e1 MINISTER OF DIGITAL TRANSFORMATION AND CIVIL SERVICE Jos\u00e9 Luis Escriv\u00e1 began his professional career at the Bank of Spain, where he held various positions in the Research Department. He then made the leap to Europe, where he participated in the monetary integration process since 1993 as an advisor to the European Monetary&hellip; Continue reading Jos\u00e9 Luis Ecriv\u00e1","og_url":"https:\/\/www.spaininvestorsday.com\/en\/editions\/speakers\/jose-luis-escriva\/","og_site_name":"Spain Investors Day","article_modified_time":"2024-01-03T10:21:22+00:00","og_image":[{"url":"https:\/\/www.spaininvestorsday.com\/wp-content\/uploads\/elementor\/thumbs\/jose-luis-escriva-770-qhrfz3m6rd9r91c7agr37rchvuw9w3l0p5r2gmunrk.jpg","type":"","width":"","height":""}],"twitter_card":"summary_large_image","twitter_misc":{"Est. reading time":"1 minute"},"schema":{"@context":"https:\/\/schema.org","@graph":[{"@type":"WebPage","@id":"https:\/\/www.spaininvestorsday.com\/en\/editions\/speakers\/jose-luis-escriva\/","url":"https:\/\/www.spaininvestorsday.com\/en\/editions\/speakers\/jose-luis-escriva\/","name":"Jos\u00e9 Luis Ecriv\u00e1 - Spain Investors Day","isPartOf":{"@id":"https:\/\/www.spaininvestorsday.com\/#website"},"primaryImageOfPage":{"@id":"https:\/\/www.spaininvestorsday.com\/en\/editions\/speakers\/jose-luis-escriva\/#primaryimage"},"image":{"@id":"https:\/\/www.spaininvestorsday.com\/en\/editions\/speakers\/jose-luis-escriva\/#primaryimage"},"thumbnailUrl":"https:\/\/www.spaininvestorsday.com\/wp-content\/uploads\/elementor\/thumbs\/jose-luis-escriva-770-qhrfz3m6rd9r91c7agr37rchvuw9w3l0p5r2gmunrk.jpg","datePublished":"2024-01-03T10:18:48+00:00","dateModified":"2024-01-03T10:21:22+00:00","breadcrumb":{"@id":"https:\/\/www.spaininvestorsday.com\/en\/editions\/speakers\/jose-luis-escriva\/#breadcrumb"},"inLanguage":"en-US","potentialAction":[{"@type":"ReadAction","target":["https:\/\/www.spaininvestorsday.com\/en\/editions\/speakers\/jose-luis-escriva\/"]}]},{"@type":"ImageObject","inLanguage":"en-US","@id":"https:\/\/www.spaininvestorsday.com\/en\/editions\/speakers\/jose-luis-escriva\/#primaryimage","url":"https:\/\/www.spaininvestorsday.com\/wp-content\/uploads\/elementor\/thumbs\/jose-luis-escriva-770-qhrfz3m6rd9r91c7agr37rchvuw9w3l0p5r2gmunrk.jpg","contentUrl":"https:\/\/www.spaininvestorsday.com\/wp-content\/uploads\/elementor\/thumbs\/jose-luis-escriva-770-qhrfz3m6rd9r91c7agr37rchvuw9w3l0p5r2gmunrk.jpg"},{"@type":"BreadcrumbList","@id":"https:\/\/www.spaininvestorsday.com\/en\/editions\/speakers\/jose-luis-escriva\/#breadcrumb","itemListElement":[{"@type":"ListItem","position":1,"name":"Portada","item":"https:\/\/www.spaininvestorsday.com\/"},{"@type":"ListItem","position":2,"name":"Editions","item":"https:\/\/www.spaininvestorsday.com\/en\/editions\/"},{"@type":"ListItem","position":3,"name":"Speakers","item":"https:\/\/www.spaininvestorsday.com\/en\/editions\/speakers\/"},{"@type":"ListItem","position":4,"name":"Jos\u00e9 Luis Ecriv\u00e1"}]},{"@type":"WebSite","@id":"https:\/\/www.spaininvestorsday.com\/#website","url":"https:\/\/www.spaininvestorsday.com\/","name":"Spain Investors Day","description":"El foro profesional \u00fanico en Espa\u00f1a","publisher":{"@id":"https:\/\/www.spaininvestorsday.com\/#organization"},"potentialAction":[{"@type":"SearchAction","target":{"@type":"EntryPoint","urlTemplate":"https:\/\/www.spaininvestorsday.com\/?s={search_term_string}"},"query-input":{"@type":"PropertyValueSpecification","valueRequired":true,"valueName":"search_term_string"}}],"inLanguage":"en-US"},{"@type":"Organization","@id":"https:\/\/www.spaininvestorsday.com\/#organization","name":"Spain Investors Day","url":"https:\/\/www.spaininvestorsday.com\/","logo":{"@type":"ImageObject","inLanguage":"en-US","@id":"https:\/\/www.spaininvestorsday.com\/#\/schema\/logo\/image\/","url":"https:\/\/www.spaininvestorsday.com\/wp-content\/uploads\/2021\/10\/SID-2021.svg","contentUrl":"https:\/\/www.spaininvestorsday.com\/wp-content\/uploads\/2021\/10\/SID-2021.svg","width":199,"height":79,"caption":"Spain Investors Day"},"image":{"@id":"https:\/\/www.spaininvestorsday.com\/#\/schema\/logo\/image\/"}}]}},"_links":{"self":[{"href":"https:\/\/www.spaininvestorsday.com\/en\/wp-json\/wp\/v2\/pages\/20407","targetHints":{"allow":["GET"]}}],"collection":[{"href":"https:\/\/www.spaininvestorsday.com\/en\/wp-json\/wp\/v2\/pages"}],"about":[{"href":"https:\/\/www.spaininvestorsday.com\/en\/wp-json\/wp\/v2\/types\/page"}],"author":[{"embeddable":true,"href":"https:\/\/www.spaininvestorsday.com\/en\/wp-json\/wp\/v2\/users\/11"}],"replies":[{"embeddable":true,"href":"https:\/\/www.spaininvestorsday.com\/en\/wp-json\/wp\/v2\/comments?post=20407"}],"version-history":[{"count":8,"href":"https:\/\/www.spaininvestorsday.com\/en\/wp-json\/wp\/v2\/pages\/20407\/revisions"}],"predecessor-version":[{"id":20422,"href":"https:\/\/www.spaininvestorsday.com\/en\/wp-json\/wp\/v2\/pages\/20407\/revisions\/20422"}],"up":[{"embeddable":true,"href":"https:\/\/www.spaininvestorsday.com\/en\/wp-json\/wp\/v2\/pages\/8627"}],"wp:attachment":[{"href":"https:\/\/www.spaininvestorsday.com\/en\/wp-json\/wp\/v2\/media?parent=20407"}],"curies":[{"name":"wp","href":"https:\/\/api.w.org\/{rel}","templated":true}]}}